{"id":21345,"date":"2025-07-31T16:26:22","date_gmt":"2025-07-31T14:26:22","guid":{"rendered":"https:\/\/proteawines.ch\/shop\/clos-dagon-tinto\/"},"modified":"2025-08-01T10:47:43","modified_gmt":"2025-08-01T08:47:43","slug":"clos-dagon-tinto","status":"publish","type":"product","link":"https:\/\/proteawines.ch\/fr\/shop\/clos-dagon-tinto\/","title":{"rendered":"Clos d&#8217;Agon Tinto"},"content":{"rendered":"<p>Grande intensit\u00e9 et vivacit\u00e9. Tr\u00e8s complexe et \u00e9volutif.<br \/>\nFruits rouges et noirs tr\u00e8s m\u00fbrs, notes grill\u00e9es, fenouil et autres notes balsamiques, \u00e9pices, min\u00e9raux et herbes m\u00e9diterran\u00e9ennes. Avec le temps, ces notes \u00e9voluent vers des notes compot\u00e9es, de fines notes grill\u00e9es, de chocolat, de caf\u00e9 et de tabac, tout en conservant une profondeur aromatique fra\u00eeche rappelant les vins plus jeunes. Tanins francs et tr\u00e8s bonne acidit\u00e9.<br \/>\nIl \u00e9volue vers des vins tr\u00e8s ronds, fins et \u00e9l\u00e9gants, avec des notes de fruits m\u00fbrs tr\u00e8s savoureux, des notes grill\u00e9es bien polies et l\u00e9g\u00e8rement cr\u00e9meuses, et des tanins menthol\u00e9s ronds et doux. Un vin tr\u00e8s long et \u00e9quilibr\u00e9.<\/p>\n<p>Cabernet Franc, Syrah, Petit Verdot, Cabernet Sauvignon<\/p>\n","protected":false},"excerpt":{"rendered":"<p>Grande intensit\u00e9 et vivacit\u00e9. Tr\u00e8s complexe et \u00e9volutif. Fruits rouges et noirs tr\u00e8s m\u00fbrs, notes grill\u00e9es, fenouil et autres notes balsamiques, \u00e9pices, min\u00e9raux et herbes m\u00e9diterran\u00e9ennes. Avec le temps, ces notes \u00e9voluent vers des notes compot\u00e9es, de fines notes grill\u00e9es, de chocolat, de caf\u00e9 et de tabac, tout en conservant une profondeur aromatique fra\u00eeche rappelant [&hellip;]<\/p>\n","protected":false},"featured_media":21335,"template":"","meta":{"_uag_custom_page_level_css":"","site-sidebar-layout":"default","site-content-layout":"","ast-site-content-layout":"default","site-content-style":"default","site-sidebar-style":"default","ast-global-header-display":"","ast-banner-title-visibility":"","ast-main-header-display":"","ast-hfb-above-header-display":"","ast-hfb-below-header-display":"","ast-hfb-mobile-header-display":"","site-post-title":"","ast-breadcrumbs-content":"","ast-featured-img":"","footer-sml-layout":"","theme-transparent-header-meta":"default","adv-header-id-meta":"","stick-header-meta":"default","header-above-stick-meta":"","header-main-stick-meta":"","header-below-stick-meta":"","astra-migrate-meta-layouts":"default","ast-page-background-enabled":"default","ast-page-background-meta":{"desktop":{"background-color":"","background-image":"","background-repeat":"repeat","background-position":"center center","background-size":"auto","background-attachment":"scroll","background-type":"","background-media":"","overlay-type":"","overlay-color":"","overlay-opacity":"","overlay-gradient":""},"tablet":{"background-color":"","background-image":"","background-repeat":"repeat","background-position":"center center","background-size":"auto","background-attachment":"scroll","background-type":"","background-media":"","overlay-type":"","overlay-color":"","overlay-opacity":"","overlay-gradient":""},"mobile":{"background-color":"","background-image":"","background-repeat":"repeat","background-position":"center center","background-size":"auto","background-attachment":"scroll","background-type":"","background-media":"","overlay-type":"","overlay-color":"","overlay-opacity":"","overlay-gradient":""}},"ast-content-background-meta":{"desktop":{"background-color":"var(--ast-global-color-5)","background-image":"","background-repeat":"repeat","background-position":"center center","background-size":"auto","background-attachment":"scroll","background-type":"","background-media":"","overlay-type":"","overlay-color":"","overlay-opacity":"","overlay-gradient":""},"tablet":{"background-color":"var(--ast-global-color-5)","background-image":"","background-repeat":"repeat","background-position":"center center","background-size":"auto","background-attachment":"scroll","background-type":"","background-media":"","overlay-type":"","overlay-color":"","overlay-opacity":"","overlay-gradient":""},"mobile":{"background-color":"var(--ast-global-color-5)","background-image":"","background-repeat":"repeat","background-position":"center center","background-size":"auto","background-attachment":"scroll","background-type":"","background-media":"","overlay-type":"","overlay-color":"","overlay-opacity":"","overlay-gradient":""}}},"product_brand":[],"product_cat":[56],"product_tag":[995],"class_list":{"0":"post-21345","1":"product","2":"type-product","3":"status-publish","4":"has-post-thumbnail","6":"product_cat-vin-rouge","7":"product_tag-espagne","8":"desktop-align-center","9":"tablet-align-center","10":"mobile-align-center","11":"ast-product-gallery-layout-horizontal-slider","12":"ast-product-gallery-with-no-image","13":"ast-product-single-variable","14":"ast-product-tabs-layout-vertical","16":"first","17":"instock","18":"shipping-taxable","19":"purchasable","20":"product-type-variable"},"yoast_head":"<!-- This site is optimized with the Yoast SEO Premium plugin v25.6 (Yoast SEO v25.6) - https:\/\/yoast.com\/wordpress\/plugins\/seo\/ -->\n<title>Clos d&#039;Agon Tinto - Protea Wines<\/title>\n<meta name=\"robots\" content=\"index, follow, max-snippet:-1, max-image-preview:large, max-video-preview:-1\" \/>\n<link rel=\"canonical\" href=\"https:\/\/proteawines.ch\/fr\/shop\/clos-dagon-tinto\/\" \/>\n<meta property=\"og:locale\" content=\"fr_FR\" \/>\n<meta property=\"og:type\" content=\"article\" \/>\n<meta property=\"og:title\" content=\"Clos d&#039;Agon Tinto\" \/>\n<meta property=\"og:description\" content=\"Grande intensit\u00e9 et vivacit\u00e9. Tr\u00e8s complexe et \u00e9volutif. Fruits rouges et noirs tr\u00e8s m\u00fbrs, notes grill\u00e9es, fenouil et autres notes balsamiques, \u00e9pices,\" \/>\n<meta property=\"og:url\" content=\"https:\/\/proteawines.ch\/fr\/shop\/clos-dagon-tinto\/\" \/>\n<meta property=\"og:site_name\" content=\"Protea Wines\" \/>\n<meta property=\"article:publisher\" content=\"https:\/\/www.facebook.com\/proteawines\/\" \/>\n<meta property=\"article:modified_time\" content=\"2025-08-01T08:47:43+00:00\" \/>\n<meta property=\"og:image\" content=\"https:\/\/proteawines.ch\/wp-content\/uploads\/2025\/07\/Red_small-2.jpg\" \/>\n\t<meta property=\"og:image:width\" content=\"105\" \/>\n\t<meta property=\"og:image:height\" content=\"400\" \/>\n\t<meta property=\"og:image:type\" content=\"image\/jpeg\" \/>\n<meta name=\"twitter:card\" content=\"summary_large_image\" \/>\n<meta name=\"twitter:label1\" content=\"Dur\u00e9e de lecture estim\u00e9e\" \/>\n\t<meta name=\"twitter:data1\" content=\"1 minute\" \/>\n<script type=\"application\/ld+json\" class=\"yoast-schema-graph\">{\"@context\":\"https:\/\/schema.org\",\"@graph\":[{\"@type\":\"WebPage\",\"@id\":\"https:\/\/proteawines.ch\/fr\/shop\/clos-dagon-tinto\/\",\"url\":\"https:\/\/proteawines.ch\/fr\/shop\/clos-dagon-tinto\/\",\"name\":\"Clos d'Agon Tinto - Protea Wines\",\"isPartOf\":{\"@id\":\"https:\/\/proteawines.ch\/fr\/#website\"},\"primaryImageOfPage\":{\"@id\":\"https:\/\/proteawines.ch\/fr\/shop\/clos-dagon-tinto\/#primaryimage\"},\"image\":{\"@id\":\"https:\/\/proteawines.ch\/fr\/shop\/clos-dagon-tinto\/#primaryimage\"},\"thumbnailUrl\":\"https:\/\/proteawines.ch\/wp-content\/uploads\/2025\/07\/Red.webp\",\"datePublished\":\"2025-07-31T14:26:22+00:00\",\"dateModified\":\"2025-08-01T08:47:43+00:00\",\"breadcrumb\":{\"@id\":\"https:\/\/proteawines.ch\/fr\/shop\/clos-dagon-tinto\/#breadcrumb\"},\"inLanguage\":\"fr-FR\",\"potentialAction\":[{\"@type\":\"ReadAction\",\"target\":[\"https:\/\/proteawines.ch\/fr\/shop\/clos-dagon-tinto\/\"]}]},{\"@type\":\"ImageObject\",\"inLanguage\":\"fr-FR\",\"@id\":\"https:\/\/proteawines.ch\/fr\/shop\/clos-dagon-tinto\/#primaryimage\",\"url\":\"https:\/\/proteawines.ch\/wp-content\/uploads\/2025\/07\/Red.webp\",\"contentUrl\":\"https:\/\/proteawines.ch\/wp-content\/uploads\/2025\/07\/Red.webp\",\"width\":236,\"height\":900},{\"@type\":\"BreadcrumbList\",\"@id\":\"https:\/\/proteawines.ch\/fr\/shop\/clos-dagon-tinto\/#breadcrumb\",\"itemListElement\":[{\"@type\":\"ListItem\",\"position\":1,\"name\":\"Accueil\",\"item\":\"https:\/\/proteawines.ch\/fr\/\"},{\"@type\":\"ListItem\",\"position\":2,\"name\":\"Boutique de vins\",\"item\":\"https:\/\/proteawines.ch\/fr\/boutique-en-ligne\/\"},{\"@type\":\"ListItem\",\"position\":3,\"name\":\"Clos d&#8217;Agon Tinto\"}]},{\"@type\":\"WebSite\",\"@id\":\"https:\/\/proteawines.ch\/fr\/#website\",\"url\":\"https:\/\/proteawines.ch\/fr\/\",\"name\":\"Protea Wines\",\"description\":\"Exzellente Weine zum besten Preis - Online bestellen, zu Hause geniessen.\",\"publisher\":{\"@id\":\"https:\/\/proteawines.ch\/fr\/#organization\"},\"potentialAction\":[{\"@type\":\"SearchAction\",\"target\":{\"@type\":\"EntryPoint\",\"urlTemplate\":\"https:\/\/proteawines.ch\/fr\/?s={search_term_string}\"},\"query-input\":{\"@type\":\"PropertyValueSpecification\",\"valueRequired\":true,\"valueName\":\"search_term_string\"}}],\"inLanguage\":\"fr-FR\"},{\"@type\":\"Organization\",\"@id\":\"https:\/\/proteawines.ch\/fr\/#organization\",\"name\":\"Protea Wines\",\"url\":\"https:\/\/proteawines.ch\/fr\/\",\"logo\":{\"@type\":\"ImageObject\",\"inLanguage\":\"fr-FR\",\"@id\":\"https:\/\/proteawines.ch\/fr\/#\/schema\/logo\/image\/\",\"url\":\"https:\/\/proteawines.ch\/wp-content\/uploads\/2016\/03\/ProteaWines_logo_rect-1.png\",\"contentUrl\":\"https:\/\/proteawines.ch\/wp-content\/uploads\/2016\/03\/ProteaWines_logo_rect-1.png\",\"width\":500,\"height\":354,\"caption\":\"Protea Wines\"},\"image\":{\"@id\":\"https:\/\/proteawines.ch\/fr\/#\/schema\/logo\/image\/\"},\"sameAs\":[\"https:\/\/www.facebook.com\/proteawines\/\",\"https:\/\/www.instagram.com\/proteawines\/\"]}]}<\/script>\n<!-- \/ Yoast SEO Premium plugin. -->","yoast_head_json":{"title":"Clos d'Agon Tinto - Protea Wines","robots":{"index":"index","follow":"follow","max-snippet":"max-snippet:-1","max-image-preview":"max-image-preview:large","max-video-preview":"max-video-preview:-1"},"canonical":"https:\/\/proteawines.ch\/fr\/shop\/clos-dagon-tinto\/","og_locale":"fr_FR","og_type":"article","og_title":"Clos d'Agon Tinto","og_description":"Grande intensit\u00e9 et vivacit\u00e9. Tr\u00e8s complexe et \u00e9volutif. Fruits rouges et noirs tr\u00e8s m\u00fbrs, notes grill\u00e9es, fenouil et autres notes balsamiques, \u00e9pices,","og_url":"https:\/\/proteawines.ch\/fr\/shop\/clos-dagon-tinto\/","og_site_name":"Protea Wines","article_publisher":"https:\/\/www.facebook.com\/proteawines\/","article_modified_time":"2025-08-01T08:47:43+00:00","og_image":[{"width":105,"height":400,"url":"https:\/\/proteawines.ch\/wp-content\/uploads\/2025\/07\/Red_small-2.jpg","type":"image\/jpeg"}],"twitter_card":"summary_large_image","twitter_misc":{"Dur\u00e9e de lecture estim\u00e9e":"1 minute"},"schema":{"@context":"https:\/\/schema.org","@graph":[{"@type":"WebPage","@id":"https:\/\/proteawines.ch\/fr\/shop\/clos-dagon-tinto\/","url":"https:\/\/proteawines.ch\/fr\/shop\/clos-dagon-tinto\/","name":"Clos d'Agon Tinto - Protea Wines","isPartOf":{"@id":"https:\/\/proteawines.ch\/fr\/#website"},"primaryImageOfPage":{"@id":"https:\/\/proteawines.ch\/fr\/shop\/clos-dagon-tinto\/#primaryimage"},"image":{"@id":"https:\/\/proteawines.ch\/fr\/shop\/clos-dagon-tinto\/#primaryimage"},"thumbnailUrl":"https:\/\/proteawines.ch\/wp-content\/uploads\/2025\/07\/Red.webp","datePublished":"2025-07-31T14:26:22+00:00","dateModified":"2025-08-01T08:47:43+00:00","breadcrumb":{"@id":"https:\/\/proteawines.ch\/fr\/shop\/clos-dagon-tinto\/#breadcrumb"},"inLanguage":"fr-FR","potentialAction":[{"@type":"ReadAction","target":["https:\/\/proteawines.ch\/fr\/shop\/clos-dagon-tinto\/"]}]},{"@type":"ImageObject","inLanguage":"fr-FR","@id":"https:\/\/proteawines.ch\/fr\/shop\/clos-dagon-tinto\/#primaryimage","url":"https:\/\/proteawines.ch\/wp-content\/uploads\/2025\/07\/Red.webp","contentUrl":"https:\/\/proteawines.ch\/wp-content\/uploads\/2025\/07\/Red.webp","width":236,"height":900},{"@type":"BreadcrumbList","@id":"https:\/\/proteawines.ch\/fr\/shop\/clos-dagon-tinto\/#breadcrumb","itemListElement":[{"@type":"ListItem","position":1,"name":"Accueil","item":"https:\/\/proteawines.ch\/fr\/"},{"@type":"ListItem","position":2,"name":"Boutique de vins","item":"https:\/\/proteawines.ch\/fr\/boutique-en-ligne\/"},{"@type":"ListItem","position":3,"name":"Clos d&#8217;Agon Tinto"}]},{"@type":"WebSite","@id":"https:\/\/proteawines.ch\/fr\/#website","url":"https:\/\/proteawines.ch\/fr\/","name":"Protea Wines","description":"Exzellente Weine zum besten Preis - Online bestellen, zu Hause geniessen.","publisher":{"@id":"https:\/\/proteawines.ch\/fr\/#organization"},"potentialAction":[{"@type":"SearchAction","target":{"@type":"EntryPoint","urlTemplate":"https:\/\/proteawines.ch\/fr\/?s={search_term_string}"},"query-input":{"@type":"PropertyValueSpecification","valueRequired":true,"valueName":"search_term_string"}}],"inLanguage":"fr-FR"},{"@type":"Organization","@id":"https:\/\/proteawines.ch\/fr\/#organization","name":"Protea Wines","url":"https:\/\/proteawines.ch\/fr\/","logo":{"@type":"ImageObject","inLanguage":"fr-FR","@id":"https:\/\/proteawines.ch\/fr\/#\/schema\/logo\/image\/","url":"https:\/\/proteawines.ch\/wp-content\/uploads\/2016\/03\/ProteaWines_logo_rect-1.png","contentUrl":"https:\/\/proteawines.ch\/wp-content\/uploads\/2016\/03\/ProteaWines_logo_rect-1.png","width":500,"height":354,"caption":"Protea Wines"},"image":{"@id":"https:\/\/proteawines.ch\/fr\/#\/schema\/logo\/image\/"},"sameAs":["https:\/\/www.facebook.com\/proteawines\/","https:\/\/www.instagram.com\/proteawines\/"]}]}},"uagb_featured_image_src":{"full":["https:\/\/proteawines.ch\/wp-content\/uploads\/2025\/07\/Red.webp",236,900,false],"thumbnail":["https:\/\/proteawines.ch\/wp-content\/uploads\/2025\/07\/Red-150x150.webp",150,150,true],"medium":["https:\/\/proteawines.ch\/wp-content\/uploads\/2025\/07\/Red-79x300.webp",79,300,true],"medium_large":["https:\/\/proteawines.ch\/wp-content\/uploads\/2025\/07\/Red.webp",236,900,false],"large":["https:\/\/proteawines.ch\/wp-content\/uploads\/2025\/07\/Red.webp",236,900,false],"1536x1536":["https:\/\/proteawines.ch\/wp-content\/uploads\/2025\/07\/Red.webp",236,900,false],"2048x2048":["https:\/\/proteawines.ch\/wp-content\/uploads\/2025\/07\/Red.webp",236,900,false],"woocommerce_thumbnail":["https:\/\/proteawines.ch\/wp-content\/uploads\/2025\/07\/Red.webp",236,900,false],"woocommerce_single":["https:\/\/proteawines.ch\/wp-content\/uploads\/2025\/07\/Red.webp",236,900,false],"woocommerce_gallery_thumbnail":["https:\/\/proteawines.ch\/wp-content\/uploads\/2025\/07\/Red-100x100.webp",100,100,true]},"uagb_author_info":{"display_name":"Protea Wines","author_link":"https:\/\/proteawines.ch\/fr\/author\/"},"uagb_comment_info":0,"uagb_excerpt":"Grande intensit\u00e9 et vivacit\u00e9. Tr\u00e8s complexe et \u00e9volutif. Fruits rouges et noirs tr\u00e8s m\u00fbrs, notes grill\u00e9es, fenouil et autres notes balsamiques, \u00e9pices, min\u00e9raux et herbes m\u00e9diterran\u00e9ennes. Avec le temps, ces notes \u00e9voluent vers des notes compot\u00e9es, de fines notes grill\u00e9es, de chocolat, de caf\u00e9 et de tabac, tout en conservant une profondeur aromatique fra\u00eeche rappelant\u2026","_links":{"self":[{"href":"https:\/\/proteawines.ch\/fr\/wp-json\/wp\/v2\/product\/21345","targetHints":{"allow":["GET"]}}],"collection":[{"href":"https:\/\/proteawines.ch\/fr\/wp-json\/wp\/v2\/product"}],"about":[{"href":"https:\/\/proteawines.ch\/fr\/wp-json\/wp\/v2\/types\/product"}],"wp:featuredmedia":[{"embeddable":true,"href":"https:\/\/proteawines.ch\/fr\/wp-json\/wp\/v2\/media\/21335"}],"wp:attachment":[{"href":"https:\/\/proteawines.ch\/fr\/wp-json\/wp\/v2\/media?parent=21345"}],"wp:term":[{"taxonomy":"product_brand","embeddable":true,"href":"https:\/\/proteawines.ch\/fr\/wp-json\/wp\/v2\/product_brand?post=21345"},{"taxonomy":"product_cat","embeddable":true,"href":"https:\/\/proteawines.ch\/fr\/wp-json\/wp\/v2\/product_cat?post=21345"},{"taxonomy":"product_tag","embeddable":true,"href":"https:\/\/proteawines.ch\/fr\/wp-json\/wp\/v2\/product_tag?post=21345"}],"curies":[{"name":"wp","href":"https:\/\/api.w.org\/{rel}","templated":true}]}}