{"id":19428,"date":"2021-11-28T13:12:13","date_gmt":"2021-11-28T12:12:13","guid":{"rendered":"https:\/\/proteawines.ch\/shop\/finca-rodma-avizor\/"},"modified":"2025-08-01T11:39:08","modified_gmt":"2025-08-01T09:39:08","slug":"finca-rodma-avizor","status":"publish","type":"product","link":"https:\/\/proteawines.ch\/fr\/shop\/finca-rodma-avizor\/","title":{"rendered":"Finca Rodma Avizor 2019"},"content":{"rendered":"<p>Finca Rodma est voisine du domaine prim\u00e9 Vega Sicilia, dont les sols sont mondialement reconnus pour la production de vins de premier ordre.<\/p>\n<p>Les vignes qui produisent le Finca Rodma Avizor ont entre 40 et 45 ans d&#8217;\u00e2ge et produisent moins de 4\u00a0500 kg par hectare. Le vin a \u00e9t\u00e9 \u00e9lev\u00e9 15 mois en f\u00fbts de ch\u00eane fran\u00e7ais neufs.<\/p>\n<p>Un nez intense et \u00e9quilibr\u00e9, aux ar\u00f4mes de cerise, de fruits noirs et de violette, m\u00eal\u00e9s \u00e0 des \u00e9pices et des herbes aromatiques, est suivi d&#8217;une attaque douce, onctueuse et cr\u00e9meuse, longue et persistante, t\u00e9moignant de l&#8217;\u00e9l\u00e9gance et de l&#8217;\u00e9quilibre de ce vin. Les notes bois\u00e9es se marient harmonieusement au fruit et r\u00e9apparaissent r\u00e9guli\u00e8rement en r\u00e9tro-nasal, accompagn\u00e9es d&#8217;ar\u00f4mes de sucre candi, de r\u00e9glisse et de notes grill\u00e9es. Tout cela conf\u00e8re \u00e0 l&#8217;Avizor une grande persistance et un grand attrait.<\/p>\n<p>100 % Tempranillo<\/p>\n<p><strong>Accords mets et vins<\/strong><\/p>\n<p>Toute viande de qualit\u00e9 sup\u00e9rieure, grill\u00e9e nature, avec une sauce cr\u00e9meuse aux champignons ou m\u00eame en rago\u00fbt, accompagne \u00e0 merveille le Finca Rodma Avizor.<\/p>\n<p>Qu&#8217;elle soit accompagn\u00e9e de fromage ou simplement d\u00e9gust\u00e9e en fin de repas, vous serez combl\u00e9\u00a0!<\/p>\n","protected":false},"excerpt":{"rendered":"<p>Finca Rodma est voisine du domaine prim\u00e9 Vega Sicilia, dont les sols sont mondialement reconnus pour la production de vins de premier ordre. Les vignes qui produisent le Finca Rodma Avizor ont entre 40 et 45 ans d&#8217;\u00e2ge et produisent moins de 4\u00a0500 kg par hectare. Le vin a \u00e9t\u00e9 \u00e9lev\u00e9 15 mois en f\u00fbts [&hellip;]<\/p>\n","protected":false},"featured_media":21112,"template":"","meta":{"_uag_custom_page_level_css":"","site-sidebar-layout":"default","site-content-layout":"default","ast-site-content-layout":"default","site-content-style":"default","site-sidebar-style":"default","ast-global-header-display":"","ast-banner-title-visibility":"","ast-main-header-display":"","ast-hfb-above-header-display":"","ast-hfb-below-header-display":"","ast-hfb-mobile-header-display":"","site-post-title":"","ast-breadcrumbs-content":"","ast-featured-img":"","footer-sml-layout":"","theme-transparent-header-meta":"default","adv-header-id-meta":"","stick-header-meta":"default","header-above-stick-meta":"","header-main-stick-meta":"","header-below-stick-meta":"","astra-migrate-meta-layouts":"default","ast-page-background-enabled":"default","ast-page-background-meta":{"desktop":{"background-color":"","background-image":"","background-repeat":"repeat","background-position":"center center","background-size":"auto","background-attachment":"scroll","background-type":"","background-media":"","overlay-type":"","overlay-color":"","overlay-opacity":"","overlay-gradient":""},"tablet":{"background-color":"","background-image":"","background-repeat":"repeat","background-position":"center center","background-size":"auto","background-attachment":"scroll","background-type":"","background-media":"","overlay-type":"","overlay-color":"","overlay-opacity":"","overlay-gradient":""},"mobile":{"background-color":"","background-image":"","background-repeat":"repeat","background-position":"center center","background-size":"auto","background-attachment":"scroll","background-type":"","background-media":"","overlay-type":"","overlay-color":"","overlay-opacity":"","overlay-gradient":""}},"ast-content-background-meta":{"desktop":{"background-color":"var(--ast-global-color-5)","background-image":"","background-repeat":"repeat","background-position":"center center","background-size":"auto","background-attachment":"scroll","background-type":"","background-media":"","overlay-type":"","overlay-color":"","overlay-opacity":"","overlay-gradient":""},"tablet":{"background-color":"var(--ast-global-color-5)","background-image":"","background-repeat":"repeat","background-position":"center center","background-size":"auto","background-attachment":"scroll","background-type":"","background-media":"","overlay-type":"","overlay-color":"","overlay-opacity":"","overlay-gradient":""},"mobile":{"background-color":"var(--ast-global-color-5)","background-image":"","background-repeat":"repeat","background-position":"center center","background-size":"auto","background-attachment":"scroll","background-type":"","background-media":"","overlay-type":"","overlay-color":"","overlay-opacity":"","overlay-gradient":""}}},"product_brand":[],"product_cat":[56],"product_tag":[995],"class_list":{"0":"post-19428","1":"product","2":"type-product","3":"status-publish","4":"has-post-thumbnail","6":"product_cat-vin-rouge","7":"product_tag-espagne","8":"desktop-align-center","9":"tablet-align-center","10":"mobile-align-center","11":"ast-product-gallery-layout-horizontal-slider","12":"ast-product-gallery-with-no-image","13":"ast-product-tabs-layout-vertical","15":"first","16":"instock","17":"shipping-taxable","18":"purchasable","19":"product-type-simple"},"yoast_head":"<!-- This site is optimized with the Yoast SEO Premium plugin v25.6 (Yoast SEO v25.6) - https:\/\/yoast.com\/wordpress\/plugins\/seo\/ -->\n<title>Finca Rodma Avizor 2019 - Protea Wines<\/title>\n<meta name=\"robots\" content=\"index, follow, max-snippet:-1, max-image-preview:large, max-video-preview:-1\" \/>\n<link rel=\"canonical\" href=\"https:\/\/proteawines.ch\/fr\/shop\/finca-rodma-avizor\/\" \/>\n<meta property=\"og:locale\" content=\"fr_FR\" \/>\n<meta property=\"og:type\" content=\"article\" \/>\n<meta property=\"og:title\" content=\"Finca Rodma Avizor 2019\" \/>\n<meta property=\"og:description\" content=\"Finca Rodma est voisine du domaine prim\u00e9 Vega Sicilia, dont les sols sont mondialement reconnus pour la production de vins de premier ordre. Les vignes\" \/>\n<meta property=\"og:url\" content=\"https:\/\/proteawines.ch\/fr\/shop\/finca-rodma-avizor\/\" \/>\n<meta property=\"og:site_name\" content=\"Protea Wines\" \/>\n<meta property=\"article:publisher\" content=\"https:\/\/www.facebook.com\/proteawines\/\" \/>\n<meta property=\"article:modified_time\" content=\"2025-08-01T09:39:08+00:00\" \/>\n<meta property=\"og:image\" content=\"https:\/\/proteawines.ch\/wp-content\/uploads\/2024\/09\/Finca_Rodma_Avizor.jpg\" \/>\n\t<meta property=\"og:image:width\" content=\"800\" \/>\n\t<meta property=\"og:image:height\" content=\"800\" \/>\n\t<meta property=\"og:image:type\" content=\"image\/jpeg\" \/>\n<meta name=\"twitter:card\" content=\"summary_large_image\" \/>\n<meta name=\"twitter:label1\" content=\"Dur\u00e9e de lecture estim\u00e9e\" \/>\n\t<meta name=\"twitter:data1\" content=\"1 minute\" \/>\n<script type=\"application\/ld+json\" class=\"yoast-schema-graph\">{\"@context\":\"https:\/\/schema.org\",\"@graph\":[{\"@type\":\"WebPage\",\"@id\":\"https:\/\/proteawines.ch\/fr\/shop\/finca-rodma-avizor\/\",\"url\":\"https:\/\/proteawines.ch\/fr\/shop\/finca-rodma-avizor\/\",\"name\":\"Finca Rodma Avizor 2019 - Protea Wines\",\"isPartOf\":{\"@id\":\"https:\/\/proteawines.ch\/fr\/#website\"},\"primaryImageOfPage\":{\"@id\":\"https:\/\/proteawines.ch\/fr\/shop\/finca-rodma-avizor\/#primaryimage\"},\"image\":{\"@id\":\"https:\/\/proteawines.ch\/fr\/shop\/finca-rodma-avizor\/#primaryimage\"},\"thumbnailUrl\":\"https:\/\/proteawines.ch\/wp-content\/uploads\/2024\/09\/Finca_Rodma_Avizor.jpg\",\"datePublished\":\"2021-11-28T12:12:13+00:00\",\"dateModified\":\"2025-08-01T09:39:08+00:00\",\"breadcrumb\":{\"@id\":\"https:\/\/proteawines.ch\/fr\/shop\/finca-rodma-avizor\/#breadcrumb\"},\"inLanguage\":\"fr-FR\",\"potentialAction\":[{\"@type\":\"ReadAction\",\"target\":[\"https:\/\/proteawines.ch\/fr\/shop\/finca-rodma-avizor\/\"]}]},{\"@type\":\"ImageObject\",\"inLanguage\":\"fr-FR\",\"@id\":\"https:\/\/proteawines.ch\/fr\/shop\/finca-rodma-avizor\/#primaryimage\",\"url\":\"https:\/\/proteawines.ch\/wp-content\/uploads\/2024\/09\/Finca_Rodma_Avizor.jpg\",\"contentUrl\":\"https:\/\/proteawines.ch\/wp-content\/uploads\/2024\/09\/Finca_Rodma_Avizor.jpg\",\"width\":800,\"height\":800},{\"@type\":\"BreadcrumbList\",\"@id\":\"https:\/\/proteawines.ch\/fr\/shop\/finca-rodma-avizor\/#breadcrumb\",\"itemListElement\":[{\"@type\":\"ListItem\",\"position\":1,\"name\":\"Accueil\",\"item\":\"https:\/\/proteawines.ch\/fr\/\"},{\"@type\":\"ListItem\",\"position\":2,\"name\":\"Boutique de vins\",\"item\":\"https:\/\/proteawines.ch\/fr\/boutique-en-ligne\/\"},{\"@type\":\"ListItem\",\"position\":3,\"name\":\"Finca Rodma Avizor 2019\"}]},{\"@type\":\"WebSite\",\"@id\":\"https:\/\/proteawines.ch\/fr\/#website\",\"url\":\"https:\/\/proteawines.ch\/fr\/\",\"name\":\"Protea Wines\",\"description\":\"Exzellente Weine zum besten Preis - Online bestellen, zu Hause geniessen.\",\"publisher\":{\"@id\":\"https:\/\/proteawines.ch\/fr\/#organization\"},\"potentialAction\":[{\"@type\":\"SearchAction\",\"target\":{\"@type\":\"EntryPoint\",\"urlTemplate\":\"https:\/\/proteawines.ch\/fr\/?s={search_term_string}\"},\"query-input\":{\"@type\":\"PropertyValueSpecification\",\"valueRequired\":true,\"valueName\":\"search_term_string\"}}],\"inLanguage\":\"fr-FR\"},{\"@type\":\"Organization\",\"@id\":\"https:\/\/proteawines.ch\/fr\/#organization\",\"name\":\"Protea Wines\",\"url\":\"https:\/\/proteawines.ch\/fr\/\",\"logo\":{\"@type\":\"ImageObject\",\"inLanguage\":\"fr-FR\",\"@id\":\"https:\/\/proteawines.ch\/fr\/#\/schema\/logo\/image\/\",\"url\":\"https:\/\/proteawines.ch\/wp-content\/uploads\/2016\/03\/ProteaWines_logo_rect-1.png\",\"contentUrl\":\"https:\/\/proteawines.ch\/wp-content\/uploads\/2016\/03\/ProteaWines_logo_rect-1.png\",\"width\":500,\"height\":354,\"caption\":\"Protea Wines\"},\"image\":{\"@id\":\"https:\/\/proteawines.ch\/fr\/#\/schema\/logo\/image\/\"},\"sameAs\":[\"https:\/\/www.facebook.com\/proteawines\/\",\"https:\/\/www.instagram.com\/proteawines\/\"]}]}<\/script>\n<!-- \/ Yoast SEO Premium plugin. -->","yoast_head_json":{"title":"Finca Rodma Avizor 2019 - Protea Wines","robots":{"index":"index","follow":"follow","max-snippet":"max-snippet:-1","max-image-preview":"max-image-preview:large","max-video-preview":"max-video-preview:-1"},"canonical":"https:\/\/proteawines.ch\/fr\/shop\/finca-rodma-avizor\/","og_locale":"fr_FR","og_type":"article","og_title":"Finca Rodma Avizor 2019","og_description":"Finca Rodma est voisine du domaine prim\u00e9 Vega Sicilia, dont les sols sont mondialement reconnus pour la production de vins de premier ordre. Les vignes","og_url":"https:\/\/proteawines.ch\/fr\/shop\/finca-rodma-avizor\/","og_site_name":"Protea Wines","article_publisher":"https:\/\/www.facebook.com\/proteawines\/","article_modified_time":"2025-08-01T09:39:08+00:00","og_image":[{"width":800,"height":800,"url":"https:\/\/proteawines.ch\/wp-content\/uploads\/2024\/09\/Finca_Rodma_Avizor.jpg","type":"image\/jpeg"}],"twitter_card":"summary_large_image","twitter_misc":{"Dur\u00e9e de lecture estim\u00e9e":"1 minute"},"schema":{"@context":"https:\/\/schema.org","@graph":[{"@type":"WebPage","@id":"https:\/\/proteawines.ch\/fr\/shop\/finca-rodma-avizor\/","url":"https:\/\/proteawines.ch\/fr\/shop\/finca-rodma-avizor\/","name":"Finca Rodma Avizor 2019 - Protea Wines","isPartOf":{"@id":"https:\/\/proteawines.ch\/fr\/#website"},"primaryImageOfPage":{"@id":"https:\/\/proteawines.ch\/fr\/shop\/finca-rodma-avizor\/#primaryimage"},"image":{"@id":"https:\/\/proteawines.ch\/fr\/shop\/finca-rodma-avizor\/#primaryimage"},"thumbnailUrl":"https:\/\/proteawines.ch\/wp-content\/uploads\/2024\/09\/Finca_Rodma_Avizor.jpg","datePublished":"2021-11-28T12:12:13+00:00","dateModified":"2025-08-01T09:39:08+00:00","breadcrumb":{"@id":"https:\/\/proteawines.ch\/fr\/shop\/finca-rodma-avizor\/#breadcrumb"},"inLanguage":"fr-FR","potentialAction":[{"@type":"ReadAction","target":["https:\/\/proteawines.ch\/fr\/shop\/finca-rodma-avizor\/"]}]},{"@type":"ImageObject","inLanguage":"fr-FR","@id":"https:\/\/proteawines.ch\/fr\/shop\/finca-rodma-avizor\/#primaryimage","url":"https:\/\/proteawines.ch\/wp-content\/uploads\/2024\/09\/Finca_Rodma_Avizor.jpg","contentUrl":"https:\/\/proteawines.ch\/wp-content\/uploads\/2024\/09\/Finca_Rodma_Avizor.jpg","width":800,"height":800},{"@type":"BreadcrumbList","@id":"https:\/\/proteawines.ch\/fr\/shop\/finca-rodma-avizor\/#breadcrumb","itemListElement":[{"@type":"ListItem","position":1,"name":"Accueil","item":"https:\/\/proteawines.ch\/fr\/"},{"@type":"ListItem","position":2,"name":"Boutique de vins","item":"https:\/\/proteawines.ch\/fr\/boutique-en-ligne\/"},{"@type":"ListItem","position":3,"name":"Finca Rodma Avizor 2019"}]},{"@type":"WebSite","@id":"https:\/\/proteawines.ch\/fr\/#website","url":"https:\/\/proteawines.ch\/fr\/","name":"Protea Wines","description":"Exzellente Weine zum besten Preis - Online bestellen, zu Hause geniessen.","publisher":{"@id":"https:\/\/proteawines.ch\/fr\/#organization"},"potentialAction":[{"@type":"SearchAction","target":{"@type":"EntryPoint","urlTemplate":"https:\/\/proteawines.ch\/fr\/?s={search_term_string}"},"query-input":{"@type":"PropertyValueSpecification","valueRequired":true,"valueName":"search_term_string"}}],"inLanguage":"fr-FR"},{"@type":"Organization","@id":"https:\/\/proteawines.ch\/fr\/#organization","name":"Protea Wines","url":"https:\/\/proteawines.ch\/fr\/","logo":{"@type":"ImageObject","inLanguage":"fr-FR","@id":"https:\/\/proteawines.ch\/fr\/#\/schema\/logo\/image\/","url":"https:\/\/proteawines.ch\/wp-content\/uploads\/2016\/03\/ProteaWines_logo_rect-1.png","contentUrl":"https:\/\/proteawines.ch\/wp-content\/uploads\/2016\/03\/ProteaWines_logo_rect-1.png","width":500,"height":354,"caption":"Protea Wines"},"image":{"@id":"https:\/\/proteawines.ch\/fr\/#\/schema\/logo\/image\/"},"sameAs":["https:\/\/www.facebook.com\/proteawines\/","https:\/\/www.instagram.com\/proteawines\/"]}]}},"uagb_featured_image_src":{"full":["https:\/\/proteawines.ch\/wp-content\/uploads\/2024\/09\/Finca_Rodma_Avizor.jpg",800,800,false],"thumbnail":["https:\/\/proteawines.ch\/wp-content\/uploads\/2024\/09\/Finca_Rodma_Avizor-150x150.jpg",150,150,true],"medium":["https:\/\/proteawines.ch\/wp-content\/uploads\/2024\/09\/Finca_Rodma_Avizor-300x300.jpg",300,300,true],"medium_large":["https:\/\/proteawines.ch\/wp-content\/uploads\/2024\/09\/Finca_Rodma_Avizor-768x768.jpg",768,768,true],"large":["https:\/\/proteawines.ch\/wp-content\/uploads\/2024\/09\/Finca_Rodma_Avizor.jpg",800,800,false],"1536x1536":["https:\/\/proteawines.ch\/wp-content\/uploads\/2024\/09\/Finca_Rodma_Avizor.jpg",800,800,false],"2048x2048":["https:\/\/proteawines.ch\/wp-content\/uploads\/2024\/09\/Finca_Rodma_Avizor.jpg",800,800,false],"woocommerce_thumbnail":["https:\/\/proteawines.ch\/wp-content\/uploads\/2024\/09\/Finca_Rodma_Avizor-450x450.jpg",450,450,true],"woocommerce_single":["https:\/\/proteawines.ch\/wp-content\/uploads\/2024\/09\/Finca_Rodma_Avizor-555x555.jpg",555,555,true],"woocommerce_gallery_thumbnail":["https:\/\/proteawines.ch\/wp-content\/uploads\/2024\/09\/Finca_Rodma_Avizor-100x100.jpg",100,100,true]},"uagb_author_info":{"display_name":"Protea Wines","author_link":"https:\/\/proteawines.ch\/fr\/author\/"},"uagb_comment_info":0,"uagb_excerpt":"Finca Rodma est voisine du domaine prim\u00e9 Vega Sicilia, dont les sols sont mondialement reconnus pour la production de vins de premier ordre. Les vignes qui produisent le Finca Rodma Avizor ont entre 40 et 45 ans d&#8217;\u00e2ge et produisent moins de 4\u00a0500 kg par hectare. Le vin a \u00e9t\u00e9 \u00e9lev\u00e9 15 mois en f\u00fbts\u2026","_links":{"self":[{"href":"https:\/\/proteawines.ch\/fr\/wp-json\/wp\/v2\/product\/19428","targetHints":{"allow":["GET"]}}],"collection":[{"href":"https:\/\/proteawines.ch\/fr\/wp-json\/wp\/v2\/product"}],"about":[{"href":"https:\/\/proteawines.ch\/fr\/wp-json\/wp\/v2\/types\/product"}],"wp:featuredmedia":[{"embeddable":true,"href":"https:\/\/proteawines.ch\/fr\/wp-json\/wp\/v2\/media\/21112"}],"wp:attachment":[{"href":"https:\/\/proteawines.ch\/fr\/wp-json\/wp\/v2\/media?parent=19428"}],"wp:term":[{"taxonomy":"product_brand","embeddable":true,"href":"https:\/\/proteawines.ch\/fr\/wp-json\/wp\/v2\/product_brand?post=19428"},{"taxonomy":"product_cat","embeddable":true,"href":"https:\/\/proteawines.ch\/fr\/wp-json\/wp\/v2\/product_cat?post=19428"},{"taxonomy":"product_tag","embeddable":true,"href":"https:\/\/proteawines.ch\/fr\/wp-json\/wp\/v2\/product_tag?post=19428"}],"curies":[{"name":"wp","href":"https:\/\/api.w.org\/{rel}","templated":true}]}}