{"id":19256,"date":"2021-12-08T21:00:50","date_gmt":"2021-12-08T20:00:50","guid":{"rendered":"https:\/\/proteawines.ch\/shop\/tenuta-barac-barolo-cerviano-merli\/"},"modified":"2025-08-01T11:15:42","modified_gmt":"2025-08-01T09:15:42","slug":"tenuta-barac-barolo-cerviano-merli","status":"publish","type":"product","link":"https:\/\/proteawines.ch\/fr\/shop\/tenuta-barac-barolo-cerviano-merli\/","title":{"rendered":"Tenuta Bar\u00e0c Barolo Cerviano Merli 2016"},"content":{"rendered":"<p>Robe rouge grenat aux nuances rubis. Nez intense, avec des notes d&#8217;\u00e9pices, de roses fan\u00e9es et de sous-bois. Sec et moelleux en bouche, harmonieux et puissant. La bouche est velout\u00e9e et \u00e9quilibr\u00e9e, avec une finale longue et persistante.<\/p>\n<p>100 % Nebbiolo<\/p>\n<p>S&#8217;accorde parfaitement avec les viandes rouges et les fromages moyennement \u00e0 longuement affin\u00e9s. Un excellent digestif.<\/p>\n","protected":false},"excerpt":{"rendered":"<p>Robe rouge grenat aux nuances rubis. Nez intense, avec des notes d&#8217;\u00e9pices, de roses fan\u00e9es et de sous-bois. Sec et moelleux en bouche, harmonieux et puissant. La bouche est velout\u00e9e et \u00e9quilibr\u00e9e, avec une finale longue et persistante. 100 % Nebbiolo S&#8217;accorde parfaitement avec les viandes rouges et les fromages moyennement \u00e0 longuement affin\u00e9s. Un [&hellip;]<\/p>\n","protected":false},"featured_media":21172,"template":"","meta":{"_uag_custom_page_level_css":"","site-sidebar-layout":"default","site-content-layout":"default","ast-site-content-layout":"default","site-content-style":"default","site-sidebar-style":"default","ast-global-header-display":"","ast-banner-title-visibility":"","ast-main-header-display":"","ast-hfb-above-header-display":"","ast-hfb-below-header-display":"","ast-hfb-mobile-header-display":"","site-post-title":"","ast-breadcrumbs-content":"","ast-featured-img":"","footer-sml-layout":"","theme-transparent-header-meta":"default","adv-header-id-meta":"","stick-header-meta":"default","header-above-stick-meta":"","header-main-stick-meta":"","header-below-stick-meta":"","astra-migrate-meta-layouts":"default","ast-page-background-enabled":"default","ast-page-background-meta":{"desktop":{"background-color":"","background-image":"","background-repeat":"repeat","background-position":"center center","background-size":"auto","background-attachment":"scroll","background-type":"","background-media":"","overlay-type":"","overlay-color":"","overlay-opacity":"","overlay-gradient":""},"tablet":{"background-color":"","background-image":"","background-repeat":"repeat","background-position":"center center","background-size":"auto","background-attachment":"scroll","background-type":"","background-media":"","overlay-type":"","overlay-color":"","overlay-opacity":"","overlay-gradient":""},"mobile":{"background-color":"","background-image":"","background-repeat":"repeat","background-position":"center center","background-size":"auto","background-attachment":"scroll","background-type":"","background-media":"","overlay-type":"","overlay-color":"","overlay-opacity":"","overlay-gradient":""}},"ast-content-background-meta":{"desktop":{"background-color":"var(--ast-global-color-5)","background-image":"","background-repeat":"repeat","background-position":"center center","background-size":"auto","background-attachment":"scroll","background-type":"","background-media":"","overlay-type":"","overlay-color":"","overlay-opacity":"","overlay-gradient":""},"tablet":{"background-color":"var(--ast-global-color-5)","background-image":"","background-repeat":"repeat","background-position":"center center","background-size":"auto","background-attachment":"scroll","background-type":"","background-media":"","overlay-type":"","overlay-color":"","overlay-opacity":"","overlay-gradient":""},"mobile":{"background-color":"var(--ast-global-color-5)","background-image":"","background-repeat":"repeat","background-position":"center center","background-size":"auto","background-attachment":"scroll","background-type":"","background-media":"","overlay-type":"","overlay-color":"","overlay-opacity":"","overlay-gradient":""}}},"product_brand":[],"product_cat":[56],"product_tag":[1042],"class_list":{"0":"post-19256","1":"product","2":"type-product","3":"status-publish","4":"has-post-thumbnail","6":"product_cat-vin-rouge","7":"product_tag-italie","8":"desktop-align-center","9":"tablet-align-center","10":"mobile-align-center","11":"ast-product-gallery-layout-horizontal-slider","12":"ast-product-gallery-with-no-image","13":"ast-product-tabs-layout-vertical","15":"first","16":"instock","17":"shipping-taxable","18":"purchasable","19":"product-type-simple"},"yoast_head":"<!-- This site is optimized with the Yoast SEO Premium plugin v25.6 (Yoast SEO v25.6) - https:\/\/yoast.com\/wordpress\/plugins\/seo\/ -->\n<title>Tenuta Bar\u00e0c Barolo Cerviano Merli 2016 - Protea Wines<\/title>\n<meta name=\"robots\" content=\"index, follow, max-snippet:-1, max-image-preview:large, max-video-preview:-1\" \/>\n<link rel=\"canonical\" href=\"https:\/\/proteawines.ch\/fr\/shop\/tenuta-barac-barolo-cerviano-merli\/\" \/>\n<meta property=\"og:locale\" content=\"fr_FR\" \/>\n<meta property=\"og:type\" content=\"article\" \/>\n<meta property=\"og:title\" content=\"Tenuta Bar\u00e0c Barolo Cerviano Merli 2016\" \/>\n<meta property=\"og:description\" content=\"Robe rouge grenat aux nuances rubis. Nez intense, avec des notes d&#039;\u00e9pices, de roses fan\u00e9es et de sous-bois. Sec et moelleux en bouche, harmonieux et\" \/>\n<meta property=\"og:url\" content=\"https:\/\/proteawines.ch\/fr\/shop\/tenuta-barac-barolo-cerviano-merli\/\" \/>\n<meta property=\"og:site_name\" content=\"Protea Wines\" \/>\n<meta property=\"article:publisher\" content=\"https:\/\/www.facebook.com\/proteawines\/\" \/>\n<meta property=\"article:modified_time\" content=\"2025-08-01T09:15:42+00:00\" \/>\n<meta property=\"og:image\" content=\"https:\/\/proteawines.ch\/wp-content\/uploads\/2024\/09\/Barolo.jpg\" \/>\n\t<meta property=\"og:image:width\" content=\"800\" \/>\n\t<meta property=\"og:image:height\" content=\"800\" \/>\n\t<meta property=\"og:image:type\" content=\"image\/jpeg\" \/>\n<meta name=\"twitter:card\" content=\"summary_large_image\" \/>\n<script type=\"application\/ld+json\" class=\"yoast-schema-graph\">{\"@context\":\"https:\/\/schema.org\",\"@graph\":[{\"@type\":\"WebPage\",\"@id\":\"https:\/\/proteawines.ch\/fr\/shop\/tenuta-barac-barolo-cerviano-merli\/\",\"url\":\"https:\/\/proteawines.ch\/fr\/shop\/tenuta-barac-barolo-cerviano-merli\/\",\"name\":\"Tenuta Bar\u00e0c Barolo Cerviano Merli 2016 - Protea Wines\",\"isPartOf\":{\"@id\":\"https:\/\/proteawines.ch\/fr\/#website\"},\"primaryImageOfPage\":{\"@id\":\"https:\/\/proteawines.ch\/fr\/shop\/tenuta-barac-barolo-cerviano-merli\/#primaryimage\"},\"image\":{\"@id\":\"https:\/\/proteawines.ch\/fr\/shop\/tenuta-barac-barolo-cerviano-merli\/#primaryimage\"},\"thumbnailUrl\":\"https:\/\/proteawines.ch\/wp-content\/uploads\/2024\/09\/Barolo.jpg\",\"datePublished\":\"2021-12-08T20:00:50+00:00\",\"dateModified\":\"2025-08-01T09:15:42+00:00\",\"breadcrumb\":{\"@id\":\"https:\/\/proteawines.ch\/fr\/shop\/tenuta-barac-barolo-cerviano-merli\/#breadcrumb\"},\"inLanguage\":\"fr-FR\",\"potentialAction\":[{\"@type\":\"ReadAction\",\"target\":[\"https:\/\/proteawines.ch\/fr\/shop\/tenuta-barac-barolo-cerviano-merli\/\"]}]},{\"@type\":\"ImageObject\",\"inLanguage\":\"fr-FR\",\"@id\":\"https:\/\/proteawines.ch\/fr\/shop\/tenuta-barac-barolo-cerviano-merli\/#primaryimage\",\"url\":\"https:\/\/proteawines.ch\/wp-content\/uploads\/2024\/09\/Barolo.jpg\",\"contentUrl\":\"https:\/\/proteawines.ch\/wp-content\/uploads\/2024\/09\/Barolo.jpg\",\"width\":800,\"height\":800},{\"@type\":\"BreadcrumbList\",\"@id\":\"https:\/\/proteawines.ch\/fr\/shop\/tenuta-barac-barolo-cerviano-merli\/#breadcrumb\",\"itemListElement\":[{\"@type\":\"ListItem\",\"position\":1,\"name\":\"Accueil\",\"item\":\"https:\/\/proteawines.ch\/fr\/\"},{\"@type\":\"ListItem\",\"position\":2,\"name\":\"Boutique de vins\",\"item\":\"https:\/\/proteawines.ch\/fr\/boutique-en-ligne\/\"},{\"@type\":\"ListItem\",\"position\":3,\"name\":\"Tenuta Bar\u00e0c Barolo Cerviano Merli 2016\"}]},{\"@type\":\"WebSite\",\"@id\":\"https:\/\/proteawines.ch\/fr\/#website\",\"url\":\"https:\/\/proteawines.ch\/fr\/\",\"name\":\"Protea Wines\",\"description\":\"Exzellente Weine zum besten Preis - Online bestellen, zu Hause geniessen.\",\"publisher\":{\"@id\":\"https:\/\/proteawines.ch\/fr\/#organization\"},\"potentialAction\":[{\"@type\":\"SearchAction\",\"target\":{\"@type\":\"EntryPoint\",\"urlTemplate\":\"https:\/\/proteawines.ch\/fr\/?s={search_term_string}\"},\"query-input\":{\"@type\":\"PropertyValueSpecification\",\"valueRequired\":true,\"valueName\":\"search_term_string\"}}],\"inLanguage\":\"fr-FR\"},{\"@type\":\"Organization\",\"@id\":\"https:\/\/proteawines.ch\/fr\/#organization\",\"name\":\"Protea Wines\",\"url\":\"https:\/\/proteawines.ch\/fr\/\",\"logo\":{\"@type\":\"ImageObject\",\"inLanguage\":\"fr-FR\",\"@id\":\"https:\/\/proteawines.ch\/fr\/#\/schema\/logo\/image\/\",\"url\":\"https:\/\/proteawines.ch\/wp-content\/uploads\/2016\/03\/ProteaWines_logo_rect-1.png\",\"contentUrl\":\"https:\/\/proteawines.ch\/wp-content\/uploads\/2016\/03\/ProteaWines_logo_rect-1.png\",\"width\":500,\"height\":354,\"caption\":\"Protea Wines\"},\"image\":{\"@id\":\"https:\/\/proteawines.ch\/fr\/#\/schema\/logo\/image\/\"},\"sameAs\":[\"https:\/\/www.facebook.com\/proteawines\/\",\"https:\/\/www.instagram.com\/proteawines\/\"]}]}<\/script>\n<!-- \/ Yoast SEO Premium plugin. -->","yoast_head_json":{"title":"Tenuta Bar\u00e0c Barolo Cerviano Merli 2016 - Protea Wines","robots":{"index":"index","follow":"follow","max-snippet":"max-snippet:-1","max-image-preview":"max-image-preview:large","max-video-preview":"max-video-preview:-1"},"canonical":"https:\/\/proteawines.ch\/fr\/shop\/tenuta-barac-barolo-cerviano-merli\/","og_locale":"fr_FR","og_type":"article","og_title":"Tenuta Bar\u00e0c Barolo Cerviano Merli 2016","og_description":"Robe rouge grenat aux nuances rubis. Nez intense, avec des notes d'\u00e9pices, de roses fan\u00e9es et de sous-bois. Sec et moelleux en bouche, harmonieux et","og_url":"https:\/\/proteawines.ch\/fr\/shop\/tenuta-barac-barolo-cerviano-merli\/","og_site_name":"Protea Wines","article_publisher":"https:\/\/www.facebook.com\/proteawines\/","article_modified_time":"2025-08-01T09:15:42+00:00","og_image":[{"width":800,"height":800,"url":"https:\/\/proteawines.ch\/wp-content\/uploads\/2024\/09\/Barolo.jpg","type":"image\/jpeg"}],"twitter_card":"summary_large_image","schema":{"@context":"https:\/\/schema.org","@graph":[{"@type":"WebPage","@id":"https:\/\/proteawines.ch\/fr\/shop\/tenuta-barac-barolo-cerviano-merli\/","url":"https:\/\/proteawines.ch\/fr\/shop\/tenuta-barac-barolo-cerviano-merli\/","name":"Tenuta Bar\u00e0c Barolo Cerviano Merli 2016 - Protea Wines","isPartOf":{"@id":"https:\/\/proteawines.ch\/fr\/#website"},"primaryImageOfPage":{"@id":"https:\/\/proteawines.ch\/fr\/shop\/tenuta-barac-barolo-cerviano-merli\/#primaryimage"},"image":{"@id":"https:\/\/proteawines.ch\/fr\/shop\/tenuta-barac-barolo-cerviano-merli\/#primaryimage"},"thumbnailUrl":"https:\/\/proteawines.ch\/wp-content\/uploads\/2024\/09\/Barolo.jpg","datePublished":"2021-12-08T20:00:50+00:00","dateModified":"2025-08-01T09:15:42+00:00","breadcrumb":{"@id":"https:\/\/proteawines.ch\/fr\/shop\/tenuta-barac-barolo-cerviano-merli\/#breadcrumb"},"inLanguage":"fr-FR","potentialAction":[{"@type":"ReadAction","target":["https:\/\/proteawines.ch\/fr\/shop\/tenuta-barac-barolo-cerviano-merli\/"]}]},{"@type":"ImageObject","inLanguage":"fr-FR","@id":"https:\/\/proteawines.ch\/fr\/shop\/tenuta-barac-barolo-cerviano-merli\/#primaryimage","url":"https:\/\/proteawines.ch\/wp-content\/uploads\/2024\/09\/Barolo.jpg","contentUrl":"https:\/\/proteawines.ch\/wp-content\/uploads\/2024\/09\/Barolo.jpg","width":800,"height":800},{"@type":"BreadcrumbList","@id":"https:\/\/proteawines.ch\/fr\/shop\/tenuta-barac-barolo-cerviano-merli\/#breadcrumb","itemListElement":[{"@type":"ListItem","position":1,"name":"Accueil","item":"https:\/\/proteawines.ch\/fr\/"},{"@type":"ListItem","position":2,"name":"Boutique de vins","item":"https:\/\/proteawines.ch\/fr\/boutique-en-ligne\/"},{"@type":"ListItem","position":3,"name":"Tenuta Bar\u00e0c Barolo Cerviano Merli 2016"}]},{"@type":"WebSite","@id":"https:\/\/proteawines.ch\/fr\/#website","url":"https:\/\/proteawines.ch\/fr\/","name":"Protea Wines","description":"Exzellente Weine zum besten Preis - Online bestellen, zu Hause geniessen.","publisher":{"@id":"https:\/\/proteawines.ch\/fr\/#organization"},"potentialAction":[{"@type":"SearchAction","target":{"@type":"EntryPoint","urlTemplate":"https:\/\/proteawines.ch\/fr\/?s={search_term_string}"},"query-input":{"@type":"PropertyValueSpecification","valueRequired":true,"valueName":"search_term_string"}}],"inLanguage":"fr-FR"},{"@type":"Organization","@id":"https:\/\/proteawines.ch\/fr\/#organization","name":"Protea Wines","url":"https:\/\/proteawines.ch\/fr\/","logo":{"@type":"ImageObject","inLanguage":"fr-FR","@id":"https:\/\/proteawines.ch\/fr\/#\/schema\/logo\/image\/","url":"https:\/\/proteawines.ch\/wp-content\/uploads\/2016\/03\/ProteaWines_logo_rect-1.png","contentUrl":"https:\/\/proteawines.ch\/wp-content\/uploads\/2016\/03\/ProteaWines_logo_rect-1.png","width":500,"height":354,"caption":"Protea Wines"},"image":{"@id":"https:\/\/proteawines.ch\/fr\/#\/schema\/logo\/image\/"},"sameAs":["https:\/\/www.facebook.com\/proteawines\/","https:\/\/www.instagram.com\/proteawines\/"]}]}},"uagb_featured_image_src":{"full":["https:\/\/proteawines.ch\/wp-content\/uploads\/2024\/09\/Barolo.jpg",800,800,false],"thumbnail":["https:\/\/proteawines.ch\/wp-content\/uploads\/2024\/09\/Barolo-150x150.jpg",150,150,true],"medium":["https:\/\/proteawines.ch\/wp-content\/uploads\/2024\/09\/Barolo-300x300.jpg",300,300,true],"medium_large":["https:\/\/proteawines.ch\/wp-content\/uploads\/2024\/09\/Barolo-768x768.jpg",768,768,true],"large":["https:\/\/proteawines.ch\/wp-content\/uploads\/2024\/09\/Barolo.jpg",800,800,false],"1536x1536":["https:\/\/proteawines.ch\/wp-content\/uploads\/2024\/09\/Barolo.jpg",800,800,false],"2048x2048":["https:\/\/proteawines.ch\/wp-content\/uploads\/2024\/09\/Barolo.jpg",800,800,false],"woocommerce_thumbnail":["https:\/\/proteawines.ch\/wp-content\/uploads\/2024\/09\/Barolo-450x450.jpg",450,450,true],"woocommerce_single":["https:\/\/proteawines.ch\/wp-content\/uploads\/2024\/09\/Barolo-555x555.jpg",555,555,true],"woocommerce_gallery_thumbnail":["https:\/\/proteawines.ch\/wp-content\/uploads\/2024\/09\/Barolo-100x100.jpg",100,100,true]},"uagb_author_info":{"display_name":"Protea Wines","author_link":"https:\/\/proteawines.ch\/fr\/author\/"},"uagb_comment_info":0,"uagb_excerpt":"Robe rouge grenat aux nuances rubis. Nez intense, avec des notes d&#8217;\u00e9pices, de roses fan\u00e9es et de sous-bois. Sec et moelleux en bouche, harmonieux et puissant. La bouche est velout\u00e9e et \u00e9quilibr\u00e9e, avec une finale longue et persistante. 100 % Nebbiolo S&#8217;accorde parfaitement avec les viandes rouges et les fromages moyennement \u00e0 longuement affin\u00e9s. Un\u2026","_links":{"self":[{"href":"https:\/\/proteawines.ch\/fr\/wp-json\/wp\/v2\/product\/19256","targetHints":{"allow":["GET"]}}],"collection":[{"href":"https:\/\/proteawines.ch\/fr\/wp-json\/wp\/v2\/product"}],"about":[{"href":"https:\/\/proteawines.ch\/fr\/wp-json\/wp\/v2\/types\/product"}],"wp:featuredmedia":[{"embeddable":true,"href":"https:\/\/proteawines.ch\/fr\/wp-json\/wp\/v2\/media\/21172"}],"wp:attachment":[{"href":"https:\/\/proteawines.ch\/fr\/wp-json\/wp\/v2\/media?parent=19256"}],"wp:term":[{"taxonomy":"product_brand","embeddable":true,"href":"https:\/\/proteawines.ch\/fr\/wp-json\/wp\/v2\/product_brand?post=19256"},{"taxonomy":"product_cat","embeddable":true,"href":"https:\/\/proteawines.ch\/fr\/wp-json\/wp\/v2\/product_cat?post=19256"},{"taxonomy":"product_tag","embeddable":true,"href":"https:\/\/proteawines.ch\/fr\/wp-json\/wp\/v2\/product_tag?post=19256"}],"curies":[{"name":"wp","href":"https:\/\/api.w.org\/{rel}","templated":true}]}}