{"id":17821,"date":"2020-06-14T21:43:25","date_gmt":"2020-06-14T19:43:25","guid":{"rendered":"https:\/\/proteawines.ch\/?post_type=product&#038;p=17821"},"modified":"2025-08-01T11:42:26","modified_gmt":"2025-08-01T09:42:26","slug":"wilderer-rose-water-gin","status":"publish","type":"product","link":"https:\/\/proteawines.ch\/fr\/shop\/wilderer-rose-water-gin\/","title":{"rendered":"Wilderer Rose Water Gin"},"content":{"rendered":"<p>Aussi frais et floral qu&#8217;une bouff\u00e9e d&#8217;air printanier ! Le distillateur infuse des p\u00e9tales de rose frais avec du geni\u00e8vre, de la cannelle, de la cardamome et quelques plantes secr\u00e8tes pour recr\u00e9er naturellement l&#8217;ar\u00f4me du \u00ab\u00a0loukoum\u00a0\u00bb.<\/p>\n<p>\u00c9quilibr\u00e9 et raffin\u00e9, avec un fond complexe de geni\u00e8vre et d&#8217;\u00e9pices.<\/p>\n<p>Ce gin \u00e0 l&#8217;eau de rose Wilderer a remport\u00e9 deux m\u00e9dailles d&#8217;or\u00a0!<\/p>\n<p><strong>Id\u00e9e recette<\/strong><\/p>\n<p>D\u00e9gustez le gin \u00e0 l&#8217;eau de rose Wilderer avec des gla\u00e7ons, compl\u00e9tez avec un tonic de haute qualit\u00e9 et d\u00e9corez de p\u00e9tales de rose. Vous pouvez \u00e9galement agr\u00e9menter ce cocktail de menthe fra\u00eeche ou de citron.<\/p>\n","protected":false},"excerpt":{"rendered":"<p>Aussi frais et floral qu&#8217;une bouff\u00e9e d&#8217;air printanier ! Le distillateur infuse des p\u00e9tales de rose frais avec du geni\u00e8vre, de la cannelle, de la cardamome et quelques plantes secr\u00e8tes pour recr\u00e9er naturellement l&#8217;ar\u00f4me du \u00ab\u00a0loukoum\u00a0\u00bb. \u00c9quilibr\u00e9 et raffin\u00e9, avec un fond complexe de geni\u00e8vre et d&#8217;\u00e9pices. Ce gin \u00e0 l&#8217;eau de rose Wilderer a [&hellip;]<\/p>\n","protected":false},"featured_media":21193,"template":"","meta":{"_uag_custom_page_level_css":"","site-sidebar-layout":"default","site-content-layout":"default","ast-site-content-layout":"default","site-content-style":"default","site-sidebar-style":"default","ast-global-header-display":"","ast-banner-title-visibility":"","ast-main-header-display":"","ast-hfb-above-header-display":"","ast-hfb-below-header-display":"","ast-hfb-mobile-header-display":"","site-post-title":"","ast-breadcrumbs-content":"","ast-featured-img":"","footer-sml-layout":"","theme-transparent-header-meta":"default","adv-header-id-meta":"","stick-header-meta":"default","header-above-stick-meta":"","header-main-stick-meta":"","header-below-stick-meta":"","astra-migrate-meta-layouts":"default","ast-page-background-enabled":"default","ast-page-background-meta":{"desktop":{"background-color":"","background-image":"","background-repeat":"repeat","background-position":"center center","background-size":"auto","background-attachment":"scroll","background-type":"","background-media":"","overlay-type":"","overlay-color":"","overlay-opacity":"","overlay-gradient":""},"tablet":{"background-color":"","background-image":"","background-repeat":"repeat","background-position":"center center","background-size":"auto","background-attachment":"scroll","background-type":"","background-media":"","overlay-type":"","overlay-color":"","overlay-opacity":"","overlay-gradient":""},"mobile":{"background-color":"","background-image":"","background-repeat":"repeat","background-position":"center center","background-size":"auto","background-attachment":"scroll","background-type":"","background-media":"","overlay-type":"","overlay-color":"","overlay-opacity":"","overlay-gradient":""}},"ast-content-background-meta":{"desktop":{"background-color":"var(--ast-global-color-5)","background-image":"","background-repeat":"repeat","background-position":"center center","background-size":"auto","background-attachment":"scroll","background-type":"","background-media":"","overlay-type":"","overlay-color":"","overlay-opacity":"","overlay-gradient":""},"tablet":{"background-color":"var(--ast-global-color-5)","background-image":"","background-repeat":"repeat","background-position":"center center","background-size":"auto","background-attachment":"scroll","background-type":"","background-media":"","overlay-type":"","overlay-color":"","overlay-opacity":"","overlay-gradient":""},"mobile":{"background-color":"var(--ast-global-color-5)","background-image":"","background-repeat":"repeat","background-position":"center center","background-size":"auto","background-attachment":"scroll","background-type":"","background-media":"","overlay-type":"","overlay-color":"","overlay-opacity":"","overlay-gradient":""}}},"product_brand":[],"product_cat":[100],"product_tag":[69],"class_list":{"0":"post-17821","1":"product","2":"type-product","3":"status-publish","4":"has-post-thumbnail","6":"product_cat-eau-de-vie","7":"product_tag-afrique-du-sud","8":"desktop-align-center","9":"tablet-align-center","10":"mobile-align-center","11":"ast-product-gallery-layout-horizontal-slider","12":"ast-product-gallery-with-no-image","13":"ast-product-tabs-layout-vertical","15":"first","16":"instock","17":"shipping-taxable","18":"purchasable","19":"product-type-simple"},"yoast_head":"<!-- This site is optimized with the Yoast SEO Premium plugin v25.6 (Yoast SEO v25.6) - https:\/\/yoast.com\/wordpress\/plugins\/seo\/ -->\n<title>Wilderer Rose Water Gin - Protea Wines<\/title>\n<meta name=\"robots\" content=\"index, follow, max-snippet:-1, max-image-preview:large, max-video-preview:-1\" \/>\n<link rel=\"canonical\" href=\"https:\/\/proteawines.ch\/fr\/shop\/wilderer-rose-water-gin\/\" \/>\n<meta property=\"og:locale\" content=\"fr_FR\" \/>\n<meta property=\"og:type\" content=\"article\" \/>\n<meta property=\"og:title\" content=\"Wilderer Rose Water Gin\" \/>\n<meta property=\"og:description\" content=\"Aussi frais et floral qu&#039;une bouff\u00e9e d&#039;air printanier ! Le distillateur infuse des p\u00e9tales de rose frais avec du geni\u00e8vre, de la cannelle, de la cardamome\" \/>\n<meta property=\"og:url\" content=\"https:\/\/proteawines.ch\/fr\/shop\/wilderer-rose-water-gin\/\" \/>\n<meta property=\"og:site_name\" content=\"Protea Wines\" \/>\n<meta property=\"article:publisher\" content=\"https:\/\/www.facebook.com\/proteawines\/\" \/>\n<meta property=\"article:modified_time\" content=\"2025-08-01T09:42:26+00:00\" \/>\n<meta property=\"og:image\" content=\"https:\/\/proteawines.ch\/wp-content\/uploads\/2024\/09\/Wilderer_Rose_Water_Gin.jpg\" \/>\n\t<meta property=\"og:image:width\" content=\"800\" \/>\n\t<meta property=\"og:image:height\" content=\"800\" \/>\n\t<meta property=\"og:image:type\" content=\"image\/jpeg\" \/>\n<meta name=\"twitter:card\" content=\"summary_large_image\" \/>\n<meta name=\"twitter:label1\" content=\"Dur\u00e9e de lecture estim\u00e9e\" \/>\n\t<meta name=\"twitter:data1\" content=\"1 minute\" \/>\n<script type=\"application\/ld+json\" class=\"yoast-schema-graph\">{\"@context\":\"https:\/\/schema.org\",\"@graph\":[{\"@type\":\"WebPage\",\"@id\":\"https:\/\/proteawines.ch\/fr\/shop\/wilderer-rose-water-gin\/\",\"url\":\"https:\/\/proteawines.ch\/fr\/shop\/wilderer-rose-water-gin\/\",\"name\":\"Wilderer Rose Water Gin - Protea Wines\",\"isPartOf\":{\"@id\":\"https:\/\/proteawines.ch\/fr\/#website\"},\"primaryImageOfPage\":{\"@id\":\"https:\/\/proteawines.ch\/fr\/shop\/wilderer-rose-water-gin\/#primaryimage\"},\"image\":{\"@id\":\"https:\/\/proteawines.ch\/fr\/shop\/wilderer-rose-water-gin\/#primaryimage\"},\"thumbnailUrl\":\"https:\/\/proteawines.ch\/wp-content\/uploads\/2024\/09\/Wilderer_Rose_Water_Gin.jpg\",\"datePublished\":\"2020-06-14T19:43:25+00:00\",\"dateModified\":\"2025-08-01T09:42:26+00:00\",\"breadcrumb\":{\"@id\":\"https:\/\/proteawines.ch\/fr\/shop\/wilderer-rose-water-gin\/#breadcrumb\"},\"inLanguage\":\"fr-FR\",\"potentialAction\":[{\"@type\":\"ReadAction\",\"target\":[\"https:\/\/proteawines.ch\/fr\/shop\/wilderer-rose-water-gin\/\"]}]},{\"@type\":\"ImageObject\",\"inLanguage\":\"fr-FR\",\"@id\":\"https:\/\/proteawines.ch\/fr\/shop\/wilderer-rose-water-gin\/#primaryimage\",\"url\":\"https:\/\/proteawines.ch\/wp-content\/uploads\/2024\/09\/Wilderer_Rose_Water_Gin.jpg\",\"contentUrl\":\"https:\/\/proteawines.ch\/wp-content\/uploads\/2024\/09\/Wilderer_Rose_Water_Gin.jpg\",\"width\":800,\"height\":800},{\"@type\":\"BreadcrumbList\",\"@id\":\"https:\/\/proteawines.ch\/fr\/shop\/wilderer-rose-water-gin\/#breadcrumb\",\"itemListElement\":[{\"@type\":\"ListItem\",\"position\":1,\"name\":\"Accueil\",\"item\":\"https:\/\/proteawines.ch\/fr\/\"},{\"@type\":\"ListItem\",\"position\":2,\"name\":\"Boutique de vins\",\"item\":\"https:\/\/proteawines.ch\/fr\/boutique-en-ligne\/\"},{\"@type\":\"ListItem\",\"position\":3,\"name\":\"Wilderer Rose Water Gin\"}]},{\"@type\":\"WebSite\",\"@id\":\"https:\/\/proteawines.ch\/fr\/#website\",\"url\":\"https:\/\/proteawines.ch\/fr\/\",\"name\":\"Protea Wines\",\"description\":\"Exzellente Weine zum besten Preis - Online bestellen, zu Hause geniessen.\",\"publisher\":{\"@id\":\"https:\/\/proteawines.ch\/fr\/#organization\"},\"potentialAction\":[{\"@type\":\"SearchAction\",\"target\":{\"@type\":\"EntryPoint\",\"urlTemplate\":\"https:\/\/proteawines.ch\/fr\/?s={search_term_string}\"},\"query-input\":{\"@type\":\"PropertyValueSpecification\",\"valueRequired\":true,\"valueName\":\"search_term_string\"}}],\"inLanguage\":\"fr-FR\"},{\"@type\":\"Organization\",\"@id\":\"https:\/\/proteawines.ch\/fr\/#organization\",\"name\":\"Protea Wines\",\"url\":\"https:\/\/proteawines.ch\/fr\/\",\"logo\":{\"@type\":\"ImageObject\",\"inLanguage\":\"fr-FR\",\"@id\":\"https:\/\/proteawines.ch\/fr\/#\/schema\/logo\/image\/\",\"url\":\"https:\/\/proteawines.ch\/wp-content\/uploads\/2016\/03\/ProteaWines_logo_rect-1.png\",\"contentUrl\":\"https:\/\/proteawines.ch\/wp-content\/uploads\/2016\/03\/ProteaWines_logo_rect-1.png\",\"width\":500,\"height\":354,\"caption\":\"Protea Wines\"},\"image\":{\"@id\":\"https:\/\/proteawines.ch\/fr\/#\/schema\/logo\/image\/\"},\"sameAs\":[\"https:\/\/www.facebook.com\/proteawines\/\",\"https:\/\/www.instagram.com\/proteawines\/\"]}]}<\/script>\n<!-- \/ Yoast SEO Premium plugin. -->","yoast_head_json":{"title":"Wilderer Rose Water Gin - Protea Wines","robots":{"index":"index","follow":"follow","max-snippet":"max-snippet:-1","max-image-preview":"max-image-preview:large","max-video-preview":"max-video-preview:-1"},"canonical":"https:\/\/proteawines.ch\/fr\/shop\/wilderer-rose-water-gin\/","og_locale":"fr_FR","og_type":"article","og_title":"Wilderer Rose Water Gin","og_description":"Aussi frais et floral qu'une bouff\u00e9e d'air printanier ! Le distillateur infuse des p\u00e9tales de rose frais avec du geni\u00e8vre, de la cannelle, de la cardamome","og_url":"https:\/\/proteawines.ch\/fr\/shop\/wilderer-rose-water-gin\/","og_site_name":"Protea Wines","article_publisher":"https:\/\/www.facebook.com\/proteawines\/","article_modified_time":"2025-08-01T09:42:26+00:00","og_image":[{"width":800,"height":800,"url":"https:\/\/proteawines.ch\/wp-content\/uploads\/2024\/09\/Wilderer_Rose_Water_Gin.jpg","type":"image\/jpeg"}],"twitter_card":"summary_large_image","twitter_misc":{"Dur\u00e9e de lecture estim\u00e9e":"1 minute"},"schema":{"@context":"https:\/\/schema.org","@graph":[{"@type":"WebPage","@id":"https:\/\/proteawines.ch\/fr\/shop\/wilderer-rose-water-gin\/","url":"https:\/\/proteawines.ch\/fr\/shop\/wilderer-rose-water-gin\/","name":"Wilderer Rose Water Gin - Protea Wines","isPartOf":{"@id":"https:\/\/proteawines.ch\/fr\/#website"},"primaryImageOfPage":{"@id":"https:\/\/proteawines.ch\/fr\/shop\/wilderer-rose-water-gin\/#primaryimage"},"image":{"@id":"https:\/\/proteawines.ch\/fr\/shop\/wilderer-rose-water-gin\/#primaryimage"},"thumbnailUrl":"https:\/\/proteawines.ch\/wp-content\/uploads\/2024\/09\/Wilderer_Rose_Water_Gin.jpg","datePublished":"2020-06-14T19:43:25+00:00","dateModified":"2025-08-01T09:42:26+00:00","breadcrumb":{"@id":"https:\/\/proteawines.ch\/fr\/shop\/wilderer-rose-water-gin\/#breadcrumb"},"inLanguage":"fr-FR","potentialAction":[{"@type":"ReadAction","target":["https:\/\/proteawines.ch\/fr\/shop\/wilderer-rose-water-gin\/"]}]},{"@type":"ImageObject","inLanguage":"fr-FR","@id":"https:\/\/proteawines.ch\/fr\/shop\/wilderer-rose-water-gin\/#primaryimage","url":"https:\/\/proteawines.ch\/wp-content\/uploads\/2024\/09\/Wilderer_Rose_Water_Gin.jpg","contentUrl":"https:\/\/proteawines.ch\/wp-content\/uploads\/2024\/09\/Wilderer_Rose_Water_Gin.jpg","width":800,"height":800},{"@type":"BreadcrumbList","@id":"https:\/\/proteawines.ch\/fr\/shop\/wilderer-rose-water-gin\/#breadcrumb","itemListElement":[{"@type":"ListItem","position":1,"name":"Accueil","item":"https:\/\/proteawines.ch\/fr\/"},{"@type":"ListItem","position":2,"name":"Boutique de vins","item":"https:\/\/proteawines.ch\/fr\/boutique-en-ligne\/"},{"@type":"ListItem","position":3,"name":"Wilderer Rose Water Gin"}]},{"@type":"WebSite","@id":"https:\/\/proteawines.ch\/fr\/#website","url":"https:\/\/proteawines.ch\/fr\/","name":"Protea Wines","description":"Exzellente Weine zum besten Preis - Online bestellen, zu Hause geniessen.","publisher":{"@id":"https:\/\/proteawines.ch\/fr\/#organization"},"potentialAction":[{"@type":"SearchAction","target":{"@type":"EntryPoint","urlTemplate":"https:\/\/proteawines.ch\/fr\/?s={search_term_string}"},"query-input":{"@type":"PropertyValueSpecification","valueRequired":true,"valueName":"search_term_string"}}],"inLanguage":"fr-FR"},{"@type":"Organization","@id":"https:\/\/proteawines.ch\/fr\/#organization","name":"Protea Wines","url":"https:\/\/proteawines.ch\/fr\/","logo":{"@type":"ImageObject","inLanguage":"fr-FR","@id":"https:\/\/proteawines.ch\/fr\/#\/schema\/logo\/image\/","url":"https:\/\/proteawines.ch\/wp-content\/uploads\/2016\/03\/ProteaWines_logo_rect-1.png","contentUrl":"https:\/\/proteawines.ch\/wp-content\/uploads\/2016\/03\/ProteaWines_logo_rect-1.png","width":500,"height":354,"caption":"Protea Wines"},"image":{"@id":"https:\/\/proteawines.ch\/fr\/#\/schema\/logo\/image\/"},"sameAs":["https:\/\/www.facebook.com\/proteawines\/","https:\/\/www.instagram.com\/proteawines\/"]}]}},"uagb_featured_image_src":{"full":["https:\/\/proteawines.ch\/wp-content\/uploads\/2024\/09\/Wilderer_Rose_Water_Gin.jpg",800,800,false],"thumbnail":["https:\/\/proteawines.ch\/wp-content\/uploads\/2024\/09\/Wilderer_Rose_Water_Gin-150x150.jpg",150,150,true],"medium":["https:\/\/proteawines.ch\/wp-content\/uploads\/2024\/09\/Wilderer_Rose_Water_Gin-300x300.jpg",300,300,true],"medium_large":["https:\/\/proteawines.ch\/wp-content\/uploads\/2024\/09\/Wilderer_Rose_Water_Gin-768x768.jpg",768,768,true],"large":["https:\/\/proteawines.ch\/wp-content\/uploads\/2024\/09\/Wilderer_Rose_Water_Gin.jpg",800,800,false],"1536x1536":["https:\/\/proteawines.ch\/wp-content\/uploads\/2024\/09\/Wilderer_Rose_Water_Gin.jpg",800,800,false],"2048x2048":["https:\/\/proteawines.ch\/wp-content\/uploads\/2024\/09\/Wilderer_Rose_Water_Gin.jpg",800,800,false],"woocommerce_thumbnail":["https:\/\/proteawines.ch\/wp-content\/uploads\/2024\/09\/Wilderer_Rose_Water_Gin-450x450.jpg",450,450,true],"woocommerce_single":["https:\/\/proteawines.ch\/wp-content\/uploads\/2024\/09\/Wilderer_Rose_Water_Gin-555x555.jpg",555,555,true],"woocommerce_gallery_thumbnail":["https:\/\/proteawines.ch\/wp-content\/uploads\/2024\/09\/Wilderer_Rose_Water_Gin-100x100.jpg",100,100,true]},"uagb_author_info":{"display_name":"Protea Wines","author_link":"https:\/\/proteawines.ch\/fr\/author\/"},"uagb_comment_info":0,"uagb_excerpt":"Aussi frais et floral qu&#8217;une bouff\u00e9e d&#8217;air printanier ! Le distillateur infuse des p\u00e9tales de rose frais avec du geni\u00e8vre, de la cannelle, de la cardamome et quelques plantes secr\u00e8tes pour recr\u00e9er naturellement l&#8217;ar\u00f4me du \u00ab\u00a0loukoum\u00a0\u00bb. \u00c9quilibr\u00e9 et raffin\u00e9, avec un fond complexe de geni\u00e8vre et d&#8217;\u00e9pices. Ce gin \u00e0 l&#8217;eau de rose Wilderer a\u2026","_links":{"self":[{"href":"https:\/\/proteawines.ch\/fr\/wp-json\/wp\/v2\/product\/17821","targetHints":{"allow":["GET"]}}],"collection":[{"href":"https:\/\/proteawines.ch\/fr\/wp-json\/wp\/v2\/product"}],"about":[{"href":"https:\/\/proteawines.ch\/fr\/wp-json\/wp\/v2\/types\/product"}],"wp:featuredmedia":[{"embeddable":true,"href":"https:\/\/proteawines.ch\/fr\/wp-json\/wp\/v2\/media\/21193"}],"wp:attachment":[{"href":"https:\/\/proteawines.ch\/fr\/wp-json\/wp\/v2\/media?parent=17821"}],"wp:term":[{"taxonomy":"product_brand","embeddable":true,"href":"https:\/\/proteawines.ch\/fr\/wp-json\/wp\/v2\/product_brand?post=17821"},{"taxonomy":"product_cat","embeddable":true,"href":"https:\/\/proteawines.ch\/fr\/wp-json\/wp\/v2\/product_cat?post=17821"},{"taxonomy":"product_tag","embeddable":true,"href":"https:\/\/proteawines.ch\/fr\/wp-json\/wp\/v2\/product_tag?post=17821"}],"curies":[{"name":"wp","href":"https:\/\/api.w.org\/{rel}","templated":true}]}}