{"id":17750,"date":"2020-04-08T22:18:20","date_gmt":"2020-04-08T20:18:20","guid":{"rendered":"https:\/\/proteawines.ch\/?post_type=product&#038;p=17750"},"modified":"2025-08-01T13:13:00","modified_gmt":"2025-08-01T11:13:00","slug":"sapientia-verdejo-espagne","status":"publish","type":"product","link":"https:\/\/proteawines.ch\/fr\/shop\/sapientia-verdejo-espagne\/","title":{"rendered":"Sapientia Verdejo 2019"},"content":{"rendered":"<p>L&#8217;authenticit\u00e9 du c\u00e9page Verdejo transpara\u00eet au nez, offrant des ar\u00f4mes intenses, \u00e9l\u00e9gants et frais. Ses notes d&#8217;herbes et de fleurs blanches se distinguent, ainsi que l&#8217;anis, le fenouil et des notes de garrigue.<\/p>\n<p>La bouche pr\u00e9sente une excellente structure et un volume remarquable. Le Sapientia Verdejo est onctueux et \u00e9l\u00e9gant, avec une l\u00e9g\u00e8re amertume en finale, typique de ce c\u00e9page.<\/p>\n<p>100 % Verdejo<\/p>\n<p><strong>Accords mets et vins<\/strong><\/p>\n<p>Savourez le Sapientia Verdejo avec du poisson, des fruits de mer, des p\u00e2tes, du riz, de la viande blanche ou tout simplement en ap\u00e9ritif\u00a0! Il accompagne \u00e9galement parfaitement les poissons fum\u00e9s comme le saumon, le thon blanc ou la truite.<\/p>\n","protected":false},"excerpt":{"rendered":"<p>L&#8217;authenticit\u00e9 du c\u00e9page Verdejo transpara\u00eet au nez, offrant des ar\u00f4mes intenses, \u00e9l\u00e9gants et frais. Ses notes d&#8217;herbes et de fleurs blanches se distinguent, ainsi que l&#8217;anis, le fenouil et des notes de garrigue. La bouche pr\u00e9sente une excellente structure et un volume remarquable. Le Sapientia Verdejo est onctueux et \u00e9l\u00e9gant, avec une l\u00e9g\u00e8re amertume en [&hellip;]<\/p>\n","protected":false},"featured_media":21109,"template":"","meta":{"_uag_custom_page_level_css":"","site-sidebar-layout":"default","site-content-layout":"default","ast-site-content-layout":"default","site-content-style":"default","site-sidebar-style":"default","ast-global-header-display":"","ast-banner-title-visibility":"","ast-main-header-display":"","ast-hfb-above-header-display":"","ast-hfb-below-header-display":"","ast-hfb-mobile-header-display":"","site-post-title":"","ast-breadcrumbs-content":"","ast-featured-img":"","footer-sml-layout":"","theme-transparent-header-meta":"default","adv-header-id-meta":"","stick-header-meta":"default","header-above-stick-meta":"","header-main-stick-meta":"","header-below-stick-meta":"","astra-migrate-meta-layouts":"default","ast-page-background-enabled":"default","ast-page-background-meta":{"desktop":{"background-color":"","background-image":"","background-repeat":"repeat","background-position":"center center","background-size":"auto","background-attachment":"scroll","background-type":"","background-media":"","overlay-type":"","overlay-color":"","overlay-opacity":"","overlay-gradient":""},"tablet":{"background-color":"","background-image":"","background-repeat":"repeat","background-position":"center center","background-size":"auto","background-attachment":"scroll","background-type":"","background-media":"","overlay-type":"","overlay-color":"","overlay-opacity":"","overlay-gradient":""},"mobile":{"background-color":"","background-image":"","background-repeat":"repeat","background-position":"center center","background-size":"auto","background-attachment":"scroll","background-type":"","background-media":"","overlay-type":"","overlay-color":"","overlay-opacity":"","overlay-gradient":""}},"ast-content-background-meta":{"desktop":{"background-color":"var(--ast-global-color-5)","background-image":"","background-repeat":"repeat","background-position":"center center","background-size":"auto","background-attachment":"scroll","background-type":"","background-media":"","overlay-type":"","overlay-color":"","overlay-opacity":"","overlay-gradient":""},"tablet":{"background-color":"var(--ast-global-color-5)","background-image":"","background-repeat":"repeat","background-position":"center center","background-size":"auto","background-attachment":"scroll","background-type":"","background-media":"","overlay-type":"","overlay-color":"","overlay-opacity":"","overlay-gradient":""},"mobile":{"background-color":"var(--ast-global-color-5)","background-image":"","background-repeat":"repeat","background-position":"center center","background-size":"auto","background-attachment":"scroll","background-type":"","background-media":"","overlay-type":"","overlay-color":"","overlay-opacity":"","overlay-gradient":""}}},"product_brand":[],"product_cat":[59],"product_tag":[995],"class_list":{"0":"post-17750","1":"product","2":"type-product","3":"status-publish","4":"has-post-thumbnail","6":"product_cat-vin-blanc","7":"product_tag-espagne","8":"desktop-align-center","9":"tablet-align-center","10":"mobile-align-center","11":"ast-product-gallery-layout-horizontal-slider","12":"ast-product-gallery-with-no-image","13":"ast-product-tabs-layout-vertical","15":"first","16":"instock","17":"shipping-taxable","18":"purchasable","19":"product-type-simple"},"yoast_head":"<!-- This site is optimized with the Yoast SEO Premium plugin v25.6 (Yoast SEO v25.6) - https:\/\/yoast.com\/wordpress\/plugins\/seo\/ -->\n<title>Sapientia Verdejo 2019 - Protea Wines<\/title>\n<meta name=\"robots\" content=\"index, follow, max-snippet:-1, max-image-preview:large, max-video-preview:-1\" \/>\n<link rel=\"canonical\" href=\"https:\/\/proteawines.ch\/fr\/shop\/sapientia-verdejo-espagne\/\" \/>\n<meta property=\"og:locale\" content=\"fr_FR\" \/>\n<meta property=\"og:type\" content=\"article\" \/>\n<meta property=\"og:title\" content=\"Sapientia Verdejo 2019\" \/>\n<meta property=\"og:description\" content=\"L&#039;authenticit\u00e9 du c\u00e9page Verdejo transpara\u00eet au nez, offrant des ar\u00f4mes intenses, \u00e9l\u00e9gants et frais. Ses notes d&#039;herbes et de fleurs blanches se\" \/>\n<meta property=\"og:url\" content=\"https:\/\/proteawines.ch\/fr\/shop\/sapientia-verdejo-espagne\/\" \/>\n<meta property=\"og:site_name\" content=\"Protea Wines\" \/>\n<meta property=\"article:publisher\" content=\"https:\/\/www.facebook.com\/proteawines\/\" \/>\n<meta property=\"article:modified_time\" content=\"2025-08-01T11:13:00+00:00\" \/>\n<meta property=\"og:image\" content=\"https:\/\/proteawines.ch\/wp-content\/uploads\/2024\/09\/Sapientia_Verdejo.jpg\" \/>\n\t<meta property=\"og:image:width\" content=\"800\" \/>\n\t<meta property=\"og:image:height\" content=\"800\" \/>\n\t<meta property=\"og:image:type\" content=\"image\/jpeg\" \/>\n<meta name=\"twitter:card\" content=\"summary_large_image\" \/>\n<meta name=\"twitter:label1\" content=\"Dur\u00e9e de lecture estim\u00e9e\" \/>\n\t<meta name=\"twitter:data1\" content=\"1 minute\" \/>\n<script type=\"application\/ld+json\" class=\"yoast-schema-graph\">{\"@context\":\"https:\/\/schema.org\",\"@graph\":[{\"@type\":\"WebPage\",\"@id\":\"https:\/\/proteawines.ch\/fr\/shop\/sapientia-verdejo-espagne\/\",\"url\":\"https:\/\/proteawines.ch\/fr\/shop\/sapientia-verdejo-espagne\/\",\"name\":\"Sapientia Verdejo 2019 - Protea Wines\",\"isPartOf\":{\"@id\":\"https:\/\/proteawines.ch\/fr\/#website\"},\"primaryImageOfPage\":{\"@id\":\"https:\/\/proteawines.ch\/fr\/shop\/sapientia-verdejo-espagne\/#primaryimage\"},\"image\":{\"@id\":\"https:\/\/proteawines.ch\/fr\/shop\/sapientia-verdejo-espagne\/#primaryimage\"},\"thumbnailUrl\":\"https:\/\/proteawines.ch\/wp-content\/uploads\/2024\/09\/Sapientia_Verdejo.jpg\",\"datePublished\":\"2020-04-08T20:18:20+00:00\",\"dateModified\":\"2025-08-01T11:13:00+00:00\",\"breadcrumb\":{\"@id\":\"https:\/\/proteawines.ch\/fr\/shop\/sapientia-verdejo-espagne\/#breadcrumb\"},\"inLanguage\":\"fr-FR\",\"potentialAction\":[{\"@type\":\"ReadAction\",\"target\":[\"https:\/\/proteawines.ch\/fr\/shop\/sapientia-verdejo-espagne\/\"]}]},{\"@type\":\"ImageObject\",\"inLanguage\":\"fr-FR\",\"@id\":\"https:\/\/proteawines.ch\/fr\/shop\/sapientia-verdejo-espagne\/#primaryimage\",\"url\":\"https:\/\/proteawines.ch\/wp-content\/uploads\/2024\/09\/Sapientia_Verdejo.jpg\",\"contentUrl\":\"https:\/\/proteawines.ch\/wp-content\/uploads\/2024\/09\/Sapientia_Verdejo.jpg\",\"width\":800,\"height\":800},{\"@type\":\"BreadcrumbList\",\"@id\":\"https:\/\/proteawines.ch\/fr\/shop\/sapientia-verdejo-espagne\/#breadcrumb\",\"itemListElement\":[{\"@type\":\"ListItem\",\"position\":1,\"name\":\"Accueil\",\"item\":\"https:\/\/proteawines.ch\/fr\/\"},{\"@type\":\"ListItem\",\"position\":2,\"name\":\"Boutique de vins\",\"item\":\"https:\/\/proteawines.ch\/fr\/boutique-en-ligne\/\"},{\"@type\":\"ListItem\",\"position\":3,\"name\":\"Sapientia Verdejo 2019\"}]},{\"@type\":\"WebSite\",\"@id\":\"https:\/\/proteawines.ch\/fr\/#website\",\"url\":\"https:\/\/proteawines.ch\/fr\/\",\"name\":\"Protea Wines\",\"description\":\"Exzellente Weine zum besten Preis - Online bestellen, zu Hause geniessen.\",\"publisher\":{\"@id\":\"https:\/\/proteawines.ch\/fr\/#organization\"},\"potentialAction\":[{\"@type\":\"SearchAction\",\"target\":{\"@type\":\"EntryPoint\",\"urlTemplate\":\"https:\/\/proteawines.ch\/fr\/?s={search_term_string}\"},\"query-input\":{\"@type\":\"PropertyValueSpecification\",\"valueRequired\":true,\"valueName\":\"search_term_string\"}}],\"inLanguage\":\"fr-FR\"},{\"@type\":\"Organization\",\"@id\":\"https:\/\/proteawines.ch\/fr\/#organization\",\"name\":\"Protea Wines\",\"url\":\"https:\/\/proteawines.ch\/fr\/\",\"logo\":{\"@type\":\"ImageObject\",\"inLanguage\":\"fr-FR\",\"@id\":\"https:\/\/proteawines.ch\/fr\/#\/schema\/logo\/image\/\",\"url\":\"https:\/\/proteawines.ch\/wp-content\/uploads\/2016\/03\/ProteaWines_logo_rect-1.png\",\"contentUrl\":\"https:\/\/proteawines.ch\/wp-content\/uploads\/2016\/03\/ProteaWines_logo_rect-1.png\",\"width\":500,\"height\":354,\"caption\":\"Protea Wines\"},\"image\":{\"@id\":\"https:\/\/proteawines.ch\/fr\/#\/schema\/logo\/image\/\"},\"sameAs\":[\"https:\/\/www.facebook.com\/proteawines\/\",\"https:\/\/www.instagram.com\/proteawines\/\"]}]}<\/script>\n<!-- \/ Yoast SEO Premium plugin. -->","yoast_head_json":{"title":"Sapientia Verdejo 2019 - Protea Wines","robots":{"index":"index","follow":"follow","max-snippet":"max-snippet:-1","max-image-preview":"max-image-preview:large","max-video-preview":"max-video-preview:-1"},"canonical":"https:\/\/proteawines.ch\/fr\/shop\/sapientia-verdejo-espagne\/","og_locale":"fr_FR","og_type":"article","og_title":"Sapientia Verdejo 2019","og_description":"L'authenticit\u00e9 du c\u00e9page Verdejo transpara\u00eet au nez, offrant des ar\u00f4mes intenses, \u00e9l\u00e9gants et frais. Ses notes d'herbes et de fleurs blanches se","og_url":"https:\/\/proteawines.ch\/fr\/shop\/sapientia-verdejo-espagne\/","og_site_name":"Protea Wines","article_publisher":"https:\/\/www.facebook.com\/proteawines\/","article_modified_time":"2025-08-01T11:13:00+00:00","og_image":[{"width":800,"height":800,"url":"https:\/\/proteawines.ch\/wp-content\/uploads\/2024\/09\/Sapientia_Verdejo.jpg","type":"image\/jpeg"}],"twitter_card":"summary_large_image","twitter_misc":{"Dur\u00e9e de lecture estim\u00e9e":"1 minute"},"schema":{"@context":"https:\/\/schema.org","@graph":[{"@type":"WebPage","@id":"https:\/\/proteawines.ch\/fr\/shop\/sapientia-verdejo-espagne\/","url":"https:\/\/proteawines.ch\/fr\/shop\/sapientia-verdejo-espagne\/","name":"Sapientia Verdejo 2019 - Protea Wines","isPartOf":{"@id":"https:\/\/proteawines.ch\/fr\/#website"},"primaryImageOfPage":{"@id":"https:\/\/proteawines.ch\/fr\/shop\/sapientia-verdejo-espagne\/#primaryimage"},"image":{"@id":"https:\/\/proteawines.ch\/fr\/shop\/sapientia-verdejo-espagne\/#primaryimage"},"thumbnailUrl":"https:\/\/proteawines.ch\/wp-content\/uploads\/2024\/09\/Sapientia_Verdejo.jpg","datePublished":"2020-04-08T20:18:20+00:00","dateModified":"2025-08-01T11:13:00+00:00","breadcrumb":{"@id":"https:\/\/proteawines.ch\/fr\/shop\/sapientia-verdejo-espagne\/#breadcrumb"},"inLanguage":"fr-FR","potentialAction":[{"@type":"ReadAction","target":["https:\/\/proteawines.ch\/fr\/shop\/sapientia-verdejo-espagne\/"]}]},{"@type":"ImageObject","inLanguage":"fr-FR","@id":"https:\/\/proteawines.ch\/fr\/shop\/sapientia-verdejo-espagne\/#primaryimage","url":"https:\/\/proteawines.ch\/wp-content\/uploads\/2024\/09\/Sapientia_Verdejo.jpg","contentUrl":"https:\/\/proteawines.ch\/wp-content\/uploads\/2024\/09\/Sapientia_Verdejo.jpg","width":800,"height":800},{"@type":"BreadcrumbList","@id":"https:\/\/proteawines.ch\/fr\/shop\/sapientia-verdejo-espagne\/#breadcrumb","itemListElement":[{"@type":"ListItem","position":1,"name":"Accueil","item":"https:\/\/proteawines.ch\/fr\/"},{"@type":"ListItem","position":2,"name":"Boutique de vins","item":"https:\/\/proteawines.ch\/fr\/boutique-en-ligne\/"},{"@type":"ListItem","position":3,"name":"Sapientia Verdejo 2019"}]},{"@type":"WebSite","@id":"https:\/\/proteawines.ch\/fr\/#website","url":"https:\/\/proteawines.ch\/fr\/","name":"Protea Wines","description":"Exzellente Weine zum besten Preis - Online bestellen, zu Hause geniessen.","publisher":{"@id":"https:\/\/proteawines.ch\/fr\/#organization"},"potentialAction":[{"@type":"SearchAction","target":{"@type":"EntryPoint","urlTemplate":"https:\/\/proteawines.ch\/fr\/?s={search_term_string}"},"query-input":{"@type":"PropertyValueSpecification","valueRequired":true,"valueName":"search_term_string"}}],"inLanguage":"fr-FR"},{"@type":"Organization","@id":"https:\/\/proteawines.ch\/fr\/#organization","name":"Protea Wines","url":"https:\/\/proteawines.ch\/fr\/","logo":{"@type":"ImageObject","inLanguage":"fr-FR","@id":"https:\/\/proteawines.ch\/fr\/#\/schema\/logo\/image\/","url":"https:\/\/proteawines.ch\/wp-content\/uploads\/2016\/03\/ProteaWines_logo_rect-1.png","contentUrl":"https:\/\/proteawines.ch\/wp-content\/uploads\/2016\/03\/ProteaWines_logo_rect-1.png","width":500,"height":354,"caption":"Protea Wines"},"image":{"@id":"https:\/\/proteawines.ch\/fr\/#\/schema\/logo\/image\/"},"sameAs":["https:\/\/www.facebook.com\/proteawines\/","https:\/\/www.instagram.com\/proteawines\/"]}]}},"uagb_featured_image_src":{"full":["https:\/\/proteawines.ch\/wp-content\/uploads\/2024\/09\/Sapientia_Verdejo.jpg",800,800,false],"thumbnail":["https:\/\/proteawines.ch\/wp-content\/uploads\/2024\/09\/Sapientia_Verdejo-150x150.jpg",150,150,true],"medium":["https:\/\/proteawines.ch\/wp-content\/uploads\/2024\/09\/Sapientia_Verdejo-300x300.jpg",300,300,true],"medium_large":["https:\/\/proteawines.ch\/wp-content\/uploads\/2024\/09\/Sapientia_Verdejo-768x768.jpg",768,768,true],"large":["https:\/\/proteawines.ch\/wp-content\/uploads\/2024\/09\/Sapientia_Verdejo.jpg",800,800,false],"1536x1536":["https:\/\/proteawines.ch\/wp-content\/uploads\/2024\/09\/Sapientia_Verdejo.jpg",800,800,false],"2048x2048":["https:\/\/proteawines.ch\/wp-content\/uploads\/2024\/09\/Sapientia_Verdejo.jpg",800,800,false],"woocommerce_thumbnail":["https:\/\/proteawines.ch\/wp-content\/uploads\/2024\/09\/Sapientia_Verdejo-450x450.jpg",450,450,true],"woocommerce_single":["https:\/\/proteawines.ch\/wp-content\/uploads\/2024\/09\/Sapientia_Verdejo-555x555.jpg",555,555,true],"woocommerce_gallery_thumbnail":["https:\/\/proteawines.ch\/wp-content\/uploads\/2024\/09\/Sapientia_Verdejo-100x100.jpg",100,100,true]},"uagb_author_info":{"display_name":"Protea Wines","author_link":"https:\/\/proteawines.ch\/fr\/author\/"},"uagb_comment_info":0,"uagb_excerpt":"L&#8217;authenticit\u00e9 du c\u00e9page Verdejo transpara\u00eet au nez, offrant des ar\u00f4mes intenses, \u00e9l\u00e9gants et frais. Ses notes d&#8217;herbes et de fleurs blanches se distinguent, ainsi que l&#8217;anis, le fenouil et des notes de garrigue. La bouche pr\u00e9sente une excellente structure et un volume remarquable. Le Sapientia Verdejo est onctueux et \u00e9l\u00e9gant, avec une l\u00e9g\u00e8re amertume en\u2026","_links":{"self":[{"href":"https:\/\/proteawines.ch\/fr\/wp-json\/wp\/v2\/product\/17750","targetHints":{"allow":["GET"]}}],"collection":[{"href":"https:\/\/proteawines.ch\/fr\/wp-json\/wp\/v2\/product"}],"about":[{"href":"https:\/\/proteawines.ch\/fr\/wp-json\/wp\/v2\/types\/product"}],"wp:featuredmedia":[{"embeddable":true,"href":"https:\/\/proteawines.ch\/fr\/wp-json\/wp\/v2\/media\/21109"}],"wp:attachment":[{"href":"https:\/\/proteawines.ch\/fr\/wp-json\/wp\/v2\/media?parent=17750"}],"wp:term":[{"taxonomy":"product_brand","embeddable":true,"href":"https:\/\/proteawines.ch\/fr\/wp-json\/wp\/v2\/product_brand?post=17750"},{"taxonomy":"product_cat","embeddable":true,"href":"https:\/\/proteawines.ch\/fr\/wp-json\/wp\/v2\/product_cat?post=17750"},{"taxonomy":"product_tag","embeddable":true,"href":"https:\/\/proteawines.ch\/fr\/wp-json\/wp\/v2\/product_tag?post=17750"}],"curies":[{"name":"wp","href":"https:\/\/api.w.org\/{rel}","templated":true}]}}