{"id":17400,"date":"2019-05-22T23:13:40","date_gmt":"2019-05-22T21:13:40","guid":{"rendered":"https:\/\/proteawines.ch\/?post_type=product&#038;p=17400"},"modified":"2025-08-01T13:25:08","modified_gmt":"2025-08-01T11:25:08","slug":"sancerre-rose-alban-roblin-france","status":"publish","type":"product","link":"https:\/\/proteawines.ch\/fr\/shop\/sancerre-rose-alban-roblin-france\/","title":{"rendered":"Ch\u00e2teau La Rabotine Sancerre Ros\u00e9 2021"},"content":{"rendered":"<p>Robe rose saumon clair, l\u00e9g\u00e8re et brillante. Le nez est frais et fruit\u00e9, avec des ar\u00f4mes de petits fruits rouges, principalement de framboises et de fraises. La bouche est magnifiquement \u00e9quilibr\u00e9e et offre des saveurs fruit\u00e9es captivantes.<\/p>\n<p>100 % Pinot Noir.<\/p>\n<p><strong>Accords mets et vins<\/strong><\/p>\n<p>Le Sancerre Ros\u00e9 du Ch\u00e2teau La Rabotine est recommand\u00e9 \u00e0 une temp\u00e9rature de service comprise entre 10 et 12 \u00b0C. C&#8217;est un vin d&#8217;ap\u00e9ritif d\u00e9licieux qui s&#8217;accorde \u00e9galement parfaitement avec des terrines, de la charcuterie, des viandes blanches ou simplement des grillades.<\/p>\n","protected":false},"excerpt":{"rendered":"<p>Robe rose saumon clair, l\u00e9g\u00e8re et brillante. Le nez est frais et fruit\u00e9, avec des ar\u00f4mes de petits fruits rouges, principalement de framboises et de fraises. La bouche est magnifiquement \u00e9quilibr\u00e9e et offre des saveurs fruit\u00e9es captivantes. 100 % Pinot Noir. Accords mets et vins Le Sancerre Ros\u00e9 du Ch\u00e2teau La Rabotine est recommand\u00e9 \u00e0 [&hellip;]<\/p>\n","protected":false},"featured_media":21327,"template":"","meta":{"_uag_custom_page_level_css":"","site-sidebar-layout":"default","site-content-layout":"default","ast-site-content-layout":"default","site-content-style":"default","site-sidebar-style":"default","ast-global-header-display":"","ast-banner-title-visibility":"","ast-main-header-display":"","ast-hfb-above-header-display":"","ast-hfb-below-header-display":"","ast-hfb-mobile-header-display":"","site-post-title":"","ast-breadcrumbs-content":"","ast-featured-img":"","footer-sml-layout":"","theme-transparent-header-meta":"default","adv-header-id-meta":"","stick-header-meta":"default","header-above-stick-meta":"","header-main-stick-meta":"","header-below-stick-meta":"","astra-migrate-meta-layouts":"set","ast-page-background-enabled":"default","ast-page-background-meta":{"desktop":{"background-color":"","background-image":"","background-repeat":"repeat","background-position":"center center","background-size":"auto","background-attachment":"scroll","background-type":"","background-media":"","overlay-type":"","overlay-color":"","overlay-opacity":"","overlay-gradient":""},"tablet":{"background-color":"","background-image":"","background-repeat":"repeat","background-position":"center center","background-size":"auto","background-attachment":"scroll","background-type":"","background-media":"","overlay-type":"","overlay-color":"","overlay-opacity":"","overlay-gradient":""},"mobile":{"background-color":"","background-image":"","background-repeat":"repeat","background-position":"center center","background-size":"auto","background-attachment":"scroll","background-type":"","background-media":"","overlay-type":"","overlay-color":"","overlay-opacity":"","overlay-gradient":""}},"ast-content-background-meta":{"desktop":{"background-color":"var(--ast-global-color-5)","background-image":"","background-repeat":"repeat","background-position":"center center","background-size":"auto","background-attachment":"scroll","background-type":"","background-media":"","overlay-type":"","overlay-color":"","overlay-opacity":"","overlay-gradient":""},"tablet":{"background-color":"var(--ast-global-color-5)","background-image":"","background-repeat":"repeat","background-position":"center center","background-size":"auto","background-attachment":"scroll","background-type":"","background-media":"","overlay-type":"","overlay-color":"","overlay-opacity":"","overlay-gradient":""},"mobile":{"background-color":"var(--ast-global-color-5)","background-image":"","background-repeat":"repeat","background-position":"center center","background-size":"auto","background-attachment":"scroll","background-type":"","background-media":"","overlay-type":"","overlay-color":"","overlay-opacity":"","overlay-gradient":""}}},"product_brand":[],"product_cat":[92],"product_tag":[72],"class_list":{"0":"post-17400","1":"product","2":"type-product","3":"status-publish","4":"has-post-thumbnail","6":"product_cat-vin-rose","7":"product_tag-france-fr","8":"desktop-align-center","9":"tablet-align-center","10":"mobile-align-center","11":"ast-product-gallery-layout-horizontal-slider","12":"ast-product-gallery-with-no-image","13":"ast-product-tabs-layout-vertical","15":"first","16":"instock","17":"shipping-taxable","18":"purchasable","19":"product-type-simple"},"yoast_head":"<!-- This site is optimized with the Yoast SEO Premium plugin v25.6 (Yoast SEO v25.6) - https:\/\/yoast.com\/wordpress\/plugins\/seo\/ -->\n<title>Ch\u00e2teau La Rabotine Sancerre Ros\u00e9 2021 - Protea Wines<\/title>\n<meta name=\"robots\" content=\"index, follow, max-snippet:-1, max-image-preview:large, max-video-preview:-1\" \/>\n<link rel=\"canonical\" href=\"https:\/\/proteawines.ch\/fr\/shop\/sancerre-rose-alban-roblin-france\/\" \/>\n<meta property=\"og:locale\" content=\"fr_FR\" \/>\n<meta property=\"og:type\" content=\"article\" \/>\n<meta property=\"og:title\" content=\"Ch\u00e2teau La Rabotine Sancerre Ros\u00e9 2021\" \/>\n<meta property=\"og:description\" content=\"Robe rose saumon clair, l\u00e9g\u00e8re et brillante. Le nez est frais et fruit\u00e9, avec des ar\u00f4mes de petits fruits rouges, principalement de framboises et de\" \/>\n<meta property=\"og:url\" content=\"https:\/\/proteawines.ch\/fr\/shop\/sancerre-rose-alban-roblin-france\/\" \/>\n<meta property=\"og:site_name\" content=\"Protea Wines\" \/>\n<meta property=\"article:publisher\" content=\"https:\/\/www.facebook.com\/proteawines\/\" \/>\n<meta property=\"article:modified_time\" content=\"2025-08-01T11:25:08+00:00\" \/>\n<meta property=\"og:image\" content=\"https:\/\/proteawines.ch\/wp-content\/uploads\/2024\/09\/Alban_Roblin_Sancerre_rose.jpg\" \/>\n\t<meta property=\"og:image:width\" content=\"800\" \/>\n\t<meta property=\"og:image:height\" content=\"800\" \/>\n\t<meta property=\"og:image:type\" content=\"image\/jpeg\" \/>\n<meta name=\"twitter:card\" content=\"summary_large_image\" \/>\n<meta name=\"twitter:label1\" content=\"Dur\u00e9e de lecture estim\u00e9e\" \/>\n\t<meta name=\"twitter:data1\" content=\"1 minute\" \/>\n<script type=\"application\/ld+json\" class=\"yoast-schema-graph\">{\"@context\":\"https:\/\/schema.org\",\"@graph\":[{\"@type\":\"WebPage\",\"@id\":\"https:\/\/proteawines.ch\/fr\/shop\/sancerre-rose-alban-roblin-france\/\",\"url\":\"https:\/\/proteawines.ch\/fr\/shop\/sancerre-rose-alban-roblin-france\/\",\"name\":\"Ch\u00e2teau La Rabotine Sancerre Ros\u00e9 2021 - Protea Wines\",\"isPartOf\":{\"@id\":\"https:\/\/proteawines.ch\/fr\/#website\"},\"primaryImageOfPage\":{\"@id\":\"https:\/\/proteawines.ch\/fr\/shop\/sancerre-rose-alban-roblin-france\/#primaryimage\"},\"image\":{\"@id\":\"https:\/\/proteawines.ch\/fr\/shop\/sancerre-rose-alban-roblin-france\/#primaryimage\"},\"thumbnailUrl\":\"https:\/\/proteawines.ch\/wp-content\/uploads\/2019\/05\/Rose_small.jpg\",\"datePublished\":\"2019-05-22T21:13:40+00:00\",\"dateModified\":\"2025-08-01T11:25:08+00:00\",\"breadcrumb\":{\"@id\":\"https:\/\/proteawines.ch\/fr\/shop\/sancerre-rose-alban-roblin-france\/#breadcrumb\"},\"inLanguage\":\"fr-FR\",\"potentialAction\":[{\"@type\":\"ReadAction\",\"target\":[\"https:\/\/proteawines.ch\/fr\/shop\/sancerre-rose-alban-roblin-france\/\"]}]},{\"@type\":\"ImageObject\",\"inLanguage\":\"fr-FR\",\"@id\":\"https:\/\/proteawines.ch\/fr\/shop\/sancerre-rose-alban-roblin-france\/#primaryimage\",\"url\":\"https:\/\/proteawines.ch\/wp-content\/uploads\/2019\/05\/Rose_small.jpg\",\"contentUrl\":\"https:\/\/proteawines.ch\/wp-content\/uploads\/2019\/05\/Rose_small.jpg\",\"width\":222,\"height\":800},{\"@type\":\"BreadcrumbList\",\"@id\":\"https:\/\/proteawines.ch\/fr\/shop\/sancerre-rose-alban-roblin-france\/#breadcrumb\",\"itemListElement\":[{\"@type\":\"ListItem\",\"position\":1,\"name\":\"Accueil\",\"item\":\"https:\/\/proteawines.ch\/fr\/\"},{\"@type\":\"ListItem\",\"position\":2,\"name\":\"Boutique de vins\",\"item\":\"https:\/\/proteawines.ch\/fr\/boutique-en-ligne\/\"},{\"@type\":\"ListItem\",\"position\":3,\"name\":\"Ch\u00e2teau La Rabotine Sancerre Ros\u00e9 2021\"}]},{\"@type\":\"WebSite\",\"@id\":\"https:\/\/proteawines.ch\/fr\/#website\",\"url\":\"https:\/\/proteawines.ch\/fr\/\",\"name\":\"Protea Wines\",\"description\":\"Exzellente Weine zum besten Preis - Online bestellen, zu Hause geniessen.\",\"publisher\":{\"@id\":\"https:\/\/proteawines.ch\/fr\/#organization\"},\"potentialAction\":[{\"@type\":\"SearchAction\",\"target\":{\"@type\":\"EntryPoint\",\"urlTemplate\":\"https:\/\/proteawines.ch\/fr\/?s={search_term_string}\"},\"query-input\":{\"@type\":\"PropertyValueSpecification\",\"valueRequired\":true,\"valueName\":\"search_term_string\"}}],\"inLanguage\":\"fr-FR\"},{\"@type\":\"Organization\",\"@id\":\"https:\/\/proteawines.ch\/fr\/#organization\",\"name\":\"Protea Wines\",\"url\":\"https:\/\/proteawines.ch\/fr\/\",\"logo\":{\"@type\":\"ImageObject\",\"inLanguage\":\"fr-FR\",\"@id\":\"https:\/\/proteawines.ch\/fr\/#\/schema\/logo\/image\/\",\"url\":\"https:\/\/proteawines.ch\/wp-content\/uploads\/2016\/03\/ProteaWines_logo_rect-1.png\",\"contentUrl\":\"https:\/\/proteawines.ch\/wp-content\/uploads\/2016\/03\/ProteaWines_logo_rect-1.png\",\"width\":500,\"height\":354,\"caption\":\"Protea Wines\"},\"image\":{\"@id\":\"https:\/\/proteawines.ch\/fr\/#\/schema\/logo\/image\/\"},\"sameAs\":[\"https:\/\/www.facebook.com\/proteawines\/\",\"https:\/\/www.instagram.com\/proteawines\/\"]}]}<\/script>\n<!-- \/ Yoast SEO Premium plugin. -->","yoast_head_json":{"title":"Ch\u00e2teau La Rabotine Sancerre Ros\u00e9 2021 - Protea Wines","robots":{"index":"index","follow":"follow","max-snippet":"max-snippet:-1","max-image-preview":"max-image-preview:large","max-video-preview":"max-video-preview:-1"},"canonical":"https:\/\/proteawines.ch\/fr\/shop\/sancerre-rose-alban-roblin-france\/","og_locale":"fr_FR","og_type":"article","og_title":"Ch\u00e2teau La Rabotine Sancerre Ros\u00e9 2021","og_description":"Robe rose saumon clair, l\u00e9g\u00e8re et brillante. Le nez est frais et fruit\u00e9, avec des ar\u00f4mes de petits fruits rouges, principalement de framboises et de","og_url":"https:\/\/proteawines.ch\/fr\/shop\/sancerre-rose-alban-roblin-france\/","og_site_name":"Protea Wines","article_publisher":"https:\/\/www.facebook.com\/proteawines\/","article_modified_time":"2025-08-01T11:25:08+00:00","og_image":[{"width":800,"height":800,"url":"https:\/\/proteawines.ch\/wp-content\/uploads\/2024\/09\/Alban_Roblin_Sancerre_rose.jpg","type":"image\/jpeg"}],"twitter_card":"summary_large_image","twitter_misc":{"Dur\u00e9e de lecture estim\u00e9e":"1 minute"},"schema":{"@context":"https:\/\/schema.org","@graph":[{"@type":"WebPage","@id":"https:\/\/proteawines.ch\/fr\/shop\/sancerre-rose-alban-roblin-france\/","url":"https:\/\/proteawines.ch\/fr\/shop\/sancerre-rose-alban-roblin-france\/","name":"Ch\u00e2teau La Rabotine Sancerre Ros\u00e9 2021 - Protea Wines","isPartOf":{"@id":"https:\/\/proteawines.ch\/fr\/#website"},"primaryImageOfPage":{"@id":"https:\/\/proteawines.ch\/fr\/shop\/sancerre-rose-alban-roblin-france\/#primaryimage"},"image":{"@id":"https:\/\/proteawines.ch\/fr\/shop\/sancerre-rose-alban-roblin-france\/#primaryimage"},"thumbnailUrl":"https:\/\/proteawines.ch\/wp-content\/uploads\/2019\/05\/Rose_small.jpg","datePublished":"2019-05-22T21:13:40+00:00","dateModified":"2025-08-01T11:25:08+00:00","breadcrumb":{"@id":"https:\/\/proteawines.ch\/fr\/shop\/sancerre-rose-alban-roblin-france\/#breadcrumb"},"inLanguage":"fr-FR","potentialAction":[{"@type":"ReadAction","target":["https:\/\/proteawines.ch\/fr\/shop\/sancerre-rose-alban-roblin-france\/"]}]},{"@type":"ImageObject","inLanguage":"fr-FR","@id":"https:\/\/proteawines.ch\/fr\/shop\/sancerre-rose-alban-roblin-france\/#primaryimage","url":"https:\/\/proteawines.ch\/wp-content\/uploads\/2019\/05\/Rose_small.jpg","contentUrl":"https:\/\/proteawines.ch\/wp-content\/uploads\/2019\/05\/Rose_small.jpg","width":222,"height":800},{"@type":"BreadcrumbList","@id":"https:\/\/proteawines.ch\/fr\/shop\/sancerre-rose-alban-roblin-france\/#breadcrumb","itemListElement":[{"@type":"ListItem","position":1,"name":"Accueil","item":"https:\/\/proteawines.ch\/fr\/"},{"@type":"ListItem","position":2,"name":"Boutique de vins","item":"https:\/\/proteawines.ch\/fr\/boutique-en-ligne\/"},{"@type":"ListItem","position":3,"name":"Ch\u00e2teau La Rabotine Sancerre Ros\u00e9 2021"}]},{"@type":"WebSite","@id":"https:\/\/proteawines.ch\/fr\/#website","url":"https:\/\/proteawines.ch\/fr\/","name":"Protea Wines","description":"Exzellente Weine zum besten Preis - Online bestellen, zu Hause geniessen.","publisher":{"@id":"https:\/\/proteawines.ch\/fr\/#organization"},"potentialAction":[{"@type":"SearchAction","target":{"@type":"EntryPoint","urlTemplate":"https:\/\/proteawines.ch\/fr\/?s={search_term_string}"},"query-input":{"@type":"PropertyValueSpecification","valueRequired":true,"valueName":"search_term_string"}}],"inLanguage":"fr-FR"},{"@type":"Organization","@id":"https:\/\/proteawines.ch\/fr\/#organization","name":"Protea Wines","url":"https:\/\/proteawines.ch\/fr\/","logo":{"@type":"ImageObject","inLanguage":"fr-FR","@id":"https:\/\/proteawines.ch\/fr\/#\/schema\/logo\/image\/","url":"https:\/\/proteawines.ch\/wp-content\/uploads\/2016\/03\/ProteaWines_logo_rect-1.png","contentUrl":"https:\/\/proteawines.ch\/wp-content\/uploads\/2016\/03\/ProteaWines_logo_rect-1.png","width":500,"height":354,"caption":"Protea Wines"},"image":{"@id":"https:\/\/proteawines.ch\/fr\/#\/schema\/logo\/image\/"},"sameAs":["https:\/\/www.facebook.com\/proteawines\/","https:\/\/www.instagram.com\/proteawines\/"]}]}},"uagb_featured_image_src":{"full":["https:\/\/proteawines.ch\/wp-content\/uploads\/2019\/05\/Rose_small.jpg",222,800,false],"thumbnail":["https:\/\/proteawines.ch\/wp-content\/uploads\/2019\/05\/Rose_small-150x150.jpg",150,150,true],"medium":["https:\/\/proteawines.ch\/wp-content\/uploads\/2019\/05\/Rose_small-83x300.jpg",83,300,true],"medium_large":["https:\/\/proteawines.ch\/wp-content\/uploads\/2019\/05\/Rose_small.jpg",222,800,false],"large":["https:\/\/proteawines.ch\/wp-content\/uploads\/2019\/05\/Rose_small.jpg",222,800,false],"1536x1536":["https:\/\/proteawines.ch\/wp-content\/uploads\/2019\/05\/Rose_small.jpg",222,800,false],"2048x2048":["https:\/\/proteawines.ch\/wp-content\/uploads\/2019\/05\/Rose_small.jpg",222,800,false],"woocommerce_thumbnail":["https:\/\/proteawines.ch\/wp-content\/uploads\/2019\/05\/Rose_small.jpg",222,800,false],"woocommerce_single":["https:\/\/proteawines.ch\/wp-content\/uploads\/2019\/05\/Rose_small.jpg",222,800,false],"woocommerce_gallery_thumbnail":["https:\/\/proteawines.ch\/wp-content\/uploads\/2019\/05\/Rose_small-100x100.jpg",100,100,true]},"uagb_author_info":{"display_name":"Protea Wines","author_link":"https:\/\/proteawines.ch\/fr\/author\/"},"uagb_comment_info":0,"uagb_excerpt":"Robe rose saumon clair, l\u00e9g\u00e8re et brillante. Le nez est frais et fruit\u00e9, avec des ar\u00f4mes de petits fruits rouges, principalement de framboises et de fraises. La bouche est magnifiquement \u00e9quilibr\u00e9e et offre des saveurs fruit\u00e9es captivantes. 100 % Pinot Noir. Accords mets et vins Le Sancerre Ros\u00e9 du Ch\u00e2teau La Rabotine est recommand\u00e9 \u00e0\u2026","_links":{"self":[{"href":"https:\/\/proteawines.ch\/fr\/wp-json\/wp\/v2\/product\/17400","targetHints":{"allow":["GET"]}}],"collection":[{"href":"https:\/\/proteawines.ch\/fr\/wp-json\/wp\/v2\/product"}],"about":[{"href":"https:\/\/proteawines.ch\/fr\/wp-json\/wp\/v2\/types\/product"}],"wp:featuredmedia":[{"embeddable":true,"href":"https:\/\/proteawines.ch\/fr\/wp-json\/wp\/v2\/media\/21327"}],"wp:attachment":[{"href":"https:\/\/proteawines.ch\/fr\/wp-json\/wp\/v2\/media?parent=17400"}],"wp:term":[{"taxonomy":"product_brand","embeddable":true,"href":"https:\/\/proteawines.ch\/fr\/wp-json\/wp\/v2\/product_brand?post=17400"},{"taxonomy":"product_cat","embeddable":true,"href":"https:\/\/proteawines.ch\/fr\/wp-json\/wp\/v2\/product_cat?post=17400"},{"taxonomy":"product_tag","embeddable":true,"href":"https:\/\/proteawines.ch\/fr\/wp-json\/wp\/v2\/product_tag?post=17400"}],"curies":[{"name":"wp","href":"https:\/\/api.w.org\/{rel}","templated":true}]}}