{"id":17391,"date":"2019-05-22T22:47:15","date_gmt":"2019-05-22T20:47:15","guid":{"rendered":"https:\/\/proteawines.ch\/?post_type=product&#038;p=17391"},"modified":"2025-08-01T13:50:42","modified_gmt":"2025-08-01T11:50:42","slug":"ondine-merlot-south-africa","status":"publish","type":"product","link":"https:\/\/proteawines.ch\/fr\/shop\/ondine-merlot-south-africa\/","title":{"rendered":"Basson Merlot 2015"},"content":{"rendered":"<p>L&#8217;Ormonde Basson Merlot 2015 est originaire de la r\u00e9gion de Darling, o\u00f9 les brises c\u00f4ti\u00e8res favorisent le d\u00e9veloppement de raisins au caract\u00e8re riche.<\/p>\n<p>Dans le verre, il pr\u00e9sente une robe grenat profond d&#8217;une excellente limpidit\u00e9. Au nez, les fruits rouges m\u00fbrs, comme la framboise et la prune, dominent, avec des notes de c\u00e8dre et de vanille. La bouche est soyeuse et onctueuse, offrant une mati\u00e8re moyennement cors\u00e9e avec des saveurs de cerise noire, de chocolat noir et une touche d&#8217;\u00e9pices. La finale est longue, laissant un sillage velout\u00e9 de ch\u00eane et de subtiles notes terreuses.<\/p>\n<p>100 % Merlot<\/p>\n","protected":false},"excerpt":{"rendered":"<p>L&#8217;Ormonde Basson Merlot 2015 est originaire de la r\u00e9gion de Darling, o\u00f9 les brises c\u00f4ti\u00e8res favorisent le d\u00e9veloppement de raisins au caract\u00e8re riche. Dans le verre, il pr\u00e9sente une robe grenat profond d&#8217;une excellente limpidit\u00e9. Au nez, les fruits rouges m\u00fbrs, comme la framboise et la prune, dominent, avec des notes de c\u00e8dre et de [&hellip;]<\/p>\n","protected":false},"featured_media":21363,"template":"","meta":{"_uag_custom_page_level_css":"","site-sidebar-layout":"default","site-content-layout":"","ast-site-content-layout":"default","site-content-style":"default","site-sidebar-style":"default","ast-global-header-display":"","ast-banner-title-visibility":"","ast-main-header-display":"","ast-hfb-above-header-display":"","ast-hfb-below-header-display":"","ast-hfb-mobile-header-display":"","site-post-title":"","ast-breadcrumbs-content":"","ast-featured-img":"","footer-sml-layout":"","theme-transparent-header-meta":"default","adv-header-id-meta":"","stick-header-meta":"default","header-above-stick-meta":"","header-main-stick-meta":"","header-below-stick-meta":"","astra-migrate-meta-layouts":"default","ast-page-background-enabled":"default","ast-page-background-meta":{"desktop":{"background-color":"","background-image":"","background-repeat":"repeat","background-position":"center center","background-size":"auto","background-attachment":"scroll","background-type":"","background-media":"","overlay-type":"","overlay-color":"","overlay-opacity":"","overlay-gradient":""},"tablet":{"background-color":"","background-image":"","background-repeat":"repeat","background-position":"center center","background-size":"auto","background-attachment":"scroll","background-type":"","background-media":"","overlay-type":"","overlay-color":"","overlay-opacity":"","overlay-gradient":""},"mobile":{"background-color":"","background-image":"","background-repeat":"repeat","background-position":"center center","background-size":"auto","background-attachment":"scroll","background-type":"","background-media":"","overlay-type":"","overlay-color":"","overlay-opacity":"","overlay-gradient":""}},"ast-content-background-meta":{"desktop":{"background-color":"var(--ast-global-color-5)","background-image":"","background-repeat":"repeat","background-position":"center center","background-size":"auto","background-attachment":"scroll","background-type":"","background-media":"","overlay-type":"","overlay-color":"","overlay-opacity":"","overlay-gradient":""},"tablet":{"background-color":"var(--ast-global-color-5)","background-image":"","background-repeat":"repeat","background-position":"center center","background-size":"auto","background-attachment":"scroll","background-type":"","background-media":"","overlay-type":"","overlay-color":"","overlay-opacity":"","overlay-gradient":""},"mobile":{"background-color":"var(--ast-global-color-5)","background-image":"","background-repeat":"repeat","background-position":"center center","background-size":"auto","background-attachment":"scroll","background-type":"","background-media":"","overlay-type":"","overlay-color":"","overlay-opacity":"","overlay-gradient":""}}},"product_brand":[],"product_cat":[56],"product_tag":[69],"class_list":{"0":"post-17391","1":"product","2":"type-product","3":"status-publish","4":"has-post-thumbnail","6":"product_cat-vin-rouge","7":"product_tag-afrique-du-sud","8":"desktop-align-center","9":"tablet-align-center","10":"mobile-align-center","11":"ast-product-gallery-layout-horizontal-slider","12":"ast-product-gallery-with-no-image","13":"ast-product-tabs-layout-vertical","15":"first","16":"instock","17":"shipping-taxable","18":"purchasable","19":"product-type-simple"},"yoast_head":"<!-- This site is optimized with the Yoast SEO Premium plugin v25.6 (Yoast SEO v25.6) - https:\/\/yoast.com\/wordpress\/plugins\/seo\/ -->\n<title>Basson Merlot 2015 - Protea Wines<\/title>\n<meta name=\"robots\" content=\"index, follow, max-snippet:-1, max-image-preview:large, max-video-preview:-1\" \/>\n<link rel=\"canonical\" href=\"https:\/\/proteawines.ch\/fr\/shop\/ondine-merlot-south-africa\/\" \/>\n<meta property=\"og:locale\" content=\"fr_FR\" \/>\n<meta property=\"og:type\" content=\"article\" \/>\n<meta property=\"og:title\" content=\"Basson Merlot 2015\" \/>\n<meta property=\"og:description\" content=\"L&#039;Ormonde Basson Merlot 2015 est originaire de la r\u00e9gion de Darling, o\u00f9 les brises c\u00f4ti\u00e8res favorisent le d\u00e9veloppement de raisins au caract\u00e8re riche.\" \/>\n<meta property=\"og:url\" content=\"https:\/\/proteawines.ch\/fr\/shop\/ondine-merlot-south-africa\/\" \/>\n<meta property=\"og:site_name\" content=\"Protea Wines\" \/>\n<meta property=\"article:publisher\" content=\"https:\/\/www.facebook.com\/proteawines\/\" \/>\n<meta property=\"article:modified_time\" content=\"2025-08-01T11:50:42+00:00\" \/>\n<meta property=\"og:image\" content=\"https:\/\/proteawines.ch\/wp-content\/uploads\/2019\/05\/Basson_Merlot.png\" \/>\n\t<meta property=\"og:image:width\" content=\"300\" \/>\n\t<meta property=\"og:image:height\" content=\"500\" \/>\n\t<meta property=\"og:image:type\" content=\"image\/png\" \/>\n<meta name=\"twitter:card\" content=\"summary_large_image\" \/>\n<meta name=\"twitter:label1\" content=\"Dur\u00e9e de lecture estim\u00e9e\" \/>\n\t<meta name=\"twitter:data1\" content=\"1 minute\" \/>\n<script type=\"application\/ld+json\" class=\"yoast-schema-graph\">{\"@context\":\"https:\/\/schema.org\",\"@graph\":[{\"@type\":\"WebPage\",\"@id\":\"https:\/\/proteawines.ch\/fr\/shop\/ondine-merlot-south-africa\/\",\"url\":\"https:\/\/proteawines.ch\/fr\/shop\/ondine-merlot-south-africa\/\",\"name\":\"Basson Merlot 2015 - Protea Wines\",\"isPartOf\":{\"@id\":\"https:\/\/proteawines.ch\/fr\/#website\"},\"primaryImageOfPage\":{\"@id\":\"https:\/\/proteawines.ch\/fr\/shop\/ondine-merlot-south-africa\/#primaryimage\"},\"image\":{\"@id\":\"https:\/\/proteawines.ch\/fr\/shop\/ondine-merlot-south-africa\/#primaryimage\"},\"thumbnailUrl\":\"https:\/\/proteawines.ch\/wp-content\/uploads\/2019\/05\/Basson_Merlot.png\",\"datePublished\":\"2019-05-22T20:47:15+00:00\",\"dateModified\":\"2025-08-01T11:50:42+00:00\",\"breadcrumb\":{\"@id\":\"https:\/\/proteawines.ch\/fr\/shop\/ondine-merlot-south-africa\/#breadcrumb\"},\"inLanguage\":\"fr-FR\",\"potentialAction\":[{\"@type\":\"ReadAction\",\"target\":[\"https:\/\/proteawines.ch\/fr\/shop\/ondine-merlot-south-africa\/\"]}]},{\"@type\":\"ImageObject\",\"inLanguage\":\"fr-FR\",\"@id\":\"https:\/\/proteawines.ch\/fr\/shop\/ondine-merlot-south-africa\/#primaryimage\",\"url\":\"https:\/\/proteawines.ch\/wp-content\/uploads\/2019\/05\/Basson_Merlot.png\",\"contentUrl\":\"https:\/\/proteawines.ch\/wp-content\/uploads\/2019\/05\/Basson_Merlot.png\",\"width\":300,\"height\":500},{\"@type\":\"BreadcrumbList\",\"@id\":\"https:\/\/proteawines.ch\/fr\/shop\/ondine-merlot-south-africa\/#breadcrumb\",\"itemListElement\":[{\"@type\":\"ListItem\",\"position\":1,\"name\":\"Accueil\",\"item\":\"https:\/\/proteawines.ch\/fr\/\"},{\"@type\":\"ListItem\",\"position\":2,\"name\":\"Boutique de vins\",\"item\":\"https:\/\/proteawines.ch\/fr\/boutique-en-ligne\/\"},{\"@type\":\"ListItem\",\"position\":3,\"name\":\"Basson Merlot 2015\"}]},{\"@type\":\"WebSite\",\"@id\":\"https:\/\/proteawines.ch\/fr\/#website\",\"url\":\"https:\/\/proteawines.ch\/fr\/\",\"name\":\"Protea Wines\",\"description\":\"Exzellente Weine zum besten Preis - Online bestellen, zu Hause geniessen.\",\"publisher\":{\"@id\":\"https:\/\/proteawines.ch\/fr\/#organization\"},\"potentialAction\":[{\"@type\":\"SearchAction\",\"target\":{\"@type\":\"EntryPoint\",\"urlTemplate\":\"https:\/\/proteawines.ch\/fr\/?s={search_term_string}\"},\"query-input\":{\"@type\":\"PropertyValueSpecification\",\"valueRequired\":true,\"valueName\":\"search_term_string\"}}],\"inLanguage\":\"fr-FR\"},{\"@type\":\"Organization\",\"@id\":\"https:\/\/proteawines.ch\/fr\/#organization\",\"name\":\"Protea Wines\",\"url\":\"https:\/\/proteawines.ch\/fr\/\",\"logo\":{\"@type\":\"ImageObject\",\"inLanguage\":\"fr-FR\",\"@id\":\"https:\/\/proteawines.ch\/fr\/#\/schema\/logo\/image\/\",\"url\":\"https:\/\/proteawines.ch\/wp-content\/uploads\/2016\/03\/ProteaWines_logo_rect-1.png\",\"contentUrl\":\"https:\/\/proteawines.ch\/wp-content\/uploads\/2016\/03\/ProteaWines_logo_rect-1.png\",\"width\":500,\"height\":354,\"caption\":\"Protea Wines\"},\"image\":{\"@id\":\"https:\/\/proteawines.ch\/fr\/#\/schema\/logo\/image\/\"},\"sameAs\":[\"https:\/\/www.facebook.com\/proteawines\/\",\"https:\/\/www.instagram.com\/proteawines\/\"]}]}<\/script>\n<!-- \/ Yoast SEO Premium plugin. -->","yoast_head_json":{"title":"Basson Merlot 2015 - Protea Wines","robots":{"index":"index","follow":"follow","max-snippet":"max-snippet:-1","max-image-preview":"max-image-preview:large","max-video-preview":"max-video-preview:-1"},"canonical":"https:\/\/proteawines.ch\/fr\/shop\/ondine-merlot-south-africa\/","og_locale":"fr_FR","og_type":"article","og_title":"Basson Merlot 2015","og_description":"L'Ormonde Basson Merlot 2015 est originaire de la r\u00e9gion de Darling, o\u00f9 les brises c\u00f4ti\u00e8res favorisent le d\u00e9veloppement de raisins au caract\u00e8re riche.","og_url":"https:\/\/proteawines.ch\/fr\/shop\/ondine-merlot-south-africa\/","og_site_name":"Protea Wines","article_publisher":"https:\/\/www.facebook.com\/proteawines\/","article_modified_time":"2025-08-01T11:50:42+00:00","og_image":[{"width":300,"height":500,"url":"https:\/\/proteawines.ch\/wp-content\/uploads\/2019\/05\/Basson_Merlot.png","type":"image\/png"}],"twitter_card":"summary_large_image","twitter_misc":{"Dur\u00e9e de lecture estim\u00e9e":"1 minute"},"schema":{"@context":"https:\/\/schema.org","@graph":[{"@type":"WebPage","@id":"https:\/\/proteawines.ch\/fr\/shop\/ondine-merlot-south-africa\/","url":"https:\/\/proteawines.ch\/fr\/shop\/ondine-merlot-south-africa\/","name":"Basson Merlot 2015 - Protea Wines","isPartOf":{"@id":"https:\/\/proteawines.ch\/fr\/#website"},"primaryImageOfPage":{"@id":"https:\/\/proteawines.ch\/fr\/shop\/ondine-merlot-south-africa\/#primaryimage"},"image":{"@id":"https:\/\/proteawines.ch\/fr\/shop\/ondine-merlot-south-africa\/#primaryimage"},"thumbnailUrl":"https:\/\/proteawines.ch\/wp-content\/uploads\/2019\/05\/Basson_Merlot.png","datePublished":"2019-05-22T20:47:15+00:00","dateModified":"2025-08-01T11:50:42+00:00","breadcrumb":{"@id":"https:\/\/proteawines.ch\/fr\/shop\/ondine-merlot-south-africa\/#breadcrumb"},"inLanguage":"fr-FR","potentialAction":[{"@type":"ReadAction","target":["https:\/\/proteawines.ch\/fr\/shop\/ondine-merlot-south-africa\/"]}]},{"@type":"ImageObject","inLanguage":"fr-FR","@id":"https:\/\/proteawines.ch\/fr\/shop\/ondine-merlot-south-africa\/#primaryimage","url":"https:\/\/proteawines.ch\/wp-content\/uploads\/2019\/05\/Basson_Merlot.png","contentUrl":"https:\/\/proteawines.ch\/wp-content\/uploads\/2019\/05\/Basson_Merlot.png","width":300,"height":500},{"@type":"BreadcrumbList","@id":"https:\/\/proteawines.ch\/fr\/shop\/ondine-merlot-south-africa\/#breadcrumb","itemListElement":[{"@type":"ListItem","position":1,"name":"Accueil","item":"https:\/\/proteawines.ch\/fr\/"},{"@type":"ListItem","position":2,"name":"Boutique de vins","item":"https:\/\/proteawines.ch\/fr\/boutique-en-ligne\/"},{"@type":"ListItem","position":3,"name":"Basson Merlot 2015"}]},{"@type":"WebSite","@id":"https:\/\/proteawines.ch\/fr\/#website","url":"https:\/\/proteawines.ch\/fr\/","name":"Protea Wines","description":"Exzellente Weine zum besten Preis - Online bestellen, zu Hause geniessen.","publisher":{"@id":"https:\/\/proteawines.ch\/fr\/#organization"},"potentialAction":[{"@type":"SearchAction","target":{"@type":"EntryPoint","urlTemplate":"https:\/\/proteawines.ch\/fr\/?s={search_term_string}"},"query-input":{"@type":"PropertyValueSpecification","valueRequired":true,"valueName":"search_term_string"}}],"inLanguage":"fr-FR"},{"@type":"Organization","@id":"https:\/\/proteawines.ch\/fr\/#organization","name":"Protea Wines","url":"https:\/\/proteawines.ch\/fr\/","logo":{"@type":"ImageObject","inLanguage":"fr-FR","@id":"https:\/\/proteawines.ch\/fr\/#\/schema\/logo\/image\/","url":"https:\/\/proteawines.ch\/wp-content\/uploads\/2016\/03\/ProteaWines_logo_rect-1.png","contentUrl":"https:\/\/proteawines.ch\/wp-content\/uploads\/2016\/03\/ProteaWines_logo_rect-1.png","width":500,"height":354,"caption":"Protea Wines"},"image":{"@id":"https:\/\/proteawines.ch\/fr\/#\/schema\/logo\/image\/"},"sameAs":["https:\/\/www.facebook.com\/proteawines\/","https:\/\/www.instagram.com\/proteawines\/"]}]}},"uagb_featured_image_src":{"full":["https:\/\/proteawines.ch\/wp-content\/uploads\/2019\/05\/Basson_Merlot.png",300,500,false],"thumbnail":["https:\/\/proteawines.ch\/wp-content\/uploads\/2019\/05\/Basson_Merlot-150x150.png",150,150,true],"medium":["https:\/\/proteawines.ch\/wp-content\/uploads\/2019\/05\/Basson_Merlot-180x300.png",180,300,true],"medium_large":["https:\/\/proteawines.ch\/wp-content\/uploads\/2019\/05\/Basson_Merlot.png",300,500,false],"large":["https:\/\/proteawines.ch\/wp-content\/uploads\/2019\/05\/Basson_Merlot.png",300,500,false],"1536x1536":["https:\/\/proteawines.ch\/wp-content\/uploads\/2019\/05\/Basson_Merlot.png",300,500,false],"2048x2048":["https:\/\/proteawines.ch\/wp-content\/uploads\/2019\/05\/Basson_Merlot.png",300,500,false],"woocommerce_thumbnail":["https:\/\/proteawines.ch\/wp-content\/uploads\/2019\/05\/Basson_Merlot.png",300,500,false],"woocommerce_single":["https:\/\/proteawines.ch\/wp-content\/uploads\/2019\/05\/Basson_Merlot.png",300,500,false],"woocommerce_gallery_thumbnail":["https:\/\/proteawines.ch\/wp-content\/uploads\/2019\/05\/Basson_Merlot-100x100.png",100,100,true]},"uagb_author_info":{"display_name":"Protea Wines","author_link":"https:\/\/proteawines.ch\/fr\/author\/"},"uagb_comment_info":0,"uagb_excerpt":"L&#8217;Ormonde Basson Merlot 2015 est originaire de la r\u00e9gion de Darling, o\u00f9 les brises c\u00f4ti\u00e8res favorisent le d\u00e9veloppement de raisins au caract\u00e8re riche. Dans le verre, il pr\u00e9sente une robe grenat profond d&#8217;une excellente limpidit\u00e9. Au nez, les fruits rouges m\u00fbrs, comme la framboise et la prune, dominent, avec des notes de c\u00e8dre et de\u2026","_links":{"self":[{"href":"https:\/\/proteawines.ch\/fr\/wp-json\/wp\/v2\/product\/17391","targetHints":{"allow":["GET"]}}],"collection":[{"href":"https:\/\/proteawines.ch\/fr\/wp-json\/wp\/v2\/product"}],"about":[{"href":"https:\/\/proteawines.ch\/fr\/wp-json\/wp\/v2\/types\/product"}],"wp:featuredmedia":[{"embeddable":true,"href":"https:\/\/proteawines.ch\/fr\/wp-json\/wp\/v2\/media\/21363"}],"wp:attachment":[{"href":"https:\/\/proteawines.ch\/fr\/wp-json\/wp\/v2\/media?parent=17391"}],"wp:term":[{"taxonomy":"product_brand","embeddable":true,"href":"https:\/\/proteawines.ch\/fr\/wp-json\/wp\/v2\/product_brand?post=17391"},{"taxonomy":"product_cat","embeddable":true,"href":"https:\/\/proteawines.ch\/fr\/wp-json\/wp\/v2\/product_cat?post=17391"},{"taxonomy":"product_tag","embeddable":true,"href":"https:\/\/proteawines.ch\/fr\/wp-json\/wp\/v2\/product_tag?post=17391"}],"curies":[{"name":"wp","href":"https:\/\/api.w.org\/{rel}","templated":true}]}}