{"id":16971,"date":"2018-11-29T11:24:56","date_gmt":"2018-11-29T10:24:56","guid":{"rendered":"https:\/\/proteawines.ch\/?post_type=product&#038;p=16971"},"modified":"2025-08-01T14:48:23","modified_gmt":"2025-08-01T12:48:23","slug":"lions-de-fabre-bordeaux-blanc-france","status":"publish","type":"product","link":"https:\/\/proteawines.ch\/fr\/shop\/lions-de-fabre-bordeaux-blanc-france\/","title":{"rendered":"Lions de Fabre 2023"},"content":{"rendered":"<p>\u00c9l\u00e9gant, fruit\u00e9 et floral, avec des notes d&#8217;agrumes, de fleurs blanches et de p\u00eache. Sec et tr\u00e8s \u00e9quilibr\u00e9 en bouche, le Bordeaux Blanc \u00ab\u00a0Lions de Frabre\u00a0\u00bb affiche une acidit\u00e9 vive et vive et une belle \u00e9l\u00e9gance.<\/p>\n<p>60\u00a0% Sauvignon, 20\u00a0% S\u00e9millon, 20\u00a0% Muscadelle.<\/p>\n<p><strong>Accords mets et vins<\/strong><\/p>\n<p>Le Lions de Fabre s&#8217;accorde parfaitement avec les plats asiatiques, o\u00f9 son acidit\u00e9 et ses notes \u00e9pic\u00e9es prennent tout leur sens.<\/p>\n","protected":false},"excerpt":{"rendered":"<p>\u00c9l\u00e9gant, fruit\u00e9 et floral, avec des notes d&#8217;agrumes, de fleurs blanches et de p\u00eache. Sec et tr\u00e8s \u00e9quilibr\u00e9 en bouche, le Bordeaux Blanc \u00ab\u00a0Lions de Frabre\u00a0\u00bb affiche une acidit\u00e9 vive et vive et une belle \u00e9l\u00e9gance. 60\u00a0% Sauvignon, 20\u00a0% S\u00e9millon, 20\u00a0% Muscadelle. Accords mets et vins Le Lions de Fabre s&#8217;accorde parfaitement avec les plats [&hellip;]<\/p>\n","protected":false},"featured_media":21106,"template":"","meta":{"_uag_custom_page_level_css":"","site-sidebar-layout":"default","site-content-layout":"default","ast-site-content-layout":"default","site-content-style":"default","site-sidebar-style":"default","ast-global-header-display":"","ast-banner-title-visibility":"","ast-main-header-display":"","ast-hfb-above-header-display":"","ast-hfb-below-header-display":"","ast-hfb-mobile-header-display":"","site-post-title":"","ast-breadcrumbs-content":"","ast-featured-img":"","footer-sml-layout":"","theme-transparent-header-meta":"default","adv-header-id-meta":"","stick-header-meta":"default","header-above-stick-meta":"","header-main-stick-meta":"","header-below-stick-meta":"","astra-migrate-meta-layouts":"set","ast-page-background-enabled":"default","ast-page-background-meta":{"desktop":{"background-color":"","background-image":"","background-repeat":"repeat","background-position":"center center","background-size":"auto","background-attachment":"scroll","background-type":"","background-media":"","overlay-type":"","overlay-color":"","overlay-opacity":"","overlay-gradient":""},"tablet":{"background-color":"","background-image":"","background-repeat":"repeat","background-position":"center center","background-size":"auto","background-attachment":"scroll","background-type":"","background-media":"","overlay-type":"","overlay-color":"","overlay-opacity":"","overlay-gradient":""},"mobile":{"background-color":"","background-image":"","background-repeat":"repeat","background-position":"center center","background-size":"auto","background-attachment":"scroll","background-type":"","background-media":"","overlay-type":"","overlay-color":"","overlay-opacity":"","overlay-gradient":""}},"ast-content-background-meta":{"desktop":{"background-color":"var(--ast-global-color-5)","background-image":"","background-repeat":"repeat","background-position":"center center","background-size":"auto","background-attachment":"scroll","background-type":"","background-media":"","overlay-type":"","overlay-color":"","overlay-opacity":"","overlay-gradient":""},"tablet":{"background-color":"var(--ast-global-color-5)","background-image":"","background-repeat":"repeat","background-position":"center center","background-size":"auto","background-attachment":"scroll","background-type":"","background-media":"","overlay-type":"","overlay-color":"","overlay-opacity":"","overlay-gradient":""},"mobile":{"background-color":"var(--ast-global-color-5)","background-image":"","background-repeat":"repeat","background-position":"center center","background-size":"auto","background-attachment":"scroll","background-type":"","background-media":"","overlay-type":"","overlay-color":"","overlay-opacity":"","overlay-gradient":""}}},"product_brand":[],"product_cat":[59],"product_tag":[72],"class_list":{"0":"post-16971","1":"product","2":"type-product","3":"status-publish","4":"has-post-thumbnail","6":"product_cat-vin-blanc","7":"product_tag-france-fr","8":"desktop-align-center","9":"tablet-align-center","10":"mobile-align-center","11":"ast-product-gallery-layout-horizontal-slider","12":"ast-product-gallery-with-no-image","13":"ast-product-tabs-layout-vertical","15":"first","16":"instock","17":"shipping-taxable","18":"purchasable","19":"product-type-simple"},"yoast_head":"<!-- This site is optimized with the Yoast SEO Premium plugin v25.6 (Yoast SEO v25.6) - https:\/\/yoast.com\/wordpress\/plugins\/seo\/ -->\n<title>Lions de Fabre 2023 - Protea Wines<\/title>\n<meta name=\"robots\" content=\"index, follow, max-snippet:-1, max-image-preview:large, max-video-preview:-1\" \/>\n<link rel=\"canonical\" href=\"https:\/\/proteawines.ch\/fr\/shop\/lions-de-fabre-bordeaux-blanc-france\/\" \/>\n<meta property=\"og:locale\" content=\"fr_FR\" \/>\n<meta property=\"og:type\" content=\"article\" \/>\n<meta property=\"og:title\" content=\"Lions de Fabre 2023\" \/>\n<meta property=\"og:description\" content=\"\u00c9l\u00e9gant, fruit\u00e9 et floral, avec des notes d&#039;agrumes, de fleurs blanches et de p\u00eache. Sec et tr\u00e8s \u00e9quilibr\u00e9 en bouche, le Bordeaux Blanc \u00ab\u00a0Lions de\" \/>\n<meta property=\"og:url\" content=\"https:\/\/proteawines.ch\/fr\/shop\/lions-de-fabre-bordeaux-blanc-france\/\" \/>\n<meta property=\"og:site_name\" content=\"Protea Wines\" \/>\n<meta property=\"article:publisher\" content=\"https:\/\/www.facebook.com\/proteawines\/\" \/>\n<meta property=\"article:modified_time\" content=\"2025-08-01T12:48:23+00:00\" \/>\n<meta property=\"og:image\" content=\"https:\/\/proteawines.ch\/wp-content\/uploads\/2024\/09\/Lions_de_Fabre.jpg\" \/>\n\t<meta property=\"og:image:width\" content=\"800\" \/>\n\t<meta property=\"og:image:height\" content=\"800\" \/>\n\t<meta property=\"og:image:type\" content=\"image\/jpeg\" \/>\n<meta name=\"twitter:card\" content=\"summary_large_image\" \/>\n<meta name=\"twitter:label1\" content=\"Dur\u00e9e de lecture estim\u00e9e\" \/>\n\t<meta name=\"twitter:data1\" content=\"1 minute\" \/>\n<script type=\"application\/ld+json\" class=\"yoast-schema-graph\">{\"@context\":\"https:\/\/schema.org\",\"@graph\":[{\"@type\":\"WebPage\",\"@id\":\"https:\/\/proteawines.ch\/fr\/shop\/lions-de-fabre-bordeaux-blanc-france\/\",\"url\":\"https:\/\/proteawines.ch\/fr\/shop\/lions-de-fabre-bordeaux-blanc-france\/\",\"name\":\"Lions de Fabre 2023 - Protea Wines\",\"isPartOf\":{\"@id\":\"https:\/\/proteawines.ch\/fr\/#website\"},\"primaryImageOfPage\":{\"@id\":\"https:\/\/proteawines.ch\/fr\/shop\/lions-de-fabre-bordeaux-blanc-france\/#primaryimage\"},\"image\":{\"@id\":\"https:\/\/proteawines.ch\/fr\/shop\/lions-de-fabre-bordeaux-blanc-france\/#primaryimage\"},\"thumbnailUrl\":\"https:\/\/proteawines.ch\/wp-content\/uploads\/2024\/09\/Lions_de_Fabre.jpg\",\"datePublished\":\"2018-11-29T10:24:56+00:00\",\"dateModified\":\"2025-08-01T12:48:23+00:00\",\"breadcrumb\":{\"@id\":\"https:\/\/proteawines.ch\/fr\/shop\/lions-de-fabre-bordeaux-blanc-france\/#breadcrumb\"},\"inLanguage\":\"fr-FR\",\"potentialAction\":[{\"@type\":\"ReadAction\",\"target\":[\"https:\/\/proteawines.ch\/fr\/shop\/lions-de-fabre-bordeaux-blanc-france\/\"]}]},{\"@type\":\"ImageObject\",\"inLanguage\":\"fr-FR\",\"@id\":\"https:\/\/proteawines.ch\/fr\/shop\/lions-de-fabre-bordeaux-blanc-france\/#primaryimage\",\"url\":\"https:\/\/proteawines.ch\/wp-content\/uploads\/2024\/09\/Lions_de_Fabre.jpg\",\"contentUrl\":\"https:\/\/proteawines.ch\/wp-content\/uploads\/2024\/09\/Lions_de_Fabre.jpg\",\"width\":800,\"height\":800},{\"@type\":\"BreadcrumbList\",\"@id\":\"https:\/\/proteawines.ch\/fr\/shop\/lions-de-fabre-bordeaux-blanc-france\/#breadcrumb\",\"itemListElement\":[{\"@type\":\"ListItem\",\"position\":1,\"name\":\"Accueil\",\"item\":\"https:\/\/proteawines.ch\/fr\/\"},{\"@type\":\"ListItem\",\"position\":2,\"name\":\"Boutique de vins\",\"item\":\"https:\/\/proteawines.ch\/fr\/boutique-en-ligne\/\"},{\"@type\":\"ListItem\",\"position\":3,\"name\":\"Lions de Fabre 2023\"}]},{\"@type\":\"WebSite\",\"@id\":\"https:\/\/proteawines.ch\/fr\/#website\",\"url\":\"https:\/\/proteawines.ch\/fr\/\",\"name\":\"Protea Wines\",\"description\":\"Exzellente Weine zum besten Preis - Online bestellen, zu Hause geniessen.\",\"publisher\":{\"@id\":\"https:\/\/proteawines.ch\/fr\/#organization\"},\"potentialAction\":[{\"@type\":\"SearchAction\",\"target\":{\"@type\":\"EntryPoint\",\"urlTemplate\":\"https:\/\/proteawines.ch\/fr\/?s={search_term_string}\"},\"query-input\":{\"@type\":\"PropertyValueSpecification\",\"valueRequired\":true,\"valueName\":\"search_term_string\"}}],\"inLanguage\":\"fr-FR\"},{\"@type\":\"Organization\",\"@id\":\"https:\/\/proteawines.ch\/fr\/#organization\",\"name\":\"Protea Wines\",\"url\":\"https:\/\/proteawines.ch\/fr\/\",\"logo\":{\"@type\":\"ImageObject\",\"inLanguage\":\"fr-FR\",\"@id\":\"https:\/\/proteawines.ch\/fr\/#\/schema\/logo\/image\/\",\"url\":\"https:\/\/proteawines.ch\/wp-content\/uploads\/2016\/03\/ProteaWines_logo_rect-1.png\",\"contentUrl\":\"https:\/\/proteawines.ch\/wp-content\/uploads\/2016\/03\/ProteaWines_logo_rect-1.png\",\"width\":500,\"height\":354,\"caption\":\"Protea Wines\"},\"image\":{\"@id\":\"https:\/\/proteawines.ch\/fr\/#\/schema\/logo\/image\/\"},\"sameAs\":[\"https:\/\/www.facebook.com\/proteawines\/\",\"https:\/\/www.instagram.com\/proteawines\/\"]}]}<\/script>\n<!-- \/ Yoast SEO Premium plugin. -->","yoast_head_json":{"title":"Lions de Fabre 2023 - Protea Wines","robots":{"index":"index","follow":"follow","max-snippet":"max-snippet:-1","max-image-preview":"max-image-preview:large","max-video-preview":"max-video-preview:-1"},"canonical":"https:\/\/proteawines.ch\/fr\/shop\/lions-de-fabre-bordeaux-blanc-france\/","og_locale":"fr_FR","og_type":"article","og_title":"Lions de Fabre 2023","og_description":"\u00c9l\u00e9gant, fruit\u00e9 et floral, avec des notes d'agrumes, de fleurs blanches et de p\u00eache. Sec et tr\u00e8s \u00e9quilibr\u00e9 en bouche, le Bordeaux Blanc \u00ab\u00a0Lions de","og_url":"https:\/\/proteawines.ch\/fr\/shop\/lions-de-fabre-bordeaux-blanc-france\/","og_site_name":"Protea Wines","article_publisher":"https:\/\/www.facebook.com\/proteawines\/","article_modified_time":"2025-08-01T12:48:23+00:00","og_image":[{"width":800,"height":800,"url":"https:\/\/proteawines.ch\/wp-content\/uploads\/2024\/09\/Lions_de_Fabre.jpg","type":"image\/jpeg"}],"twitter_card":"summary_large_image","twitter_misc":{"Dur\u00e9e de lecture estim\u00e9e":"1 minute"},"schema":{"@context":"https:\/\/schema.org","@graph":[{"@type":"WebPage","@id":"https:\/\/proteawines.ch\/fr\/shop\/lions-de-fabre-bordeaux-blanc-france\/","url":"https:\/\/proteawines.ch\/fr\/shop\/lions-de-fabre-bordeaux-blanc-france\/","name":"Lions de Fabre 2023 - Protea Wines","isPartOf":{"@id":"https:\/\/proteawines.ch\/fr\/#website"},"primaryImageOfPage":{"@id":"https:\/\/proteawines.ch\/fr\/shop\/lions-de-fabre-bordeaux-blanc-france\/#primaryimage"},"image":{"@id":"https:\/\/proteawines.ch\/fr\/shop\/lions-de-fabre-bordeaux-blanc-france\/#primaryimage"},"thumbnailUrl":"https:\/\/proteawines.ch\/wp-content\/uploads\/2024\/09\/Lions_de_Fabre.jpg","datePublished":"2018-11-29T10:24:56+00:00","dateModified":"2025-08-01T12:48:23+00:00","breadcrumb":{"@id":"https:\/\/proteawines.ch\/fr\/shop\/lions-de-fabre-bordeaux-blanc-france\/#breadcrumb"},"inLanguage":"fr-FR","potentialAction":[{"@type":"ReadAction","target":["https:\/\/proteawines.ch\/fr\/shop\/lions-de-fabre-bordeaux-blanc-france\/"]}]},{"@type":"ImageObject","inLanguage":"fr-FR","@id":"https:\/\/proteawines.ch\/fr\/shop\/lions-de-fabre-bordeaux-blanc-france\/#primaryimage","url":"https:\/\/proteawines.ch\/wp-content\/uploads\/2024\/09\/Lions_de_Fabre.jpg","contentUrl":"https:\/\/proteawines.ch\/wp-content\/uploads\/2024\/09\/Lions_de_Fabre.jpg","width":800,"height":800},{"@type":"BreadcrumbList","@id":"https:\/\/proteawines.ch\/fr\/shop\/lions-de-fabre-bordeaux-blanc-france\/#breadcrumb","itemListElement":[{"@type":"ListItem","position":1,"name":"Accueil","item":"https:\/\/proteawines.ch\/fr\/"},{"@type":"ListItem","position":2,"name":"Boutique de vins","item":"https:\/\/proteawines.ch\/fr\/boutique-en-ligne\/"},{"@type":"ListItem","position":3,"name":"Lions de Fabre 2023"}]},{"@type":"WebSite","@id":"https:\/\/proteawines.ch\/fr\/#website","url":"https:\/\/proteawines.ch\/fr\/","name":"Protea Wines","description":"Exzellente Weine zum besten Preis - Online bestellen, zu Hause geniessen.","publisher":{"@id":"https:\/\/proteawines.ch\/fr\/#organization"},"potentialAction":[{"@type":"SearchAction","target":{"@type":"EntryPoint","urlTemplate":"https:\/\/proteawines.ch\/fr\/?s={search_term_string}"},"query-input":{"@type":"PropertyValueSpecification","valueRequired":true,"valueName":"search_term_string"}}],"inLanguage":"fr-FR"},{"@type":"Organization","@id":"https:\/\/proteawines.ch\/fr\/#organization","name":"Protea Wines","url":"https:\/\/proteawines.ch\/fr\/","logo":{"@type":"ImageObject","inLanguage":"fr-FR","@id":"https:\/\/proteawines.ch\/fr\/#\/schema\/logo\/image\/","url":"https:\/\/proteawines.ch\/wp-content\/uploads\/2016\/03\/ProteaWines_logo_rect-1.png","contentUrl":"https:\/\/proteawines.ch\/wp-content\/uploads\/2016\/03\/ProteaWines_logo_rect-1.png","width":500,"height":354,"caption":"Protea Wines"},"image":{"@id":"https:\/\/proteawines.ch\/fr\/#\/schema\/logo\/image\/"},"sameAs":["https:\/\/www.facebook.com\/proteawines\/","https:\/\/www.instagram.com\/proteawines\/"]}]}},"uagb_featured_image_src":{"full":["https:\/\/proteawines.ch\/wp-content\/uploads\/2024\/09\/Lions_de_Fabre.jpg",800,800,false],"thumbnail":["https:\/\/proteawines.ch\/wp-content\/uploads\/2024\/09\/Lions_de_Fabre-150x150.jpg",150,150,true],"medium":["https:\/\/proteawines.ch\/wp-content\/uploads\/2024\/09\/Lions_de_Fabre-300x300.jpg",300,300,true],"medium_large":["https:\/\/proteawines.ch\/wp-content\/uploads\/2024\/09\/Lions_de_Fabre-768x768.jpg",768,768,true],"large":["https:\/\/proteawines.ch\/wp-content\/uploads\/2024\/09\/Lions_de_Fabre.jpg",800,800,false],"1536x1536":["https:\/\/proteawines.ch\/wp-content\/uploads\/2024\/09\/Lions_de_Fabre.jpg",800,800,false],"2048x2048":["https:\/\/proteawines.ch\/wp-content\/uploads\/2024\/09\/Lions_de_Fabre.jpg",800,800,false],"woocommerce_thumbnail":["https:\/\/proteawines.ch\/wp-content\/uploads\/2024\/09\/Lions_de_Fabre-450x450.jpg",450,450,true],"woocommerce_single":["https:\/\/proteawines.ch\/wp-content\/uploads\/2024\/09\/Lions_de_Fabre-555x555.jpg",555,555,true],"woocommerce_gallery_thumbnail":["https:\/\/proteawines.ch\/wp-content\/uploads\/2024\/09\/Lions_de_Fabre-100x100.jpg",100,100,true]},"uagb_author_info":{"display_name":"Protea Wines","author_link":"https:\/\/proteawines.ch\/fr\/author\/"},"uagb_comment_info":0,"uagb_excerpt":"\u00c9l\u00e9gant, fruit\u00e9 et floral, avec des notes d&#8217;agrumes, de fleurs blanches et de p\u00eache. Sec et tr\u00e8s \u00e9quilibr\u00e9 en bouche, le Bordeaux Blanc \u00ab\u00a0Lions de Frabre\u00a0\u00bb affiche une acidit\u00e9 vive et vive et une belle \u00e9l\u00e9gance. 60\u00a0% Sauvignon, 20\u00a0% S\u00e9millon, 20\u00a0% Muscadelle. Accords mets et vins Le Lions de Fabre s&#8217;accorde parfaitement avec les plats\u2026","_links":{"self":[{"href":"https:\/\/proteawines.ch\/fr\/wp-json\/wp\/v2\/product\/16971","targetHints":{"allow":["GET"]}}],"collection":[{"href":"https:\/\/proteawines.ch\/fr\/wp-json\/wp\/v2\/product"}],"about":[{"href":"https:\/\/proteawines.ch\/fr\/wp-json\/wp\/v2\/types\/product"}],"wp:featuredmedia":[{"embeddable":true,"href":"https:\/\/proteawines.ch\/fr\/wp-json\/wp\/v2\/media\/21106"}],"wp:attachment":[{"href":"https:\/\/proteawines.ch\/fr\/wp-json\/wp\/v2\/media?parent=16971"}],"wp:term":[{"taxonomy":"product_brand","embeddable":true,"href":"https:\/\/proteawines.ch\/fr\/wp-json\/wp\/v2\/product_brand?post=16971"},{"taxonomy":"product_cat","embeddable":true,"href":"https:\/\/proteawines.ch\/fr\/wp-json\/wp\/v2\/product_cat?post=16971"},{"taxonomy":"product_tag","embeddable":true,"href":"https:\/\/proteawines.ch\/fr\/wp-json\/wp\/v2\/product_tag?post=16971"}],"curies":[{"name":"wp","href":"https:\/\/api.w.org\/{rel}","templated":true}]}}