{"id":21009,"date":"2023-08-28T10:22:48","date_gmt":"2023-08-28T08:22:48","guid":{"rendered":"https:\/\/proteawines.ch\/mentions-legales\/"},"modified":"2023-08-30T21:29:44","modified_gmt":"2023-08-30T19:29:44","slug":"mentions-legales","status":"publish","type":"page","link":"https:\/\/proteawines.ch\/fr\/mentions-legales\/","title":{"rendered":"Mentions l\u00e9gales"},"content":{"rendered":"\n<div class=\"wp-block-uagb-advanced-heading uagb-block-e424f5e4\"><h5 class=\"uagb-heading-text\"><strong>Protea Wines GmbH<\/strong><\/h5><p class=\"uagb-desc-text\"><strong>Schwandelstrasse 1, CH-8800 Thalwil<\/strong><\/p><\/div>\n\n<div class=\"wp-block-uagb-advanced-heading uagb-block-ece0a1a6\"><h5 class=\"uagb-heading-text\"><strong>Contact<\/strong><\/h5><p class=\"uagb-desc-text\"><strong>welcome@proteawines.ch<\/strong><\/p><\/div>\n\n<div class=\"wp-block-uagb-advanced-heading uagb-block-e460b2ed\"><h5 class=\"uagb-heading-text\"><strong>Num\u00e9ro IDE<\/strong><\/h5><p class=\"uagb-desc-text\"><strong>CHE-112.355.019<\/strong><\/p><\/div>\n\n<div class=\"wp-block-uagb-advanced-heading uagb-block-38e7cc41\"><h5 class=\"uagb-heading-text\"><strong>Avis de non-responsabilit\u00e9<\/strong><\/h5><p class=\"uagb-desc-text\"><strong>Protea Wines GmbH d\u00e9cline toute responsabilit\u00e9 (y compris en cas de n\u00e9gligence) qui pourrait r\u00e9sulter de l&#8217;acc\u00e8s ou de l&#8217;impossibilit\u00e9 d&#8217;acc\u00e8s \u00e0 son site Internet ou \u00e0 certains de ses \u00e9l\u00e9ments et de son utilisation. L&#8217;acc\u00e8s au site Internet de Protea Wines GmbH et son utilisation ne sont pas garantis.<\/strong><\/p><\/div>\n\n<p><\/p>\n","protected":false},"excerpt":{"rendered":"<p>Protea Wines GmbH Schwandelstrasse 1, CH-8800 Thalwil Contact welcome@proteawines.ch Num\u00e9ro IDE CHE-112.355.019 Avis de non-responsabilit\u00e9 Protea Wines GmbH d\u00e9cline toute responsabilit\u00e9 (y compris en cas de n\u00e9gligence) qui pourrait r\u00e9sulter de l&#8217;acc\u00e8s ou de l&#8217;impossibilit\u00e9 d&#8217;acc\u00e8s \u00e0 son site Internet ou \u00e0 certains de ses \u00e9l\u00e9ments et de son utilisation. L&#8217;acc\u00e8s au site Internet de [&hellip;]<\/p>\n","protected":false},"author":24,"featured_media":0,"parent":0,"menu_order":0,"comment_status":"closed","ping_status":"closed","template":"","meta":{"_uag_custom_page_level_css":"","site-sidebar-layout":"default","site-content-layout":"","ast-site-content-layout":"default","site-content-style":"default","site-sidebar-style":"default","ast-global-header-display":"","ast-banner-title-visibility":"","ast-main-header-display":"","ast-hfb-above-header-display":"","ast-hfb-below-header-display":"","ast-hfb-mobile-header-display":"","site-post-title":"","ast-breadcrumbs-content":"","ast-featured-img":"","footer-sml-layout":"","theme-transparent-header-meta":"","adv-header-id-meta":"","stick-header-meta":"","header-above-stick-meta":"","header-main-stick-meta":"","header-below-stick-meta":"","astra-migrate-meta-layouts":"default","ast-page-background-enabled":"default","ast-page-background-meta":{"desktop":{"background-color":"","background-image":"","background-repeat":"repeat","background-position":"center center","background-size":"auto","background-attachment":"scroll","background-type":"","background-media":"","overlay-type":"","overlay-color":"","overlay-opacity":"","overlay-gradient":""},"tablet":{"background-color":"","background-image":"","background-repeat":"repeat","background-position":"center center","background-size":"auto","background-attachment":"scroll","background-type":"","background-media":"","overlay-type":"","overlay-color":"","overlay-opacity":"","overlay-gradient":""},"mobile":{"background-color":"","background-image":"","background-repeat":"repeat","background-position":"center center","background-size":"auto","background-attachment":"scroll","background-type":"","background-media":"","overlay-type":"","overlay-color":"","overlay-opacity":"","overlay-gradient":""}},"ast-content-background-meta":{"desktop":{"background-color":"var(--ast-global-color-5)","background-image":"","background-repeat":"repeat","background-position":"center center","background-size":"auto","background-attachment":"scroll","background-type":"","background-media":"","overlay-type":"","overlay-color":"","overlay-opacity":"","overlay-gradient":""},"tablet":{"background-color":"var(--ast-global-color-5)","background-image":"","background-repeat":"repeat","background-position":"center center","background-size":"auto","background-attachment":"scroll","background-type":"","background-media":"","overlay-type":"","overlay-color":"","overlay-opacity":"","overlay-gradient":""},"mobile":{"background-color":"var(--ast-global-color-5)","background-image":"","background-repeat":"repeat","background-position":"center center","background-size":"auto","background-attachment":"scroll","background-type":"","background-media":"","overlay-type":"","overlay-color":"","overlay-opacity":"","overlay-gradient":""}},"footnotes":""},"class_list":["post-21009","page","type-page","status-publish","hentry"],"yoast_head":"<!-- This site is optimized with the Yoast SEO Premium plugin v25.6 (Yoast SEO v25.6) - https:\/\/yoast.com\/wordpress\/plugins\/seo\/ -->\n<title>Mentions l\u00e9gales - Protea Wines<\/title>\n<meta name=\"robots\" content=\"index, follow, max-snippet:-1, max-image-preview:large, max-video-preview:-1\" \/>\n<link rel=\"canonical\" href=\"https:\/\/proteawines.ch\/fr\/mentions-legales\/\" \/>\n<meta property=\"og:locale\" content=\"fr_FR\" \/>\n<meta property=\"og:type\" content=\"article\" \/>\n<meta property=\"og:title\" content=\"Mentions l\u00e9gales\" \/>\n<meta property=\"og:description\" content=\"Protea Wines GmbHSchwandelstrasse 1, CH-8800 Thalwil Contactwelcome@proteawines.ch Num\u00e9ro IDECHE-112.355.019 Avis de non-responsabilit\u00e9Protea Wines GmbH\" \/>\n<meta property=\"og:url\" content=\"https:\/\/proteawines.ch\/fr\/mentions-legales\/\" \/>\n<meta property=\"og:site_name\" content=\"Protea Wines\" \/>\n<meta property=\"article:publisher\" content=\"https:\/\/www.facebook.com\/proteawines\/\" \/>\n<meta property=\"article:modified_time\" content=\"2023-08-30T19:29:44+00:00\" \/>\n<meta name=\"twitter:card\" content=\"summary_large_image\" \/>\n<script type=\"application\/ld+json\" class=\"yoast-schema-graph\">{\"@context\":\"https:\/\/schema.org\",\"@graph\":[{\"@type\":\"WebPage\",\"@id\":\"https:\/\/proteawines.ch\/fr\/mentions-legales\/\",\"url\":\"https:\/\/proteawines.ch\/fr\/mentions-legales\/\",\"name\":\"Mentions l\u00e9gales - Protea Wines\",\"isPartOf\":{\"@id\":\"https:\/\/proteawines.ch\/fr\/#website\"},\"datePublished\":\"2023-08-28T08:22:48+00:00\",\"dateModified\":\"2023-08-30T19:29:44+00:00\",\"breadcrumb\":{\"@id\":\"https:\/\/proteawines.ch\/fr\/mentions-legales\/#breadcrumb\"},\"inLanguage\":\"fr-FR\",\"potentialAction\":[{\"@type\":\"ReadAction\",\"target\":[\"https:\/\/proteawines.ch\/fr\/mentions-legales\/\"]}]},{\"@type\":\"BreadcrumbList\",\"@id\":\"https:\/\/proteawines.ch\/fr\/mentions-legales\/#breadcrumb\",\"itemListElement\":[{\"@type\":\"ListItem\",\"position\":1,\"name\":\"Accueil\",\"item\":\"https:\/\/proteawines.ch\/fr\/\"},{\"@type\":\"ListItem\",\"position\":2,\"name\":\"Mentions l\u00e9gales\"}]},{\"@type\":\"WebSite\",\"@id\":\"https:\/\/proteawines.ch\/fr\/#website\",\"url\":\"https:\/\/proteawines.ch\/fr\/\",\"name\":\"Protea Wines\",\"description\":\"Exzellente Weine zum besten Preis - Online bestellen, zu Hause geniessen.\",\"publisher\":{\"@id\":\"https:\/\/proteawines.ch\/fr\/#organization\"},\"potentialAction\":[{\"@type\":\"SearchAction\",\"target\":{\"@type\":\"EntryPoint\",\"urlTemplate\":\"https:\/\/proteawines.ch\/fr\/?s={search_term_string}\"},\"query-input\":{\"@type\":\"PropertyValueSpecification\",\"valueRequired\":true,\"valueName\":\"search_term_string\"}}],\"inLanguage\":\"fr-FR\"},{\"@type\":\"Organization\",\"@id\":\"https:\/\/proteawines.ch\/fr\/#organization\",\"name\":\"Protea Wines\",\"url\":\"https:\/\/proteawines.ch\/fr\/\",\"logo\":{\"@type\":\"ImageObject\",\"inLanguage\":\"fr-FR\",\"@id\":\"https:\/\/proteawines.ch\/fr\/#\/schema\/logo\/image\/\",\"url\":\"https:\/\/proteawines.ch\/wp-content\/uploads\/2016\/03\/ProteaWines_logo_rect-1.png\",\"contentUrl\":\"https:\/\/proteawines.ch\/wp-content\/uploads\/2016\/03\/ProteaWines_logo_rect-1.png\",\"width\":500,\"height\":354,\"caption\":\"Protea Wines\"},\"image\":{\"@id\":\"https:\/\/proteawines.ch\/fr\/#\/schema\/logo\/image\/\"},\"sameAs\":[\"https:\/\/www.facebook.com\/proteawines\/\",\"https:\/\/www.instagram.com\/proteawines\/\"]}]}<\/script>\n<!-- \/ Yoast SEO Premium plugin. -->","yoast_head_json":{"title":"Mentions l\u00e9gales - Protea Wines","robots":{"index":"index","follow":"follow","max-snippet":"max-snippet:-1","max-image-preview":"max-image-preview:large","max-video-preview":"max-video-preview:-1"},"canonical":"https:\/\/proteawines.ch\/fr\/mentions-legales\/","og_locale":"fr_FR","og_type":"article","og_title":"Mentions l\u00e9gales","og_description":"Protea Wines GmbHSchwandelstrasse 1, CH-8800 Thalwil Contactwelcome@proteawines.ch Num\u00e9ro IDECHE-112.355.019 Avis de non-responsabilit\u00e9Protea Wines GmbH","og_url":"https:\/\/proteawines.ch\/fr\/mentions-legales\/","og_site_name":"Protea Wines","article_publisher":"https:\/\/www.facebook.com\/proteawines\/","article_modified_time":"2023-08-30T19:29:44+00:00","twitter_card":"summary_large_image","schema":{"@context":"https:\/\/schema.org","@graph":[{"@type":"WebPage","@id":"https:\/\/proteawines.ch\/fr\/mentions-legales\/","url":"https:\/\/proteawines.ch\/fr\/mentions-legales\/","name":"Mentions l\u00e9gales - Protea Wines","isPartOf":{"@id":"https:\/\/proteawines.ch\/fr\/#website"},"datePublished":"2023-08-28T08:22:48+00:00","dateModified":"2023-08-30T19:29:44+00:00","breadcrumb":{"@id":"https:\/\/proteawines.ch\/fr\/mentions-legales\/#breadcrumb"},"inLanguage":"fr-FR","potentialAction":[{"@type":"ReadAction","target":["https:\/\/proteawines.ch\/fr\/mentions-legales\/"]}]},{"@type":"BreadcrumbList","@id":"https:\/\/proteawines.ch\/fr\/mentions-legales\/#breadcrumb","itemListElement":[{"@type":"ListItem","position":1,"name":"Accueil","item":"https:\/\/proteawines.ch\/fr\/"},{"@type":"ListItem","position":2,"name":"Mentions l\u00e9gales"}]},{"@type":"WebSite","@id":"https:\/\/proteawines.ch\/fr\/#website","url":"https:\/\/proteawines.ch\/fr\/","name":"Protea Wines","description":"Exzellente Weine zum besten Preis - Online bestellen, zu Hause geniessen.","publisher":{"@id":"https:\/\/proteawines.ch\/fr\/#organization"},"potentialAction":[{"@type":"SearchAction","target":{"@type":"EntryPoint","urlTemplate":"https:\/\/proteawines.ch\/fr\/?s={search_term_string}"},"query-input":{"@type":"PropertyValueSpecification","valueRequired":true,"valueName":"search_term_string"}}],"inLanguage":"fr-FR"},{"@type":"Organization","@id":"https:\/\/proteawines.ch\/fr\/#organization","name":"Protea Wines","url":"https:\/\/proteawines.ch\/fr\/","logo":{"@type":"ImageObject","inLanguage":"fr-FR","@id":"https:\/\/proteawines.ch\/fr\/#\/schema\/logo\/image\/","url":"https:\/\/proteawines.ch\/wp-content\/uploads\/2016\/03\/ProteaWines_logo_rect-1.png","contentUrl":"https:\/\/proteawines.ch\/wp-content\/uploads\/2016\/03\/ProteaWines_logo_rect-1.png","width":500,"height":354,"caption":"Protea Wines"},"image":{"@id":"https:\/\/proteawines.ch\/fr\/#\/schema\/logo\/image\/"},"sameAs":["https:\/\/www.facebook.com\/proteawines\/","https:\/\/www.instagram.com\/proteawines\/"]}]}},"uagb_featured_image_src":{"full":false,"thumbnail":false,"medium":false,"medium_large":false,"large":false,"1536x1536":false,"2048x2048":false,"woocommerce_thumbnail":false,"woocommerce_single":false,"woocommerce_gallery_thumbnail":false},"uagb_author_info":{"display_name":"Protea Wines","author_link":"https:\/\/proteawines.ch\/fr\/author\/jasmine20\/"},"uagb_comment_info":0,"uagb_excerpt":"Protea Wines GmbH Schwandelstrasse 1, CH-8800 Thalwil Contact welcome@proteawines.ch Num\u00e9ro IDE CHE-112.355.019 Avis de non-responsabilit\u00e9 Protea Wines GmbH d\u00e9cline toute responsabilit\u00e9 (y compris en cas de n\u00e9gligence) qui pourrait r\u00e9sulter de l&#8217;acc\u00e8s ou de l&#8217;impossibilit\u00e9 d&#8217;acc\u00e8s \u00e0 son site Internet ou \u00e0 certains de ses \u00e9l\u00e9ments et de son utilisation. L&#8217;acc\u00e8s au site Internet de\u2026","_links":{"self":[{"href":"https:\/\/proteawines.ch\/fr\/wp-json\/wp\/v2\/pages\/21009","targetHints":{"allow":["GET"]}}],"collection":[{"href":"https:\/\/proteawines.ch\/fr\/wp-json\/wp\/v2\/pages"}],"about":[{"href":"https:\/\/proteawines.ch\/fr\/wp-json\/wp\/v2\/types\/page"}],"author":[{"embeddable":true,"href":"https:\/\/proteawines.ch\/fr\/wp-json\/wp\/v2\/users\/24"}],"replies":[{"embeddable":true,"href":"https:\/\/proteawines.ch\/fr\/wp-json\/wp\/v2\/comments?post=21009"}],"version-history":[{"count":1,"href":"https:\/\/proteawines.ch\/fr\/wp-json\/wp\/v2\/pages\/21009\/revisions"}],"predecessor-version":[{"id":21010,"href":"https:\/\/proteawines.ch\/fr\/wp-json\/wp\/v2\/pages\/21009\/revisions\/21010"}],"wp:attachment":[{"href":"https:\/\/proteawines.ch\/fr\/wp-json\/wp\/v2\/media?parent=21009"}],"curies":[{"name":"wp","href":"https:\/\/api.w.org\/{rel}","templated":true}]}}