{"id":15693,"date":"2015-04-06T15:45:56","date_gmt":"2015-04-06T13:45:56","guid":{"rendered":"http:\/\/proteawines.ch.nova.ch-meta.net\/?page_id=15693&#038;lang=fr"},"modified":"2020-12-01T21:12:49","modified_gmt":"2020-12-01T20:12:49","slug":"wine-lovers","status":"publish","type":"page","link":"https:\/\/proteawines.ch\/fr\/wine-lovers\/","title":{"rendered":"Wine lovers"},"content":{"rendered":"\n<section class=\"wp-block-uagb-columns uagb-columns__wrap uagb-columns__background-none uagb-columns__stack-mobile uagb-columns__valign-undefined uagb-columns__gap-10 alignundefined uagb-block-3e1c4adc\"><div class=\"uagb-columns__overlay\"><\/div><div class=\"uagb-columns__inner-wrap uagb-columns__columns-2\">\n<div class=\"wp-block-uagb-column uagb-column__wrap uagb-column__background-color uagb-block-d594bf94\"><div class=\"uagb-column__overlay\"><\/div><div class=\"uagb-column__inner-wrap\">\n<h2 class=\"wp-block-heading\" id=\"h-mehr-als-nur-leidenschaft-wahre-liebe\">Plus qu\u2019une passion : une v\u00e9ritable histoire d\u2019amour !<\/h2>\n\n\n\n<p>R\u00e9gion du Cap, 2005 : un soleil chaud brille de mille feux tandis qu\u2019une l\u00e9g\u00e8re brise agite les feuilles d\u2019infinies rang\u00e9es de vignes. Je m\u2019appelle Marc, et ce jour l\u00e0, j\u2019ai v\u00e9cu ce que beaucoup attendant toute leur vie : le coup de foudre. C\u2019est ainsi, tout simplement, que je suis tomb\u00e9 amoureux de l\u2019Afrique du Sud, du Cap et du vin. Durant les 3 mois qu\u2019a dur\u00e9 mon s\u00e9jour, j\u2019ai alors pass\u00e9 une majeure partie de mon temps \u00e0 d\u00e9guster et comparer les diff\u00e9rents vins qu\u2019offre le pays. Puis l\u2019id\u00e9e a germ\u00e9 dans mon esprit d\u2019importer mes vins favoris en Suisse, afin de pouvoir les faire d\u00e9couvrir \u00e0 mes amis et \u00e0 ma famille. Une fois de retour \u00e0 la maison, j\u2019ai d\u00e9cid\u00e9 de tenter l\u2019aventure et ainsi est n\u00e9e Protea Wines GmbH, dont le nom est bas\u00e9, comme certains d\u2019entre vous le savent peut-\u00eatre d\u00e9j\u00e0, sur la fleur nationale d\u2019Afrique du Sud.<\/p>\n\n\n\n<p>Pendant plus de 10 ans, j\u2019ai fait l\u2019\u00e9loge des vins sud-africains et les gens appr\u00e9ciaient de plus en plus ce que je leur proposais. J\u2019ai cependant eu de plus en plus de requ\u00eate pour des vins venant d\u2019autre pays et d\u2019autres r\u00e9gions, ce qui m\u2019amena \u00e0 s\u00e9rieusement \u00e9valuer de possibles candidats. Mon palais ayant toujours appr\u00e9ci\u00e9 les vins fran\u00e7ais, j\u2019ai commenc\u00e9 par chercher des options dans ce pays voisin. Il ne m\u2019a pas fallu longtemps pour tomber sous le charme des petits villages fran\u00e7ais et de leurs vignobles. Et au-del\u00e0 de ses grands noms, la France poss\u00e8de de nombreux tr\u00e9sors cach\u00e9s, des vins de grande qualit\u00e9 \u00e0 des prix tr\u00e8s abordables. Il \u00e9tait donc grand temps d\u2019\u00e9largir la gamme des vins disponibles chez Protea Wines avec ces petites perles fran\u00e7aises. Depuis 2015, notre s\u00e9lection comprend donc de d\u00e9licieux vins fran\u00e7ais.<\/p>\n\n\n\n<h2 class=\"wp-block-heading\" id=\"h-wir-machen-mehr-als-nur-wein-verkaufen\">Nous faisons bien plus que vendre du vin<\/h2>\n\n\n\n<p>Comme vous le comprenez maintenant, mon but avec Protea Wines n\u2019est pas seulement de vendre du vin, mais de vous donner l\u2019opportunit\u00e9 de d\u00e9couvrir quelque chose de nouveau, quelque chose que vous ne trouverez pas chez les grands distributeurs. Nous visitons r\u00e9guli\u00e8rement les vignobles desquels nous importons du vin, et tous les vins que nous vous proposons sont soigneusement choisis afin de vous proposer une s\u00e9lection la plus int\u00e9ressante possible.<\/p>\n\n\n\n<p>Cette t\u00e2che est bien \u00e9videmment sans fin, et je vais continuer \u00e0 chercher ces petits diamants viticoles tout autour du monde, dans le but de vous pr\u00e9senter prochainement un voyage gustatif encore plus vaste.<\/p>\n\n\n\n<p>Je vous souhaite une belle exp\u00e9rience sur Protea Wines. N\u2019oubliez pas de visiter notre <a href=\"https:\/\/proteawines.ch\/fr\/boutique-en-ligne\/\" target=\"_blank\" rel=\"noreferrer noopener\">boutique en ligne<\/a>, et enregistrer vous pour <a href=\"http:\/\/eepurl.com\/b8IySj\" target=\"_blank\" rel=\"noreferrer noopener\">recevoir notre newsletter<\/a> (pas plus de 12 par an), ou bien suivez-nous sur <a href=\"https:\/\/www.facebook.com\/proteawines\/\" target=\"_blank\" rel=\"noreferrer noopener\">Facebook<\/a> et <a href=\"https:\/\/www.instagram.com\/proteawines\/\" target=\"_blank\" rel=\"noreferrer noopener\">Instagram<\/a> afin d\u2019\u00eatre les premiers inform\u00e9s de nos offres sp\u00e9ciales, de nos nouveaux arrivages de vins, de nos d\u00e9gustations publiques et de nos d\u00e9licieuses recettes et accords mets et vin !<\/p>\n\n\n\n<p>D\u00e9licieusement,<\/p>\n\n\n\n<p>Marc<\/p>\n<\/div><\/div>\n\n\n\n<div class=\"wp-block-uagb-column uagb-column__wrap uagb-column__background-none uagb-block-c8d8c392\"><div class=\"uagb-column__overlay\"><\/div><div class=\"uagb-column__inner-wrap\">\n<section class=\"wp-block-uagb-columns uagb-columns__wrap uagb-columns__background-undefined uagb-columns__stack-mobile uagb-columns__valign-undefined uagb-columns__gap-10 alignundefined uagb-block-68b7e669\"><div class=\"uagb-columns__overlay\"><\/div><div class=\"uagb-columns__inner-wrap uagb-columns__columns-1\">\n<div class=\"wp-block-uagb-column uagb-column__wrap uagb-column__background-image uagb-block-3321bedc\"><div class=\"uagb-column__overlay\"><\/div><div class=\"uagb-column__inner-wrap\">\n<section class=\"wp-block-uagb-columns uagb-columns__wrap uagb-columns__background-undefined uagb-columns__stack-mobile uagb-columns__valign-undefined uagb-columns__gap-10 alignundefined uagb-block-88e98078\"><div class=\"uagb-columns__overlay\"><\/div><div class=\"uagb-columns__inner-wrap uagb-columns__columns-1\">\n<div class=\"wp-block-uagb-column uagb-column__wrap uagb-column__background-color uagb-block-93348932\"><div class=\"uagb-column__overlay\"><\/div><div class=\"uagb-column__inner-wrap\">\n<div class=\"wp-block-uagb-info-box uagb-infobox__outer-wrap uagb-block-39117b2c\"><div class=\"uagb-infobox__content-wrap uagb-infobox uagb-infobox-has-icon uagb-infobox-icon-above-title uagb-infobox-image-valign-top uagb-infobox-enable-border-radius \"><div class=\"uagb-ifb-left-right-wrap\"><div class=\"uagb-ifb-content\"><div class=\"uagb-ifb-title-wrap\"><h3 class=\"uagb-ifb-title\">Inscris-toi \u00e0 notre newsletter<\/h3><\/div><div class=\"uagb-ifb-separator-parent\"><div class=\"uagb-ifb-separator\"><\/div><\/div><div class=\"uagb-ifb-text-wrap\"><p class=\"uagb-ifb-desc\">Tu seras le premier \u00e0 \u00eatre inform\u00e9 de l&#8217;arriv\u00e9e nos nouveaux vins, de nos promotions et de nos toutes derni\u00e8res recettes avec accords mets et vins. Tu apprendras aussi beaucoup sur le vin en g\u00e9n\u00e9ral gr\u00e2ce \u00e0 nos articles sp\u00e9cialis\u00e9s. \nMais ne t&#8217;inqui\u00e8tes pas, nous ne faisons pas partie de ceux qui vont inonder ta boite mail. Chez nous, c&#8217;est une newsletter par mois, pas plus !<\/p><div class=\"uagb-ifb-cta uagb-infobox-cta-link-style\"><div class=\"uagb-ifb-button-wrapper wp-block-button\"><a href=\"http:\/\/eepurl.com\/b8IySj\" class=\"wp-block-button__link\" target=\"_blank\" rel=\"noopener noreferrer\"><span class=\"uagb-ifb-cta-content-wrapper\"><span class=\"uagb-inline-editing \">C&#8217;est parti!<\/span><\/span><\/a><\/div><\/div><\/div><\/div><\/div><\/div><\/div>\n<\/div><\/div>\n<\/div><\/section>\n<\/div><\/div>\n<\/div><\/section>\n\n\n\n<div style=\"height:20px\" aria-hidden=\"true\" class=\"wp-block-spacer\"><\/div>\n\n\n\n<div class=\"wp-block-uagb-buttons uagb-buttons__outer-wrap uagb-block-f90f0638\"><div class=\"uagb-buttons__wrap uagb-buttons-layout-wrap\">\n<div class=\"wp-block-uagb-buttons-child uagb-buttons__outer-wrap uagb-block-fc3df7eb wp-block-button\"><div class=\"uagb-button__wrapper\"><a class=\"uagb-buttons-repeater wp-block-button__link\" href=\"https:\/\/www.facebook.com\/proteawines\/\" rel=\"noopener noreferrer\" target=\"_blank\"><div class=\"uagb-button__link\">Suis-nous sur Facebook<\/div><span class=\"uagb-button__icon uagb-button__icon-position-after\"><svg xmlns=\"http:\/\/www.w3.org\/2000\/svg\" viewbox=\"0 0 320 512\"><path d=\"M279.14 288l14.22-92.66h-88.91v-60.13c0-25.35 12.42-50.06 52.24-50.06h40.42V6.26S260.43 0 225.36 0c-73.22 0-121.08 44.38-121.08 124.72v70.62H22.89V288h81.39v224h100.17V288z\"><\/path><\/svg><\/span><\/a><\/div><\/div>\n\n\n\n<div class=\"wp-block-uagb-buttons-child uagb-buttons__outer-wrap uagb-block-ad589072 wp-block-button\"><div class=\"uagb-button__wrapper\"><a class=\"uagb-buttons-repeater wp-block-button__link\" href=\"https:\/\/www.instagram.com\/proteawines\/?hl=fr\" rel=\"noopener noreferrer\" target=\"_blank\"><div class=\"uagb-button__link\">Suis-nous sur Instagram<\/div><span class=\"uagb-button__icon uagb-button__icon-position-after\"><svg xmlns=\"http:\/\/www.w3.org\/2000\/svg\" viewbox=\"0 0 448 512\"><path d=\"M224.1 141c-63.6 0-114.9 51.3-114.9 114.9s51.3 114.9 114.9 114.9S339 319.5 339 255.9 287.7 141 224.1 141zm0 189.6c-41.1 0-74.7-33.5-74.7-74.7s33.5-74.7 74.7-74.7 74.7 33.5 74.7 74.7-33.6 74.7-74.7 74.7zm146.4-194.3c0 14.9-12 26.8-26.8 26.8-14.9 0-26.8-12-26.8-26.8s12-26.8 26.8-26.8 26.8 12 26.8 26.8zm76.1 27.2c-1.7-35.9-9.9-67.7-36.2-93.9-26.2-26.2-58-34.4-93.9-36.2-37-2.1-147.9-2.1-184.9 0-35.8 1.7-67.6 9.9-93.9 36.1s-34.4 58-36.2 93.9c-2.1 37-2.1 147.9 0 184.9 1.7 35.9 9.9 67.7 36.2 93.9s58 34.4 93.9 36.2c37 2.1 147.9 2.1 184.9 0 35.9-1.7 67.7-9.9 93.9-36.2 26.2-26.2 34.4-58 36.2-93.9 2.1-37 2.1-147.8 0-184.8zM398.8 388c-7.8 19.6-22.9 34.7-42.6 42.6-29.5 11.7-99.5 9-132.1 9s-102.7 2.6-132.1-9c-19.6-7.8-34.7-22.9-42.6-42.6-11.7-29.5-9-99.5-9-132.1s-2.6-102.7 9-132.1c7.8-19.6 22.9-34.7 42.6-42.6 29.5-11.7 99.5-9 132.1-9s102.7-2.6 132.1 9c19.6 7.8 34.7 22.9 42.6 42.6 11.7 29.5 9 99.5 9 132.1s2.7 102.7-9 132.1z\"><\/path><\/svg><\/span><\/a><\/div><\/div>\n<\/div><\/div>\n\n\n\n<p><\/p>\n<\/div><\/div>\n<\/div><\/section>\n\n<section class=\"wp-block-uagb-columns uagb-columns__wrap uagb-columns__background-image uagb-columns__stack-mobile uagb-columns__valign-undefined uagb-columns__gap-10 alignundefined uagb-block-d3f6cb8d\"><div class=\"uagb-columns__overlay\"><\/div><div class=\"uagb-columns__inner-wrap uagb-columns__columns-1\">\n<div class=\"wp-block-uagb-column uagb-column__wrap uagb-column__background-color uagb-block-89207120\"><div class=\"uagb-column__overlay\"><\/div><div class=\"uagb-column__inner-wrap\">\n<div class=\"wp-block-uagb-advanced-heading uagb-block-505d558d\"><h2 class=\"uagb-heading-text\">Notre \u00e9quipe<\/h2><p class=\"uagb-desc-text\"><\/p><\/div>\n<\/div><\/div>\n<\/div><\/section>\n\n<section class=\"wp-block-uagb-columns uagb-columns__wrap uagb-columns__background-undefined uagb-columns__stack-mobile uagb-columns__valign-undefined uagb-columns__gap-10 alignundefined uagb-block-1eff5b75\"><div class=\"uagb-columns__overlay\"><\/div><div class=\"uagb-columns__inner-wrap uagb-columns__columns-2\">\n<div class=\"wp-block-uagb-column uagb-column__wrap uagb-column__background-undefined uagb-block-92dc29a8\"><div class=\"uagb-column__overlay\"><\/div><div class=\"uagb-column__inner-wrap\">\n<div class=\"wp-block-uagb-team uagb-team uagb-team__outer-wrap uagb-team__image-position-above uagb-team__align-center uagb-team__stack-tablet uagb-block-2f5b9e44\"><div class=\"uagb-team__wrap\"><div class=\"uagb-team__content\"><div class=\"uagb-team__image-wrap uagb-team__image-crop-circle\"><img decoding=\"async\" class=\"\" src=\"https:\/\/proteawines.ch\/wp-content\/uploads\/2020\/03\/Profile_picture_Marc_web_Square.jpg\" alt=\"\"\/><\/div><div class=\"uagb-team__title-wrap\"><h3 class=\"uagb-team__title\">Marc<\/h3><span class=\"uagb-team__prefix\">Directeur<br \/>Sommelier avec dipl\u00f4me f\u00e9d\u00e9ral<\/span><\/div><div class=\"uagb-team__desc-wrap\"><p class=\"uagb-team__desc\"><\/p><\/div><\/div><\/div><\/div>\n\n\n\n<p><\/p>\n<\/div><\/div>\n\n\n\n<div class=\"wp-block-uagb-column uagb-column__wrap uagb-column__background-undefined uagb-block-41d649a6\"><div class=\"uagb-column__overlay\"><\/div><div class=\"uagb-column__inner-wrap\">\n<div class=\"wp-block-uagb-team uagb-team uagb-team__outer-wrap uagb-team__image-position-above uagb-team__align-center uagb-team__stack-tablet uagb-block-c29825f2\"><div class=\"uagb-team__wrap\"><div class=\"uagb-team__content\"><div class=\"uagb-team__image-wrap uagb-team__image-crop-circle\"><img decoding=\"async\" class=\"\" src=\"https:\/\/proteawines.ch\/wp-content\/uploads\/2020\/03\/Profile_picture_Marina_web_Square.jpg\" alt=\"\"\/><\/div><div class=\"uagb-team__title-wrap\"><h3 class=\"uagb-team__title\">Marina<\/h3><span class=\"uagb-team__prefix\">Communication &amp; Marketing<\/span><\/div><div class=\"uagb-team__desc-wrap\"><p class=\"uagb-team__desc\"><\/p><\/div><\/div><\/div><\/div>\n\n\n\n<p><\/p>\n<\/div><\/div>\n<\/div><\/section>\n\n<p><\/p>\n","protected":false},"excerpt":{"rendered":"<p>Plus qu\u2019une passion : une v\u00e9ritable histoire d\u2019amour ! R\u00e9gion du Cap, 2005 : un soleil chaud brille de mille feux tandis qu\u2019une l\u00e9g\u00e8re brise agite les feuilles d\u2019infinies rang\u00e9es de vignes. Je m\u2019appelle Marc, et ce jour l\u00e0, j\u2019ai v\u00e9cu ce que beaucoup attendant toute leur vie : le coup de foudre. C\u2019est ainsi, [&hellip;]<\/p>\n","protected":false},"author":24,"featured_media":0,"parent":0,"menu_order":0,"comment_status":"closed","ping_status":"closed","template":"","meta":{"_uag_custom_page_level_css":"","site-sidebar-layout":"no-sidebar","site-content-layout":"plain-container","ast-site-content-layout":"normal-width-container","site-content-style":"unboxed","site-sidebar-style":"unboxed","ast-global-header-display":"","ast-banner-title-visibility":"","ast-main-header-display":"","ast-hfb-above-header-display":"","ast-hfb-below-header-display":"","ast-hfb-mobile-header-display":"","site-post-title":"disabled","ast-breadcrumbs-content":"","ast-featured-img":"disabled","footer-sml-layout":"","theme-transparent-header-meta":"default","adv-header-id-meta":"","stick-header-meta":"","header-above-stick-meta":"","header-main-stick-meta":"","header-below-stick-meta":"","astra-migrate-meta-layouts":"default","ast-page-background-enabled":"default","ast-page-background-meta":{"desktop":{"background-color":"","background-image":"","background-repeat":"repeat","background-position":"center center","background-size":"auto","background-attachment":"scroll","background-type":"","background-media":"","overlay-type":"","overlay-color":"","overlay-opacity":"","overlay-gradient":""},"tablet":{"background-color":"","background-image":"","background-repeat":"repeat","background-position":"center center","background-size":"auto","background-attachment":"scroll","background-type":"","background-media":"","overlay-type":"","overlay-color":"","overlay-opacity":"","overlay-gradient":""},"mobile":{"background-color":"","background-image":"","background-repeat":"repeat","background-position":"center center","background-size":"auto","background-attachment":"scroll","background-type":"","background-media":"","overlay-type":"","overlay-color":"","overlay-opacity":"","overlay-gradient":""}},"ast-content-background-meta":{"desktop":{"background-color":"var(--ast-global-color-5)","background-image":"","background-repeat":"repeat","background-position":"center center","background-size":"auto","background-attachment":"scroll","background-type":"","background-media":"","overlay-type":"","overlay-color":"","overlay-opacity":"","overlay-gradient":""},"tablet":{"background-color":"var(--ast-global-color-5)","background-image":"","background-repeat":"repeat","background-position":"center center","background-size":"auto","background-attachment":"scroll","background-type":"","background-media":"","overlay-type":"","overlay-color":"","overlay-opacity":"","overlay-gradient":""},"mobile":{"background-color":"var(--ast-global-color-5)","background-image":"","background-repeat":"repeat","background-position":"center center","background-size":"auto","background-attachment":"scroll","background-type":"","background-media":"","overlay-type":"","overlay-color":"","overlay-opacity":"","overlay-gradient":""}},"footnotes":""},"class_list":["post-15693","page","type-page","status-publish","hentry"],"yoast_head":"<!-- This site is optimized with the Yoast SEO Premium plugin v25.6 (Yoast SEO v25.6) - https:\/\/yoast.com\/wordpress\/plugins\/seo\/ -->\n<title>Wine lovers - Protea Wines online wine shop - About us<\/title>\n<meta name=\"description\" content=\"Mehr als nur Wein verkaufen. Wir m\u00f6chten Ihnen die M\u00f6glichkeit geben, etwas Neues zu entdecken, etwas, dass Sie bei keinem Grossverteiler finden werden.\" \/>\n<meta name=\"robots\" content=\"index, follow, max-snippet:-1, max-image-preview:large, max-video-preview:-1\" \/>\n<link rel=\"canonical\" href=\"https:\/\/proteawines.ch\/fr\/wine-lovers\/\" \/>\n<meta property=\"og:locale\" content=\"fr_FR\" \/>\n<meta property=\"og:type\" content=\"article\" \/>\n<meta property=\"og:title\" content=\"Wine lovers\" \/>\n<meta property=\"og:description\" content=\"Plus qu\u2019une passion : une v\u00e9ritable histoire d\u2019amour ! R\u00e9gion du Cap, 2005 : un soleil chaud brille de mille feux tandis qu\u2019une l\u00e9g\u00e8re brise agite les\" \/>\n<meta property=\"og:url\" content=\"https:\/\/proteawines.ch\/fr\/wine-lovers\/\" \/>\n<meta property=\"og:site_name\" content=\"Protea Wines\" \/>\n<meta property=\"article:publisher\" content=\"https:\/\/www.facebook.com\/proteawines\/\" \/>\n<meta property=\"article:modified_time\" content=\"2020-12-01T20:12:49+00:00\" \/>\n<meta property=\"og:image\" content=\"https:\/\/proteawines.ch\/wp-content\/uploads\/2020\/03\/Profile_picture_Marc_web_Square.jpg\" \/>\n<meta name=\"twitter:card\" content=\"summary_large_image\" \/>\n<meta name=\"twitter:label1\" content=\"Dur\u00e9e de lecture estim\u00e9e\" \/>\n\t<meta name=\"twitter:data1\" content=\"3 minutes\" \/>\n<script type=\"application\/ld+json\" class=\"yoast-schema-graph\">{\"@context\":\"https:\/\/schema.org\",\"@graph\":[{\"@type\":\"WebPage\",\"@id\":\"https:\/\/proteawines.ch\/fr\/wine-lovers\/\",\"url\":\"https:\/\/proteawines.ch\/fr\/wine-lovers\/\",\"name\":\"Wine lovers - Protea Wines online wine shop - About us\",\"isPartOf\":{\"@id\":\"https:\/\/proteawines.ch\/fr\/#website\"},\"primaryImageOfPage\":{\"@id\":\"https:\/\/proteawines.ch\/fr\/wine-lovers\/#primaryimage\"},\"image\":{\"@id\":\"https:\/\/proteawines.ch\/fr\/wine-lovers\/#primaryimage\"},\"thumbnailUrl\":\"https:\/\/proteawines.ch\/wp-content\/uploads\/2020\/03\/Profile_picture_Marc_web_Square.jpg\",\"datePublished\":\"2015-04-06T13:45:56+00:00\",\"dateModified\":\"2020-12-01T20:12:49+00:00\",\"description\":\"Mehr als nur Wein verkaufen. Wir m\u00f6chten Ihnen die M\u00f6glichkeit geben, etwas Neues zu entdecken, etwas, dass Sie bei keinem Grossverteiler finden werden.\",\"breadcrumb\":{\"@id\":\"https:\/\/proteawines.ch\/fr\/wine-lovers\/#breadcrumb\"},\"inLanguage\":\"fr-FR\",\"potentialAction\":[{\"@type\":\"ReadAction\",\"target\":[\"https:\/\/proteawines.ch\/fr\/wine-lovers\/\"]}]},{\"@type\":\"ImageObject\",\"inLanguage\":\"fr-FR\",\"@id\":\"https:\/\/proteawines.ch\/fr\/wine-lovers\/#primaryimage\",\"url\":\"https:\/\/proteawines.ch\/wp-content\/uploads\/2020\/03\/Profile_picture_Marc_web_Square.jpg\",\"contentUrl\":\"https:\/\/proteawines.ch\/wp-content\/uploads\/2020\/03\/Profile_picture_Marc_web_Square.jpg\"},{\"@type\":\"BreadcrumbList\",\"@id\":\"https:\/\/proteawines.ch\/fr\/wine-lovers\/#breadcrumb\",\"itemListElement\":[{\"@type\":\"ListItem\",\"position\":1,\"name\":\"Accueil\",\"item\":\"https:\/\/proteawines.ch\/fr\/\"},{\"@type\":\"ListItem\",\"position\":2,\"name\":\"Wine lovers\"}]},{\"@type\":\"WebSite\",\"@id\":\"https:\/\/proteawines.ch\/fr\/#website\",\"url\":\"https:\/\/proteawines.ch\/fr\/\",\"name\":\"Protea Wines\",\"description\":\"Exzellente Weine zum besten Preis - Online bestellen, zu Hause geniessen.\",\"publisher\":{\"@id\":\"https:\/\/proteawines.ch\/fr\/#organization\"},\"potentialAction\":[{\"@type\":\"SearchAction\",\"target\":{\"@type\":\"EntryPoint\",\"urlTemplate\":\"https:\/\/proteawines.ch\/fr\/?s={search_term_string}\"},\"query-input\":{\"@type\":\"PropertyValueSpecification\",\"valueRequired\":true,\"valueName\":\"search_term_string\"}}],\"inLanguage\":\"fr-FR\"},{\"@type\":\"Organization\",\"@id\":\"https:\/\/proteawines.ch\/fr\/#organization\",\"name\":\"Protea Wines\",\"url\":\"https:\/\/proteawines.ch\/fr\/\",\"logo\":{\"@type\":\"ImageObject\",\"inLanguage\":\"fr-FR\",\"@id\":\"https:\/\/proteawines.ch\/fr\/#\/schema\/logo\/image\/\",\"url\":\"https:\/\/proteawines.ch\/wp-content\/uploads\/2016\/03\/ProteaWines_logo_rect-1.png\",\"contentUrl\":\"https:\/\/proteawines.ch\/wp-content\/uploads\/2016\/03\/ProteaWines_logo_rect-1.png\",\"width\":500,\"height\":354,\"caption\":\"Protea Wines\"},\"image\":{\"@id\":\"https:\/\/proteawines.ch\/fr\/#\/schema\/logo\/image\/\"},\"sameAs\":[\"https:\/\/www.facebook.com\/proteawines\/\",\"https:\/\/www.instagram.com\/proteawines\/\"]}]}<\/script>\n<!-- \/ Yoast SEO Premium plugin. -->","yoast_head_json":{"title":"Wine lovers - Protea Wines online wine shop - About us","description":"Mehr als nur Wein verkaufen. Wir m\u00f6chten Ihnen die M\u00f6glichkeit geben, etwas Neues zu entdecken, etwas, dass Sie bei keinem Grossverteiler finden werden.","robots":{"index":"index","follow":"follow","max-snippet":"max-snippet:-1","max-image-preview":"max-image-preview:large","max-video-preview":"max-video-preview:-1"},"canonical":"https:\/\/proteawines.ch\/fr\/wine-lovers\/","og_locale":"fr_FR","og_type":"article","og_title":"Wine lovers","og_description":"Plus qu\u2019une passion : une v\u00e9ritable histoire d\u2019amour ! R\u00e9gion du Cap, 2005 : un soleil chaud brille de mille feux tandis qu\u2019une l\u00e9g\u00e8re brise agite les","og_url":"https:\/\/proteawines.ch\/fr\/wine-lovers\/","og_site_name":"Protea Wines","article_publisher":"https:\/\/www.facebook.com\/proteawines\/","article_modified_time":"2020-12-01T20:12:49+00:00","og_image":[{"url":"https:\/\/proteawines.ch\/wp-content\/uploads\/2020\/03\/Profile_picture_Marc_web_Square.jpg","type":"","width":"","height":""}],"twitter_card":"summary_large_image","twitter_misc":{"Dur\u00e9e de lecture estim\u00e9e":"3 minutes"},"schema":{"@context":"https:\/\/schema.org","@graph":[{"@type":"WebPage","@id":"https:\/\/proteawines.ch\/fr\/wine-lovers\/","url":"https:\/\/proteawines.ch\/fr\/wine-lovers\/","name":"Wine lovers - Protea Wines online wine shop - About us","isPartOf":{"@id":"https:\/\/proteawines.ch\/fr\/#website"},"primaryImageOfPage":{"@id":"https:\/\/proteawines.ch\/fr\/wine-lovers\/#primaryimage"},"image":{"@id":"https:\/\/proteawines.ch\/fr\/wine-lovers\/#primaryimage"},"thumbnailUrl":"https:\/\/proteawines.ch\/wp-content\/uploads\/2020\/03\/Profile_picture_Marc_web_Square.jpg","datePublished":"2015-04-06T13:45:56+00:00","dateModified":"2020-12-01T20:12:49+00:00","description":"Mehr als nur Wein verkaufen. Wir m\u00f6chten Ihnen die M\u00f6glichkeit geben, etwas Neues zu entdecken, etwas, dass Sie bei keinem Grossverteiler finden werden.","breadcrumb":{"@id":"https:\/\/proteawines.ch\/fr\/wine-lovers\/#breadcrumb"},"inLanguage":"fr-FR","potentialAction":[{"@type":"ReadAction","target":["https:\/\/proteawines.ch\/fr\/wine-lovers\/"]}]},{"@type":"ImageObject","inLanguage":"fr-FR","@id":"https:\/\/proteawines.ch\/fr\/wine-lovers\/#primaryimage","url":"https:\/\/proteawines.ch\/wp-content\/uploads\/2020\/03\/Profile_picture_Marc_web_Square.jpg","contentUrl":"https:\/\/proteawines.ch\/wp-content\/uploads\/2020\/03\/Profile_picture_Marc_web_Square.jpg"},{"@type":"BreadcrumbList","@id":"https:\/\/proteawines.ch\/fr\/wine-lovers\/#breadcrumb","itemListElement":[{"@type":"ListItem","position":1,"name":"Accueil","item":"https:\/\/proteawines.ch\/fr\/"},{"@type":"ListItem","position":2,"name":"Wine lovers"}]},{"@type":"WebSite","@id":"https:\/\/proteawines.ch\/fr\/#website","url":"https:\/\/proteawines.ch\/fr\/","name":"Protea Wines","description":"Exzellente Weine zum besten Preis - Online bestellen, zu Hause geniessen.","publisher":{"@id":"https:\/\/proteawines.ch\/fr\/#organization"},"potentialAction":[{"@type":"SearchAction","target":{"@type":"EntryPoint","urlTemplate":"https:\/\/proteawines.ch\/fr\/?s={search_term_string}"},"query-input":{"@type":"PropertyValueSpecification","valueRequired":true,"valueName":"search_term_string"}}],"inLanguage":"fr-FR"},{"@type":"Organization","@id":"https:\/\/proteawines.ch\/fr\/#organization","name":"Protea Wines","url":"https:\/\/proteawines.ch\/fr\/","logo":{"@type":"ImageObject","inLanguage":"fr-FR","@id":"https:\/\/proteawines.ch\/fr\/#\/schema\/logo\/image\/","url":"https:\/\/proteawines.ch\/wp-content\/uploads\/2016\/03\/ProteaWines_logo_rect-1.png","contentUrl":"https:\/\/proteawines.ch\/wp-content\/uploads\/2016\/03\/ProteaWines_logo_rect-1.png","width":500,"height":354,"caption":"Protea Wines"},"image":{"@id":"https:\/\/proteawines.ch\/fr\/#\/schema\/logo\/image\/"},"sameAs":["https:\/\/www.facebook.com\/proteawines\/","https:\/\/www.instagram.com\/proteawines\/"]}]}},"uagb_featured_image_src":{"full":false,"thumbnail":false,"medium":false,"medium_large":false,"large":false,"1536x1536":false,"2048x2048":false,"woocommerce_thumbnail":false,"woocommerce_single":false,"woocommerce_gallery_thumbnail":false},"uagb_author_info":{"display_name":"Protea Wines","author_link":"https:\/\/proteawines.ch\/fr\/author\/jasmine20\/"},"uagb_comment_info":0,"uagb_excerpt":"Plus qu\u2019une passion : une v\u00e9ritable histoire d\u2019amour ! R\u00e9gion du Cap, 2005 : un soleil chaud brille de mille feux tandis qu\u2019une l\u00e9g\u00e8re brise agite les feuilles d\u2019infinies rang\u00e9es de vignes. Je m\u2019appelle Marc, et ce jour l\u00e0, j\u2019ai v\u00e9cu ce que beaucoup attendant toute leur vie : le coup de foudre. C\u2019est ainsi,\u2026","_links":{"self":[{"href":"https:\/\/proteawines.ch\/fr\/wp-json\/wp\/v2\/pages\/15693","targetHints":{"allow":["GET"]}}],"collection":[{"href":"https:\/\/proteawines.ch\/fr\/wp-json\/wp\/v2\/pages"}],"about":[{"href":"https:\/\/proteawines.ch\/fr\/wp-json\/wp\/v2\/types\/page"}],"author":[{"embeddable":true,"href":"https:\/\/proteawines.ch\/fr\/wp-json\/wp\/v2\/users\/24"}],"replies":[{"embeddable":true,"href":"https:\/\/proteawines.ch\/fr\/wp-json\/wp\/v2\/comments?post=15693"}],"version-history":[{"count":40,"href":"https:\/\/proteawines.ch\/fr\/wp-json\/wp\/v2\/pages\/15693\/revisions"}],"predecessor-version":[{"id":18520,"href":"https:\/\/proteawines.ch\/fr\/wp-json\/wp\/v2\/pages\/15693\/revisions\/18520"}],"wp:attachment":[{"href":"https:\/\/proteawines.ch\/fr\/wp-json\/wp\/v2\/media?parent=15693"}],"curies":[{"name":"wp","href":"https:\/\/api.w.org\/{rel}","templated":true}]}}