{"id":17399,"date":"2019-05-22T23:13:40","date_gmt":"2019-05-22T21:13:40","guid":{"rendered":"https:\/\/proteawines.ch\/?post_type=product&#038;p=17399"},"modified":"2025-08-01T13:24:21","modified_gmt":"2025-08-01T11:24:21","slug":"sancerre-rose-alban-roblin-france","status":"publish","type":"product","link":"https:\/\/proteawines.ch\/en\/shop\/sancerre-rose-alban-roblin-france\/","title":{"rendered":"Ch\u00e2teau La Rabotine Sancerre Ros\u00e9 2021"},"content":{"rendered":"<p>A clear, light, bright salmon pink. The nose is fresh and fruity, with aromas of small red fruits, primarily raspberries and strawberries. The palate is beautifully balanced with exciting fruit flavors.<\/p>\n<p>100 % Pinot Noir.<\/p>\n<p><strong>Food Pairing<\/strong><\/p>\n<p>The Sancerre Ros\u00e9 from Ch\u00e2teau La Rabotine is recommended to be served between 10 and 12\u00b0C. It&#8217;s a delightful aperitif wine that also pairs perfectly with terrines, cold cuts, white meats, or simply grilled dishes.<\/p>\n","protected":false},"excerpt":{"rendered":"<p>A clear, light, bright salmon pink. The nose is fresh and fruity, with aromas of small red fruits, primarily raspberries and strawberries. The palate is beautifully balanced with exciting fruit flavors. 100 % Pinot Noir. Food Pairing The Sancerre Ros\u00e9 from Ch\u00e2teau La Rabotine is recommended to be served between 10 and 12\u00b0C. It&#8217;s a [&hellip;]<\/p>\n","protected":false},"featured_media":21328,"template":"","meta":{"_uag_custom_page_level_css":"","site-sidebar-layout":"default","site-content-layout":"default","ast-site-content-layout":"default","site-content-style":"default","site-sidebar-style":"default","ast-global-header-display":"","ast-banner-title-visibility":"","ast-main-header-display":"","ast-hfb-above-header-display":"","ast-hfb-below-header-display":"","ast-hfb-mobile-header-display":"","site-post-title":"","ast-breadcrumbs-content":"","ast-featured-img":"","footer-sml-layout":"","theme-transparent-header-meta":"default","adv-header-id-meta":"","stick-header-meta":"default","header-above-stick-meta":"","header-main-stick-meta":"","header-below-stick-meta":"","astra-migrate-meta-layouts":"default","ast-page-background-enabled":"default","ast-page-background-meta":{"desktop":{"background-color":"","background-image":"","background-repeat":"repeat","background-position":"center center","background-size":"auto","background-attachment":"scroll","background-type":"","background-media":"","overlay-type":"","overlay-color":"","overlay-opacity":"","overlay-gradient":""},"tablet":{"background-color":"","background-image":"","background-repeat":"repeat","background-position":"center center","background-size":"auto","background-attachment":"scroll","background-type":"","background-media":"","overlay-type":"","overlay-color":"","overlay-opacity":"","overlay-gradient":""},"mobile":{"background-color":"","background-image":"","background-repeat":"repeat","background-position":"center center","background-size":"auto","background-attachment":"scroll","background-type":"","background-media":"","overlay-type":"","overlay-color":"","overlay-opacity":"","overlay-gradient":""}},"ast-content-background-meta":{"desktop":{"background-color":"var(--ast-global-color-5)","background-image":"","background-repeat":"repeat","background-position":"center center","background-size":"auto","background-attachment":"scroll","background-type":"","background-media":"","overlay-type":"","overlay-color":"","overlay-opacity":"","overlay-gradient":""},"tablet":{"background-color":"var(--ast-global-color-5)","background-image":"","background-repeat":"repeat","background-position":"center center","background-size":"auto","background-attachment":"scroll","background-type":"","background-media":"","overlay-type":"","overlay-color":"","overlay-opacity":"","overlay-gradient":""},"mobile":{"background-color":"var(--ast-global-color-5)","background-image":"","background-repeat":"repeat","background-position":"center center","background-size":"auto","background-attachment":"scroll","background-type":"","background-media":"","overlay-type":"","overlay-color":"","overlay-opacity":"","overlay-gradient":""}}},"product_brand":[],"product_cat":[93],"product_tag":[71],"class_list":{"0":"post-17399","1":"product","2":"type-product","3":"status-publish","4":"has-post-thumbnail","6":"product_cat-rose-wine","7":"product_tag-france","8":"desktop-align-center","9":"tablet-align-center","10":"mobile-align-center","11":"ast-product-gallery-layout-horizontal-slider","12":"ast-product-gallery-with-no-image","13":"ast-product-tabs-layout-vertical","15":"first","16":"instock","17":"shipping-taxable","18":"purchasable","19":"product-type-simple"},"yoast_head":"<!-- This site is optimized with the Yoast SEO Premium plugin v25.6 (Yoast SEO v25.6) - https:\/\/yoast.com\/wordpress\/plugins\/seo\/ -->\n<title>Ch\u00e2teau La Rabotine Sancerre Ros\u00e9 2021 - French wine - Protea Wines<\/title>\n<meta name=\"description\" content=\"Sancerre ros\u00e9, french wine. Fresh and fruity nose with hints of small red fruits, mainly raspberries and strawberries.\" \/>\n<meta name=\"robots\" content=\"index, follow, max-snippet:-1, max-image-preview:large, max-video-preview:-1\" \/>\n<link rel=\"canonical\" href=\"https:\/\/proteawines.ch\/en\/shop\/sancerre-rose-alban-roblin-france\/\" \/>\n<meta property=\"og:locale\" content=\"en_US\" \/>\n<meta property=\"og:type\" content=\"article\" \/>\n<meta property=\"og:title\" content=\"Ch\u00e2teau La Rabotine Sancerre Ros\u00e9 2021\" \/>\n<meta property=\"og:description\" content=\"A clear, light, bright salmon pink. The nose is fresh and fruity, with aromas of small red fruits, primarily raspberries and strawberries. The palate is\" \/>\n<meta property=\"og:url\" content=\"https:\/\/proteawines.ch\/en\/shop\/sancerre-rose-alban-roblin-france\/\" \/>\n<meta property=\"og:site_name\" content=\"Protea Wines\" \/>\n<meta property=\"article:publisher\" content=\"https:\/\/www.facebook.com\/proteawines\/\" \/>\n<meta property=\"article:modified_time\" content=\"2025-08-01T11:24:21+00:00\" \/>\n<meta property=\"og:image\" content=\"https:\/\/proteawines.ch\/wp-content\/uploads\/2024\/09\/Alban_Roblin_Sancerre_rose.jpg\" \/>\n\t<meta property=\"og:image:width\" content=\"800\" \/>\n\t<meta property=\"og:image:height\" content=\"800\" \/>\n\t<meta property=\"og:image:type\" content=\"image\/jpeg\" \/>\n<meta name=\"twitter:card\" content=\"summary_large_image\" \/>\n<script type=\"application\/ld+json\" class=\"yoast-schema-graph\">{\"@context\":\"https:\/\/schema.org\",\"@graph\":[{\"@type\":\"WebPage\",\"@id\":\"https:\/\/proteawines.ch\/en\/shop\/sancerre-rose-alban-roblin-france\/\",\"url\":\"https:\/\/proteawines.ch\/en\/shop\/sancerre-rose-alban-roblin-france\/\",\"name\":\"Ch\u00e2teau La Rabotine Sancerre Ros\u00e9 2021 - French wine - Protea Wines\",\"isPartOf\":{\"@id\":\"https:\/\/proteawines.ch\/en\/#website\"},\"primaryImageOfPage\":{\"@id\":\"https:\/\/proteawines.ch\/en\/shop\/sancerre-rose-alban-roblin-france\/#primaryimage\"},\"image\":{\"@id\":\"https:\/\/proteawines.ch\/en\/shop\/sancerre-rose-alban-roblin-france\/#primaryimage\"},\"thumbnailUrl\":\"https:\/\/proteawines.ch\/wp-content\/uploads\/2019\/05\/Rose_small.jpg\",\"datePublished\":\"2019-05-22T21:13:40+00:00\",\"dateModified\":\"2025-08-01T11:24:21+00:00\",\"description\":\"Sancerre ros\u00e9, french wine. Fresh and fruity nose with hints of small red fruits, mainly raspberries and strawberries.\",\"breadcrumb\":{\"@id\":\"https:\/\/proteawines.ch\/en\/shop\/sancerre-rose-alban-roblin-france\/#breadcrumb\"},\"inLanguage\":\"en-US\",\"potentialAction\":[{\"@type\":\"ReadAction\",\"target\":[\"https:\/\/proteawines.ch\/en\/shop\/sancerre-rose-alban-roblin-france\/\"]}]},{\"@type\":\"ImageObject\",\"inLanguage\":\"en-US\",\"@id\":\"https:\/\/proteawines.ch\/en\/shop\/sancerre-rose-alban-roblin-france\/#primaryimage\",\"url\":\"https:\/\/proteawines.ch\/wp-content\/uploads\/2019\/05\/Rose_small.jpg\",\"contentUrl\":\"https:\/\/proteawines.ch\/wp-content\/uploads\/2019\/05\/Rose_small.jpg\",\"width\":222,\"height\":800},{\"@type\":\"BreadcrumbList\",\"@id\":\"https:\/\/proteawines.ch\/en\/shop\/sancerre-rose-alban-roblin-france\/#breadcrumb\",\"itemListElement\":[{\"@type\":\"ListItem\",\"position\":1,\"name\":\"Startseite\",\"item\":\"https:\/\/proteawines.ch\/en\/\"},{\"@type\":\"ListItem\",\"position\":2,\"name\":\"Wine shop\",\"item\":\"https:\/\/proteawines.ch\/en\/shop\/\"},{\"@type\":\"ListItem\",\"position\":3,\"name\":\"Ch\u00e2teau La Rabotine Sancerre Ros\u00e9 2021\"}]},{\"@type\":\"WebSite\",\"@id\":\"https:\/\/proteawines.ch\/en\/#website\",\"url\":\"https:\/\/proteawines.ch\/en\/\",\"name\":\"Protea Wines\",\"description\":\"Exzellente Weine zum besten Preis - Online bestellen, zu Hause geniessen.\",\"publisher\":{\"@id\":\"https:\/\/proteawines.ch\/en\/#organization\"},\"potentialAction\":[{\"@type\":\"SearchAction\",\"target\":{\"@type\":\"EntryPoint\",\"urlTemplate\":\"https:\/\/proteawines.ch\/en\/?s={search_term_string}\"},\"query-input\":{\"@type\":\"PropertyValueSpecification\",\"valueRequired\":true,\"valueName\":\"search_term_string\"}}],\"inLanguage\":\"en-US\"},{\"@type\":\"Organization\",\"@id\":\"https:\/\/proteawines.ch\/en\/#organization\",\"name\":\"Protea Wines\",\"url\":\"https:\/\/proteawines.ch\/en\/\",\"logo\":{\"@type\":\"ImageObject\",\"inLanguage\":\"en-US\",\"@id\":\"https:\/\/proteawines.ch\/en\/#\/schema\/logo\/image\/\",\"url\":\"https:\/\/proteawines.ch\/wp-content\/uploads\/2016\/03\/ProteaWines_logo_rect-1.png\",\"contentUrl\":\"https:\/\/proteawines.ch\/wp-content\/uploads\/2016\/03\/ProteaWines_logo_rect-1.png\",\"width\":500,\"height\":354,\"caption\":\"Protea Wines\"},\"image\":{\"@id\":\"https:\/\/proteawines.ch\/en\/#\/schema\/logo\/image\/\"},\"sameAs\":[\"https:\/\/www.facebook.com\/proteawines\/\",\"https:\/\/www.instagram.com\/proteawines\/\"]}]}<\/script>\n<!-- \/ Yoast SEO Premium plugin. -->","yoast_head_json":{"title":"Ch\u00e2teau La Rabotine Sancerre Ros\u00e9 2021 - French wine - Protea Wines","description":"Sancerre ros\u00e9, french wine. Fresh and fruity nose with hints of small red fruits, mainly raspberries and strawberries.","robots":{"index":"index","follow":"follow","max-snippet":"max-snippet:-1","max-image-preview":"max-image-preview:large","max-video-preview":"max-video-preview:-1"},"canonical":"https:\/\/proteawines.ch\/en\/shop\/sancerre-rose-alban-roblin-france\/","og_locale":"en_US","og_type":"article","og_title":"Ch\u00e2teau La Rabotine Sancerre Ros\u00e9 2021","og_description":"A clear, light, bright salmon pink. The nose is fresh and fruity, with aromas of small red fruits, primarily raspberries and strawberries. The palate is","og_url":"https:\/\/proteawines.ch\/en\/shop\/sancerre-rose-alban-roblin-france\/","og_site_name":"Protea Wines","article_publisher":"https:\/\/www.facebook.com\/proteawines\/","article_modified_time":"2025-08-01T11:24:21+00:00","og_image":[{"width":800,"height":800,"url":"https:\/\/proteawines.ch\/wp-content\/uploads\/2024\/09\/Alban_Roblin_Sancerre_rose.jpg","type":"image\/jpeg"}],"twitter_card":"summary_large_image","schema":{"@context":"https:\/\/schema.org","@graph":[{"@type":"WebPage","@id":"https:\/\/proteawines.ch\/en\/shop\/sancerre-rose-alban-roblin-france\/","url":"https:\/\/proteawines.ch\/en\/shop\/sancerre-rose-alban-roblin-france\/","name":"Ch\u00e2teau La Rabotine Sancerre Ros\u00e9 2021 - French wine - Protea Wines","isPartOf":{"@id":"https:\/\/proteawines.ch\/en\/#website"},"primaryImageOfPage":{"@id":"https:\/\/proteawines.ch\/en\/shop\/sancerre-rose-alban-roblin-france\/#primaryimage"},"image":{"@id":"https:\/\/proteawines.ch\/en\/shop\/sancerre-rose-alban-roblin-france\/#primaryimage"},"thumbnailUrl":"https:\/\/proteawines.ch\/wp-content\/uploads\/2019\/05\/Rose_small.jpg","datePublished":"2019-05-22T21:13:40+00:00","dateModified":"2025-08-01T11:24:21+00:00","description":"Sancerre ros\u00e9, french wine. Fresh and fruity nose with hints of small red fruits, mainly raspberries and strawberries.","breadcrumb":{"@id":"https:\/\/proteawines.ch\/en\/shop\/sancerre-rose-alban-roblin-france\/#breadcrumb"},"inLanguage":"en-US","potentialAction":[{"@type":"ReadAction","target":["https:\/\/proteawines.ch\/en\/shop\/sancerre-rose-alban-roblin-france\/"]}]},{"@type":"ImageObject","inLanguage":"en-US","@id":"https:\/\/proteawines.ch\/en\/shop\/sancerre-rose-alban-roblin-france\/#primaryimage","url":"https:\/\/proteawines.ch\/wp-content\/uploads\/2019\/05\/Rose_small.jpg","contentUrl":"https:\/\/proteawines.ch\/wp-content\/uploads\/2019\/05\/Rose_small.jpg","width":222,"height":800},{"@type":"BreadcrumbList","@id":"https:\/\/proteawines.ch\/en\/shop\/sancerre-rose-alban-roblin-france\/#breadcrumb","itemListElement":[{"@type":"ListItem","position":1,"name":"Startseite","item":"https:\/\/proteawines.ch\/en\/"},{"@type":"ListItem","position":2,"name":"Wine shop","item":"https:\/\/proteawines.ch\/en\/shop\/"},{"@type":"ListItem","position":3,"name":"Ch\u00e2teau La Rabotine Sancerre Ros\u00e9 2021"}]},{"@type":"WebSite","@id":"https:\/\/proteawines.ch\/en\/#website","url":"https:\/\/proteawines.ch\/en\/","name":"Protea Wines","description":"Exzellente Weine zum besten Preis - Online bestellen, zu Hause geniessen.","publisher":{"@id":"https:\/\/proteawines.ch\/en\/#organization"},"potentialAction":[{"@type":"SearchAction","target":{"@type":"EntryPoint","urlTemplate":"https:\/\/proteawines.ch\/en\/?s={search_term_string}"},"query-input":{"@type":"PropertyValueSpecification","valueRequired":true,"valueName":"search_term_string"}}],"inLanguage":"en-US"},{"@type":"Organization","@id":"https:\/\/proteawines.ch\/en\/#organization","name":"Protea Wines","url":"https:\/\/proteawines.ch\/en\/","logo":{"@type":"ImageObject","inLanguage":"en-US","@id":"https:\/\/proteawines.ch\/en\/#\/schema\/logo\/image\/","url":"https:\/\/proteawines.ch\/wp-content\/uploads\/2016\/03\/ProteaWines_logo_rect-1.png","contentUrl":"https:\/\/proteawines.ch\/wp-content\/uploads\/2016\/03\/ProteaWines_logo_rect-1.png","width":500,"height":354,"caption":"Protea Wines"},"image":{"@id":"https:\/\/proteawines.ch\/en\/#\/schema\/logo\/image\/"},"sameAs":["https:\/\/www.facebook.com\/proteawines\/","https:\/\/www.instagram.com\/proteawines\/"]}]}},"uagb_featured_image_src":{"full":["https:\/\/proteawines.ch\/wp-content\/uploads\/2019\/05\/Rose_small.jpg",222,800,false],"thumbnail":["https:\/\/proteawines.ch\/wp-content\/uploads\/2019\/05\/Rose_small-150x150.jpg",150,150,true],"medium":["https:\/\/proteawines.ch\/wp-content\/uploads\/2019\/05\/Rose_small-83x300.jpg",83,300,true],"medium_large":["https:\/\/proteawines.ch\/wp-content\/uploads\/2019\/05\/Rose_small.jpg",222,800,false],"large":["https:\/\/proteawines.ch\/wp-content\/uploads\/2019\/05\/Rose_small.jpg",222,800,false],"1536x1536":["https:\/\/proteawines.ch\/wp-content\/uploads\/2019\/05\/Rose_small.jpg",222,800,false],"2048x2048":["https:\/\/proteawines.ch\/wp-content\/uploads\/2019\/05\/Rose_small.jpg",222,800,false],"woocommerce_thumbnail":["https:\/\/proteawines.ch\/wp-content\/uploads\/2019\/05\/Rose_small.jpg",222,800,false],"woocommerce_single":["https:\/\/proteawines.ch\/wp-content\/uploads\/2019\/05\/Rose_small.jpg",222,800,false],"woocommerce_gallery_thumbnail":["https:\/\/proteawines.ch\/wp-content\/uploads\/2019\/05\/Rose_small-100x100.jpg",100,100,true]},"uagb_author_info":{"display_name":"Protea Wines","author_link":"https:\/\/proteawines.ch\/en\/author\/"},"uagb_comment_info":0,"uagb_excerpt":"A clear, light, bright salmon pink. The nose is fresh and fruity, with aromas of small red fruits, primarily raspberries and strawberries. The palate is beautifully balanced with exciting fruit flavors. 100 % Pinot Noir. Food Pairing The Sancerre Ros\u00e9 from Ch\u00e2teau La Rabotine is recommended to be served between 10 and 12\u00b0C. It&#8217;s a&hellip;","_links":{"self":[{"href":"https:\/\/proteawines.ch\/en\/wp-json\/wp\/v2\/product\/17399","targetHints":{"allow":["GET"]}}],"collection":[{"href":"https:\/\/proteawines.ch\/en\/wp-json\/wp\/v2\/product"}],"about":[{"href":"https:\/\/proteawines.ch\/en\/wp-json\/wp\/v2\/types\/product"}],"wp:featuredmedia":[{"embeddable":true,"href":"https:\/\/proteawines.ch\/en\/wp-json\/wp\/v2\/media\/21328"}],"wp:attachment":[{"href":"https:\/\/proteawines.ch\/en\/wp-json\/wp\/v2\/media?parent=17399"}],"wp:term":[{"taxonomy":"product_brand","embeddable":true,"href":"https:\/\/proteawines.ch\/en\/wp-json\/wp\/v2\/product_brand?post=17399"},{"taxonomy":"product_cat","embeddable":true,"href":"https:\/\/proteawines.ch\/en\/wp-json\/wp\/v2\/product_cat?post=17399"},{"taxonomy":"product_tag","embeddable":true,"href":"https:\/\/proteawines.ch\/en\/wp-json\/wp\/v2\/product_tag?post=17399"}],"curies":[{"name":"wp","href":"https:\/\/api.w.org\/{rel}","templated":true}]}}