{"id":17382,"date":"2019-05-22T22:19:21","date_gmt":"2019-05-22T20:19:21","guid":{"rendered":"https:\/\/proteawines.ch\/?post_type=product&#038;p=17382"},"modified":"2025-08-01T14:04:34","modified_gmt":"2025-08-01T12:04:34","slug":"chip-off-the-old-block-chenin-blanc-south-africa","status":"publish","type":"product","link":"https:\/\/proteawines.ch\/en\/shop\/chip-off-the-old-block-chenin-blanc-south-africa\/","title":{"rendered":"Chip Off The Old Block Chenin blanc 2020"},"content":{"rendered":"<p>Chenin Blanc &#8211; in S\u00fcdafrika auch bekannt als &#8220;Steen&#8221; &#8211; ist die Grande Dame der Weinindustrie und hat sich tief in die Geschichte S\u00fcdafrikas eingebrannt. Der Ormonde &#8220;Chip off the old Block&#8221; Chenin Blanc stammt von einem einzigen Rebberg, womit er das beste Terroir von Ormonde und die \u00e4ltesten Rebst\u00f6cke wiederspiegelt. Kr\u00e4ftige Aromen von Guave, erg\u00e4nzt mit einer frischen Mineralit\u00e4t im Gaumen lassen diesen Chenin Blanc Seinesgleichen suchen. Wunderbar anhaltender Abgang.<\/p>\n<p>100 % Chenin blanc<\/p>\n<p><strong>Food Pairing:<\/strong><\/p>\n<p>Der Chenin Blanc, passt hervorragend zu einem Meeresfr\u00fcchtesalat (insbesondere Jakobsmuscheln), gebratenem Poulet sweet and sour oder einem leichten Fischgericht.<\/p>\n","protected":false},"excerpt":{"rendered":"<p>Chenin Blanc &#8211; in S\u00fcdafrika auch bekannt als &#8220;Steen&#8221; &#8211; ist die Grande Dame der Weinindustrie und hat sich tief in die Geschichte S\u00fcdafrikas eingebrannt. Der Ormonde &#8220;Chip off the old Block&#8221; Chenin Blanc stammt von einem einzigen Rebberg, womit er das beste Terroir von Ormonde und die \u00e4ltesten Rebst\u00f6cke wiederspiegelt. Kr\u00e4ftige Aromen von Guave, [&hellip;]<\/p>\n","protected":false},"featured_media":21150,"template":"","meta":{"_uag_custom_page_level_css":"","site-sidebar-layout":"default","site-content-layout":"default","ast-site-content-layout":"default","site-content-style":"default","site-sidebar-style":"default","ast-global-header-display":"","ast-banner-title-visibility":"","ast-main-header-display":"","ast-hfb-above-header-display":"","ast-hfb-below-header-display":"","ast-hfb-mobile-header-display":"","site-post-title":"","ast-breadcrumbs-content":"","ast-featured-img":"","footer-sml-layout":"","theme-transparent-header-meta":"default","adv-header-id-meta":"","stick-header-meta":"default","header-above-stick-meta":"","header-main-stick-meta":"","header-below-stick-meta":"","astra-migrate-meta-layouts":"set","ast-page-background-enabled":"default","ast-page-background-meta":{"desktop":{"background-color":"","background-image":"","background-repeat":"repeat","background-position":"center center","background-size":"auto","background-attachment":"scroll","background-type":"","background-media":"","overlay-type":"","overlay-color":"","overlay-opacity":"","overlay-gradient":""},"tablet":{"background-color":"","background-image":"","background-repeat":"repeat","background-position":"center center","background-size":"auto","background-attachment":"scroll","background-type":"","background-media":"","overlay-type":"","overlay-color":"","overlay-opacity":"","overlay-gradient":""},"mobile":{"background-color":"","background-image":"","background-repeat":"repeat","background-position":"center center","background-size":"auto","background-attachment":"scroll","background-type":"","background-media":"","overlay-type":"","overlay-color":"","overlay-opacity":"","overlay-gradient":""}},"ast-content-background-meta":{"desktop":{"background-color":"var(--ast-global-color-5)","background-image":"","background-repeat":"repeat","background-position":"center center","background-size":"auto","background-attachment":"scroll","background-type":"","background-media":"","overlay-type":"","overlay-color":"","overlay-opacity":"","overlay-gradient":""},"tablet":{"background-color":"var(--ast-global-color-5)","background-image":"","background-repeat":"repeat","background-position":"center center","background-size":"auto","background-attachment":"scroll","background-type":"","background-media":"","overlay-type":"","overlay-color":"","overlay-opacity":"","overlay-gradient":""},"mobile":{"background-color":"var(--ast-global-color-5)","background-image":"","background-repeat":"repeat","background-position":"center center","background-size":"auto","background-attachment":"scroll","background-type":"","background-media":"","overlay-type":"","overlay-color":"","overlay-opacity":"","overlay-gradient":""}}},"product_brand":[],"product_cat":[58],"product_tag":[68],"class_list":{"0":"post-17382","1":"product","2":"type-product","3":"status-publish","4":"has-post-thumbnail","6":"product_cat-white-wine","7":"product_tag-south-africa","8":"desktop-align-center","9":"tablet-align-center","10":"mobile-align-center","11":"ast-product-gallery-layout-horizontal-slider","12":"ast-product-gallery-with-no-image","13":"ast-product-tabs-layout-vertical","15":"first","16":"instock","17":"shipping-taxable","18":"purchasable","19":"product-type-simple"},"yoast_head":"<!-- This site is optimized with the Yoast SEO Premium plugin v25.6 (Yoast SEO v25.6) - https:\/\/yoast.com\/wordpress\/plugins\/seo\/ -->\n<title>Chip Off The Old Block Chenin blanc 2020 - Protea Wines<\/title>\n<meta name=\"robots\" content=\"index, follow, max-snippet:-1, max-image-preview:large, max-video-preview:-1\" \/>\n<link rel=\"canonical\" href=\"https:\/\/proteawines.ch\/en\/shop\/chip-off-the-old-block-chenin-blanc-south-africa\/\" \/>\n<meta property=\"og:locale\" content=\"en_US\" \/>\n<meta property=\"og:type\" content=\"article\" \/>\n<meta property=\"og:title\" content=\"Chip Off The Old Block Chenin blanc 2020\" \/>\n<meta property=\"og:description\" content=\"Chenin Blanc - in S\u00fcdafrika auch bekannt als &quot;Steen&quot; - ist die Grande Dame der Weinindustrie und hat sich tief in die Geschichte S\u00fcdafrikas eingebrannt.\" \/>\n<meta property=\"og:url\" content=\"https:\/\/proteawines.ch\/en\/shop\/chip-off-the-old-block-chenin-blanc-south-africa\/\" \/>\n<meta property=\"og:site_name\" content=\"Protea Wines\" \/>\n<meta property=\"article:publisher\" content=\"https:\/\/www.facebook.com\/proteawines\/\" \/>\n<meta property=\"article:modified_time\" content=\"2025-08-01T12:04:34+00:00\" \/>\n<meta property=\"og:image\" content=\"https:\/\/proteawines.ch\/wp-content\/uploads\/2024\/09\/Ormonde_Chip_Old_Block_Chenin_Blanc.jpg\" \/>\n\t<meta property=\"og:image:width\" content=\"800\" \/>\n\t<meta property=\"og:image:height\" content=\"800\" \/>\n\t<meta property=\"og:image:type\" content=\"image\/jpeg\" \/>\n<meta name=\"twitter:card\" content=\"summary_large_image\" \/>\n<meta name=\"twitter:label1\" content=\"Est. reading time\" \/>\n\t<meta name=\"twitter:data1\" content=\"1 minute\" \/>\n<script type=\"application\/ld+json\" class=\"yoast-schema-graph\">{\"@context\":\"https:\/\/schema.org\",\"@graph\":[{\"@type\":\"WebPage\",\"@id\":\"https:\/\/proteawines.ch\/en\/shop\/chip-off-the-old-block-chenin-blanc-south-africa\/\",\"url\":\"https:\/\/proteawines.ch\/en\/shop\/chip-off-the-old-block-chenin-blanc-south-africa\/\",\"name\":\"Chip Off The Old Block Chenin blanc 2020 - Protea Wines\",\"isPartOf\":{\"@id\":\"https:\/\/proteawines.ch\/en\/#website\"},\"primaryImageOfPage\":{\"@id\":\"https:\/\/proteawines.ch\/en\/shop\/chip-off-the-old-block-chenin-blanc-south-africa\/#primaryimage\"},\"image\":{\"@id\":\"https:\/\/proteawines.ch\/en\/shop\/chip-off-the-old-block-chenin-blanc-south-africa\/#primaryimage\"},\"thumbnailUrl\":\"https:\/\/proteawines.ch\/wp-content\/uploads\/2024\/09\/Ormonde_Chip_Old_Block_Chenin_Blanc.jpg\",\"datePublished\":\"2019-05-22T20:19:21+00:00\",\"dateModified\":\"2025-08-01T12:04:34+00:00\",\"breadcrumb\":{\"@id\":\"https:\/\/proteawines.ch\/en\/shop\/chip-off-the-old-block-chenin-blanc-south-africa\/#breadcrumb\"},\"inLanguage\":\"en-US\",\"potentialAction\":[{\"@type\":\"ReadAction\",\"target\":[\"https:\/\/proteawines.ch\/en\/shop\/chip-off-the-old-block-chenin-blanc-south-africa\/\"]}]},{\"@type\":\"ImageObject\",\"inLanguage\":\"en-US\",\"@id\":\"https:\/\/proteawines.ch\/en\/shop\/chip-off-the-old-block-chenin-blanc-south-africa\/#primaryimage\",\"url\":\"https:\/\/proteawines.ch\/wp-content\/uploads\/2024\/09\/Ormonde_Chip_Old_Block_Chenin_Blanc.jpg\",\"contentUrl\":\"https:\/\/proteawines.ch\/wp-content\/uploads\/2024\/09\/Ormonde_Chip_Old_Block_Chenin_Blanc.jpg\",\"width\":800,\"height\":800},{\"@type\":\"BreadcrumbList\",\"@id\":\"https:\/\/proteawines.ch\/en\/shop\/chip-off-the-old-block-chenin-blanc-south-africa\/#breadcrumb\",\"itemListElement\":[{\"@type\":\"ListItem\",\"position\":1,\"name\":\"Startseite\",\"item\":\"https:\/\/proteawines.ch\/en\/\"},{\"@type\":\"ListItem\",\"position\":2,\"name\":\"Wine shop\",\"item\":\"https:\/\/proteawines.ch\/en\/shop\/\"},{\"@type\":\"ListItem\",\"position\":3,\"name\":\"Chip Off The Old Block Chenin blanc 2020\"}]},{\"@type\":\"WebSite\",\"@id\":\"https:\/\/proteawines.ch\/en\/#website\",\"url\":\"https:\/\/proteawines.ch\/en\/\",\"name\":\"Protea Wines\",\"description\":\"Exzellente Weine zum besten Preis - Online bestellen, zu Hause geniessen.\",\"publisher\":{\"@id\":\"https:\/\/proteawines.ch\/en\/#organization\"},\"potentialAction\":[{\"@type\":\"SearchAction\",\"target\":{\"@type\":\"EntryPoint\",\"urlTemplate\":\"https:\/\/proteawines.ch\/en\/?s={search_term_string}\"},\"query-input\":{\"@type\":\"PropertyValueSpecification\",\"valueRequired\":true,\"valueName\":\"search_term_string\"}}],\"inLanguage\":\"en-US\"},{\"@type\":\"Organization\",\"@id\":\"https:\/\/proteawines.ch\/en\/#organization\",\"name\":\"Protea Wines\",\"url\":\"https:\/\/proteawines.ch\/en\/\",\"logo\":{\"@type\":\"ImageObject\",\"inLanguage\":\"en-US\",\"@id\":\"https:\/\/proteawines.ch\/en\/#\/schema\/logo\/image\/\",\"url\":\"https:\/\/proteawines.ch\/wp-content\/uploads\/2016\/03\/ProteaWines_logo_rect-1.png\",\"contentUrl\":\"https:\/\/proteawines.ch\/wp-content\/uploads\/2016\/03\/ProteaWines_logo_rect-1.png\",\"width\":500,\"height\":354,\"caption\":\"Protea Wines\"},\"image\":{\"@id\":\"https:\/\/proteawines.ch\/en\/#\/schema\/logo\/image\/\"},\"sameAs\":[\"https:\/\/www.facebook.com\/proteawines\/\",\"https:\/\/www.instagram.com\/proteawines\/\"]}]}<\/script>\n<!-- \/ Yoast SEO Premium plugin. -->","yoast_head_json":{"title":"Chip Off The Old Block Chenin blanc 2020 - Protea Wines","robots":{"index":"index","follow":"follow","max-snippet":"max-snippet:-1","max-image-preview":"max-image-preview:large","max-video-preview":"max-video-preview:-1"},"canonical":"https:\/\/proteawines.ch\/en\/shop\/chip-off-the-old-block-chenin-blanc-south-africa\/","og_locale":"en_US","og_type":"article","og_title":"Chip Off The Old Block Chenin blanc 2020","og_description":"Chenin Blanc - in S\u00fcdafrika auch bekannt als \"Steen\" - ist die Grande Dame der Weinindustrie und hat sich tief in die Geschichte S\u00fcdafrikas eingebrannt.","og_url":"https:\/\/proteawines.ch\/en\/shop\/chip-off-the-old-block-chenin-blanc-south-africa\/","og_site_name":"Protea Wines","article_publisher":"https:\/\/www.facebook.com\/proteawines\/","article_modified_time":"2025-08-01T12:04:34+00:00","og_image":[{"width":800,"height":800,"url":"https:\/\/proteawines.ch\/wp-content\/uploads\/2024\/09\/Ormonde_Chip_Old_Block_Chenin_Blanc.jpg","type":"image\/jpeg"}],"twitter_card":"summary_large_image","twitter_misc":{"Est. reading time":"1 minute"},"schema":{"@context":"https:\/\/schema.org","@graph":[{"@type":"WebPage","@id":"https:\/\/proteawines.ch\/en\/shop\/chip-off-the-old-block-chenin-blanc-south-africa\/","url":"https:\/\/proteawines.ch\/en\/shop\/chip-off-the-old-block-chenin-blanc-south-africa\/","name":"Chip Off The Old Block Chenin blanc 2020 - Protea Wines","isPartOf":{"@id":"https:\/\/proteawines.ch\/en\/#website"},"primaryImageOfPage":{"@id":"https:\/\/proteawines.ch\/en\/shop\/chip-off-the-old-block-chenin-blanc-south-africa\/#primaryimage"},"image":{"@id":"https:\/\/proteawines.ch\/en\/shop\/chip-off-the-old-block-chenin-blanc-south-africa\/#primaryimage"},"thumbnailUrl":"https:\/\/proteawines.ch\/wp-content\/uploads\/2024\/09\/Ormonde_Chip_Old_Block_Chenin_Blanc.jpg","datePublished":"2019-05-22T20:19:21+00:00","dateModified":"2025-08-01T12:04:34+00:00","breadcrumb":{"@id":"https:\/\/proteawines.ch\/en\/shop\/chip-off-the-old-block-chenin-blanc-south-africa\/#breadcrumb"},"inLanguage":"en-US","potentialAction":[{"@type":"ReadAction","target":["https:\/\/proteawines.ch\/en\/shop\/chip-off-the-old-block-chenin-blanc-south-africa\/"]}]},{"@type":"ImageObject","inLanguage":"en-US","@id":"https:\/\/proteawines.ch\/en\/shop\/chip-off-the-old-block-chenin-blanc-south-africa\/#primaryimage","url":"https:\/\/proteawines.ch\/wp-content\/uploads\/2024\/09\/Ormonde_Chip_Old_Block_Chenin_Blanc.jpg","contentUrl":"https:\/\/proteawines.ch\/wp-content\/uploads\/2024\/09\/Ormonde_Chip_Old_Block_Chenin_Blanc.jpg","width":800,"height":800},{"@type":"BreadcrumbList","@id":"https:\/\/proteawines.ch\/en\/shop\/chip-off-the-old-block-chenin-blanc-south-africa\/#breadcrumb","itemListElement":[{"@type":"ListItem","position":1,"name":"Startseite","item":"https:\/\/proteawines.ch\/en\/"},{"@type":"ListItem","position":2,"name":"Wine shop","item":"https:\/\/proteawines.ch\/en\/shop\/"},{"@type":"ListItem","position":3,"name":"Chip Off The Old Block Chenin blanc 2020"}]},{"@type":"WebSite","@id":"https:\/\/proteawines.ch\/en\/#website","url":"https:\/\/proteawines.ch\/en\/","name":"Protea Wines","description":"Exzellente Weine zum besten Preis - Online bestellen, zu Hause geniessen.","publisher":{"@id":"https:\/\/proteawines.ch\/en\/#organization"},"potentialAction":[{"@type":"SearchAction","target":{"@type":"EntryPoint","urlTemplate":"https:\/\/proteawines.ch\/en\/?s={search_term_string}"},"query-input":{"@type":"PropertyValueSpecification","valueRequired":true,"valueName":"search_term_string"}}],"inLanguage":"en-US"},{"@type":"Organization","@id":"https:\/\/proteawines.ch\/en\/#organization","name":"Protea Wines","url":"https:\/\/proteawines.ch\/en\/","logo":{"@type":"ImageObject","inLanguage":"en-US","@id":"https:\/\/proteawines.ch\/en\/#\/schema\/logo\/image\/","url":"https:\/\/proteawines.ch\/wp-content\/uploads\/2016\/03\/ProteaWines_logo_rect-1.png","contentUrl":"https:\/\/proteawines.ch\/wp-content\/uploads\/2016\/03\/ProteaWines_logo_rect-1.png","width":500,"height":354,"caption":"Protea Wines"},"image":{"@id":"https:\/\/proteawines.ch\/en\/#\/schema\/logo\/image\/"},"sameAs":["https:\/\/www.facebook.com\/proteawines\/","https:\/\/www.instagram.com\/proteawines\/"]}]}},"uagb_featured_image_src":{"full":["https:\/\/proteawines.ch\/wp-content\/uploads\/2024\/09\/Ormonde_Chip_Old_Block_Chenin_Blanc.jpg",800,800,false],"thumbnail":["https:\/\/proteawines.ch\/wp-content\/uploads\/2024\/09\/Ormonde_Chip_Old_Block_Chenin_Blanc-150x150.jpg",150,150,true],"medium":["https:\/\/proteawines.ch\/wp-content\/uploads\/2024\/09\/Ormonde_Chip_Old_Block_Chenin_Blanc-300x300.jpg",300,300,true],"medium_large":["https:\/\/proteawines.ch\/wp-content\/uploads\/2024\/09\/Ormonde_Chip_Old_Block_Chenin_Blanc-768x768.jpg",768,768,true],"large":["https:\/\/proteawines.ch\/wp-content\/uploads\/2024\/09\/Ormonde_Chip_Old_Block_Chenin_Blanc.jpg",800,800,false],"1536x1536":["https:\/\/proteawines.ch\/wp-content\/uploads\/2024\/09\/Ormonde_Chip_Old_Block_Chenin_Blanc.jpg",800,800,false],"2048x2048":["https:\/\/proteawines.ch\/wp-content\/uploads\/2024\/09\/Ormonde_Chip_Old_Block_Chenin_Blanc.jpg",800,800,false],"woocommerce_thumbnail":["https:\/\/proteawines.ch\/wp-content\/uploads\/2024\/09\/Ormonde_Chip_Old_Block_Chenin_Blanc-450x450.jpg",450,450,true],"woocommerce_single":["https:\/\/proteawines.ch\/wp-content\/uploads\/2024\/09\/Ormonde_Chip_Old_Block_Chenin_Blanc-555x555.jpg",555,555,true],"woocommerce_gallery_thumbnail":["https:\/\/proteawines.ch\/wp-content\/uploads\/2024\/09\/Ormonde_Chip_Old_Block_Chenin_Blanc-100x100.jpg",100,100,true]},"uagb_author_info":{"display_name":"Protea Wines","author_link":"https:\/\/proteawines.ch\/en\/author\/"},"uagb_comment_info":0,"uagb_excerpt":"Chenin Blanc &#8211; in S\u00fcdafrika auch bekannt als &#8220;Steen&#8221; &#8211; ist die Grande Dame der Weinindustrie und hat sich tief in die Geschichte S\u00fcdafrikas eingebrannt. Der Ormonde &#8220;Chip off the old Block&#8221; Chenin Blanc stammt von einem einzigen Rebberg, womit er das beste Terroir von Ormonde und die \u00e4ltesten Rebst\u00f6cke wiederspiegelt. Kr\u00e4ftige Aromen von Guave,&hellip;","_links":{"self":[{"href":"https:\/\/proteawines.ch\/en\/wp-json\/wp\/v2\/product\/17382","targetHints":{"allow":["GET"]}}],"collection":[{"href":"https:\/\/proteawines.ch\/en\/wp-json\/wp\/v2\/product"}],"about":[{"href":"https:\/\/proteawines.ch\/en\/wp-json\/wp\/v2\/types\/product"}],"wp:featuredmedia":[{"embeddable":true,"href":"https:\/\/proteawines.ch\/en\/wp-json\/wp\/v2\/media\/21150"}],"wp:attachment":[{"href":"https:\/\/proteawines.ch\/en\/wp-json\/wp\/v2\/media?parent=17382"}],"wp:term":[{"taxonomy":"product_brand","embeddable":true,"href":"https:\/\/proteawines.ch\/en\/wp-json\/wp\/v2\/product_brand?post=17382"},{"taxonomy":"product_cat","embeddable":true,"href":"https:\/\/proteawines.ch\/en\/wp-json\/wp\/v2\/product_cat?post=17382"},{"taxonomy":"product_tag","embeddable":true,"href":"https:\/\/proteawines.ch\/en\/wp-json\/wp\/v2\/product_tag?post=17382"}],"curies":[{"name":"wp","href":"https:\/\/api.w.org\/{rel}","templated":true}]}}