{"id":17005,"date":"2018-11-30T23:43:45","date_gmt":"2018-11-30T22:43:45","guid":{"rendered":"https:\/\/proteawines.ch\/?post_type=product&#038;p=17005"},"modified":"2025-08-01T14:36:49","modified_gmt":"2025-08-01T12:36:49","slug":"cotes-du-rhone-village-france","status":"publish","type":"product","link":"https:\/\/proteawines.ch\/en\/shop\/cotes-du-rhone-village-france\/","title":{"rendered":"C\u00f4tes du Rh\u00f4ne Villages Rouge"},"content":{"rendered":"<p>In der Nase dr\u00fcckt sich der C\u00f4tes du Rh\u00f4ne von Saint Vincent mit Aromen von roten Fr\u00fcchten aus, begleitet von w\u00fcrzigen Noten, untermalt von feinen Vanille Nuancen. Im Gaumen sehr ausgewogen und typisch f\u00fcr das Rhonetal, zeigt er doch eine knackige S\u00e4ure und Struktur, untermalt von feinen Tanninen.<\/p>\n<p>50 % Grenache, 50 % Syrah.<\/p>\n<p><strong>Food Pairing<\/strong><\/p>\n<p>Dieser Wein verlangt nach einem sch\u00f6nen St\u00fcck Fleisch, wie z.B. Lamm oder Wild. Oder ganz einfach zu K\u00e4se.<\/p>\n","protected":false},"excerpt":{"rendered":"<p>In der Nase dr\u00fcckt sich der C\u00f4tes du Rh\u00f4ne von Saint Vincent mit Aromen von roten Fr\u00fcchten aus, begleitet von w\u00fcrzigen Noten, untermalt von feinen Vanille Nuancen. Im Gaumen sehr ausgewogen und typisch f\u00fcr das Rhonetal, zeigt er doch eine knackige S\u00e4ure und Struktur, untermalt von feinen Tanninen. 50 % Grenache, 50 % Syrah. Food [&hellip;]<\/p>\n","protected":false},"featured_media":21078,"template":"","meta":{"_uag_custom_page_level_css":"","site-sidebar-layout":"default","site-content-layout":"default","ast-site-content-layout":"default","site-content-style":"default","site-sidebar-style":"default","ast-global-header-display":"","ast-banner-title-visibility":"","ast-main-header-display":"","ast-hfb-above-header-display":"","ast-hfb-below-header-display":"","ast-hfb-mobile-header-display":"","site-post-title":"","ast-breadcrumbs-content":"","ast-featured-img":"","footer-sml-layout":"","theme-transparent-header-meta":"default","adv-header-id-meta":"","stick-header-meta":"default","header-above-stick-meta":"","header-main-stick-meta":"","header-below-stick-meta":"","astra-migrate-meta-layouts":"set","ast-page-background-enabled":"default","ast-page-background-meta":{"desktop":{"background-color":"","background-image":"","background-repeat":"repeat","background-position":"center center","background-size":"auto","background-attachment":"scroll","background-type":"","background-media":"","overlay-type":"","overlay-color":"","overlay-opacity":"","overlay-gradient":""},"tablet":{"background-color":"","background-image":"","background-repeat":"repeat","background-position":"center center","background-size":"auto","background-attachment":"scroll","background-type":"","background-media":"","overlay-type":"","overlay-color":"","overlay-opacity":"","overlay-gradient":""},"mobile":{"background-color":"","background-image":"","background-repeat":"repeat","background-position":"center center","background-size":"auto","background-attachment":"scroll","background-type":"","background-media":"","overlay-type":"","overlay-color":"","overlay-opacity":"","overlay-gradient":""}},"ast-content-background-meta":{"desktop":{"background-color":"var(--ast-global-color-5)","background-image":"","background-repeat":"repeat","background-position":"center center","background-size":"auto","background-attachment":"scroll","background-type":"","background-media":"","overlay-type":"","overlay-color":"","overlay-opacity":"","overlay-gradient":""},"tablet":{"background-color":"var(--ast-global-color-5)","background-image":"","background-repeat":"repeat","background-position":"center center","background-size":"auto","background-attachment":"scroll","background-type":"","background-media":"","overlay-type":"","overlay-color":"","overlay-opacity":"","overlay-gradient":""},"mobile":{"background-color":"var(--ast-global-color-5)","background-image":"","background-repeat":"repeat","background-position":"center center","background-size":"auto","background-attachment":"scroll","background-type":"","background-media":"","overlay-type":"","overlay-color":"","overlay-opacity":"","overlay-gradient":""}}},"product_brand":[],"product_cat":[55],"product_tag":[71],"class_list":{"0":"post-17005","1":"product","2":"type-product","3":"status-publish","4":"has-post-thumbnail","6":"product_cat-red-wine","7":"product_tag-france","8":"desktop-align-center","9":"tablet-align-center","10":"mobile-align-center","11":"ast-product-gallery-layout-horizontal-slider","12":"ast-product-gallery-with-no-image","13":"ast-product-single-variable","14":"ast-product-tabs-layout-vertical","16":"first","17":"instock","18":"shipping-taxable","19":"purchasable","20":"product-type-variable"},"yoast_head":"<!-- This site is optimized with the Yoast SEO Premium plugin v25.6 (Yoast SEO v25.6) - https:\/\/yoast.com\/wordpress\/plugins\/seo\/ -->\n<title>C\u00f4tes du Rh\u00f4ne Villages Rouge - Protea Wines<\/title>\n<meta name=\"robots\" content=\"index, follow, max-snippet:-1, max-image-preview:large, max-video-preview:-1\" \/>\n<link rel=\"canonical\" href=\"https:\/\/proteawines.ch\/en\/shop\/cotes-du-rhone-village-france\/\" \/>\n<meta property=\"og:locale\" content=\"en_US\" \/>\n<meta property=\"og:type\" content=\"article\" \/>\n<meta property=\"og:title\" content=\"C\u00f4tes du Rh\u00f4ne Villages Rouge\" \/>\n<meta property=\"og:description\" content=\"In der Nase dr\u00fcckt sich der C\u00f4tes du Rh\u00f4ne von Saint Vincent mit Aromen von roten Fr\u00fcchten aus, begleitet von w\u00fcrzigen Noten, untermalt von feinen Vanille\" \/>\n<meta property=\"og:url\" content=\"https:\/\/proteawines.ch\/en\/shop\/cotes-du-rhone-village-france\/\" \/>\n<meta property=\"og:site_name\" content=\"Protea Wines\" \/>\n<meta property=\"article:publisher\" content=\"https:\/\/www.facebook.com\/proteawines\/\" \/>\n<meta property=\"article:modified_time\" content=\"2025-08-01T12:36:49+00:00\" \/>\n<meta property=\"og:image\" content=\"https:\/\/proteawines.ch\/wp-content\/uploads\/2024\/09\/Cotes_du_Rhone_Village.jpg\" \/>\n\t<meta property=\"og:image:width\" content=\"800\" \/>\n\t<meta property=\"og:image:height\" content=\"800\" \/>\n\t<meta property=\"og:image:type\" content=\"image\/jpeg\" \/>\n<meta name=\"twitter:card\" content=\"summary_large_image\" \/>\n<script type=\"application\/ld+json\" class=\"yoast-schema-graph\">{\"@context\":\"https:\/\/schema.org\",\"@graph\":[{\"@type\":\"WebPage\",\"@id\":\"https:\/\/proteawines.ch\/en\/shop\/cotes-du-rhone-village-france\/\",\"url\":\"https:\/\/proteawines.ch\/en\/shop\/cotes-du-rhone-village-france\/\",\"name\":\"C\u00f4tes du Rh\u00f4ne Villages Rouge - Protea Wines\",\"isPartOf\":{\"@id\":\"https:\/\/proteawines.ch\/en\/#website\"},\"primaryImageOfPage\":{\"@id\":\"https:\/\/proteawines.ch\/en\/shop\/cotes-du-rhone-village-france\/#primaryimage\"},\"image\":{\"@id\":\"https:\/\/proteawines.ch\/en\/shop\/cotes-du-rhone-village-france\/#primaryimage\"},\"thumbnailUrl\":\"https:\/\/proteawines.ch\/wp-content\/uploads\/2024\/09\/Cotes_du_Rhone_Village.jpg\",\"datePublished\":\"2018-11-30T22:43:45+00:00\",\"dateModified\":\"2025-08-01T12:36:49+00:00\",\"breadcrumb\":{\"@id\":\"https:\/\/proteawines.ch\/en\/shop\/cotes-du-rhone-village-france\/#breadcrumb\"},\"inLanguage\":\"en-US\",\"potentialAction\":[{\"@type\":\"ReadAction\",\"target\":[\"https:\/\/proteawines.ch\/en\/shop\/cotes-du-rhone-village-france\/\"]}]},{\"@type\":\"ImageObject\",\"inLanguage\":\"en-US\",\"@id\":\"https:\/\/proteawines.ch\/en\/shop\/cotes-du-rhone-village-france\/#primaryimage\",\"url\":\"https:\/\/proteawines.ch\/wp-content\/uploads\/2024\/09\/Cotes_du_Rhone_Village.jpg\",\"contentUrl\":\"https:\/\/proteawines.ch\/wp-content\/uploads\/2024\/09\/Cotes_du_Rhone_Village.jpg\",\"width\":800,\"height\":800},{\"@type\":\"BreadcrumbList\",\"@id\":\"https:\/\/proteawines.ch\/en\/shop\/cotes-du-rhone-village-france\/#breadcrumb\",\"itemListElement\":[{\"@type\":\"ListItem\",\"position\":1,\"name\":\"Startseite\",\"item\":\"https:\/\/proteawines.ch\/en\/\"},{\"@type\":\"ListItem\",\"position\":2,\"name\":\"Wine shop\",\"item\":\"https:\/\/proteawines.ch\/en\/shop\/\"},{\"@type\":\"ListItem\",\"position\":3,\"name\":\"C\u00f4tes du Rh\u00f4ne Villages Rouge\"}]},{\"@type\":\"WebSite\",\"@id\":\"https:\/\/proteawines.ch\/en\/#website\",\"url\":\"https:\/\/proteawines.ch\/en\/\",\"name\":\"Protea Wines\",\"description\":\"Exzellente Weine zum besten Preis - Online bestellen, zu Hause geniessen.\",\"publisher\":{\"@id\":\"https:\/\/proteawines.ch\/en\/#organization\"},\"potentialAction\":[{\"@type\":\"SearchAction\",\"target\":{\"@type\":\"EntryPoint\",\"urlTemplate\":\"https:\/\/proteawines.ch\/en\/?s={search_term_string}\"},\"query-input\":{\"@type\":\"PropertyValueSpecification\",\"valueRequired\":true,\"valueName\":\"search_term_string\"}}],\"inLanguage\":\"en-US\"},{\"@type\":\"Organization\",\"@id\":\"https:\/\/proteawines.ch\/en\/#organization\",\"name\":\"Protea Wines\",\"url\":\"https:\/\/proteawines.ch\/en\/\",\"logo\":{\"@type\":\"ImageObject\",\"inLanguage\":\"en-US\",\"@id\":\"https:\/\/proteawines.ch\/en\/#\/schema\/logo\/image\/\",\"url\":\"https:\/\/proteawines.ch\/wp-content\/uploads\/2016\/03\/ProteaWines_logo_rect-1.png\",\"contentUrl\":\"https:\/\/proteawines.ch\/wp-content\/uploads\/2016\/03\/ProteaWines_logo_rect-1.png\",\"width\":500,\"height\":354,\"caption\":\"Protea Wines\"},\"image\":{\"@id\":\"https:\/\/proteawines.ch\/en\/#\/schema\/logo\/image\/\"},\"sameAs\":[\"https:\/\/www.facebook.com\/proteawines\/\",\"https:\/\/www.instagram.com\/proteawines\/\"]}]}<\/script>\n<!-- \/ Yoast SEO Premium plugin. -->","yoast_head_json":{"title":"C\u00f4tes du Rh\u00f4ne Villages Rouge - Protea Wines","robots":{"index":"index","follow":"follow","max-snippet":"max-snippet:-1","max-image-preview":"max-image-preview:large","max-video-preview":"max-video-preview:-1"},"canonical":"https:\/\/proteawines.ch\/en\/shop\/cotes-du-rhone-village-france\/","og_locale":"en_US","og_type":"article","og_title":"C\u00f4tes du Rh\u00f4ne Villages Rouge","og_description":"In der Nase dr\u00fcckt sich der C\u00f4tes du Rh\u00f4ne von Saint Vincent mit Aromen von roten Fr\u00fcchten aus, begleitet von w\u00fcrzigen Noten, untermalt von feinen Vanille","og_url":"https:\/\/proteawines.ch\/en\/shop\/cotes-du-rhone-village-france\/","og_site_name":"Protea Wines","article_publisher":"https:\/\/www.facebook.com\/proteawines\/","article_modified_time":"2025-08-01T12:36:49+00:00","og_image":[{"width":800,"height":800,"url":"https:\/\/proteawines.ch\/wp-content\/uploads\/2024\/09\/Cotes_du_Rhone_Village.jpg","type":"image\/jpeg"}],"twitter_card":"summary_large_image","schema":{"@context":"https:\/\/schema.org","@graph":[{"@type":"WebPage","@id":"https:\/\/proteawines.ch\/en\/shop\/cotes-du-rhone-village-france\/","url":"https:\/\/proteawines.ch\/en\/shop\/cotes-du-rhone-village-france\/","name":"C\u00f4tes du Rh\u00f4ne Villages Rouge - Protea Wines","isPartOf":{"@id":"https:\/\/proteawines.ch\/en\/#website"},"primaryImageOfPage":{"@id":"https:\/\/proteawines.ch\/en\/shop\/cotes-du-rhone-village-france\/#primaryimage"},"image":{"@id":"https:\/\/proteawines.ch\/en\/shop\/cotes-du-rhone-village-france\/#primaryimage"},"thumbnailUrl":"https:\/\/proteawines.ch\/wp-content\/uploads\/2024\/09\/Cotes_du_Rhone_Village.jpg","datePublished":"2018-11-30T22:43:45+00:00","dateModified":"2025-08-01T12:36:49+00:00","breadcrumb":{"@id":"https:\/\/proteawines.ch\/en\/shop\/cotes-du-rhone-village-france\/#breadcrumb"},"inLanguage":"en-US","potentialAction":[{"@type":"ReadAction","target":["https:\/\/proteawines.ch\/en\/shop\/cotes-du-rhone-village-france\/"]}]},{"@type":"ImageObject","inLanguage":"en-US","@id":"https:\/\/proteawines.ch\/en\/shop\/cotes-du-rhone-village-france\/#primaryimage","url":"https:\/\/proteawines.ch\/wp-content\/uploads\/2024\/09\/Cotes_du_Rhone_Village.jpg","contentUrl":"https:\/\/proteawines.ch\/wp-content\/uploads\/2024\/09\/Cotes_du_Rhone_Village.jpg","width":800,"height":800},{"@type":"BreadcrumbList","@id":"https:\/\/proteawines.ch\/en\/shop\/cotes-du-rhone-village-france\/#breadcrumb","itemListElement":[{"@type":"ListItem","position":1,"name":"Startseite","item":"https:\/\/proteawines.ch\/en\/"},{"@type":"ListItem","position":2,"name":"Wine shop","item":"https:\/\/proteawines.ch\/en\/shop\/"},{"@type":"ListItem","position":3,"name":"C\u00f4tes du Rh\u00f4ne Villages Rouge"}]},{"@type":"WebSite","@id":"https:\/\/proteawines.ch\/en\/#website","url":"https:\/\/proteawines.ch\/en\/","name":"Protea Wines","description":"Exzellente Weine zum besten Preis - Online bestellen, zu Hause geniessen.","publisher":{"@id":"https:\/\/proteawines.ch\/en\/#organization"},"potentialAction":[{"@type":"SearchAction","target":{"@type":"EntryPoint","urlTemplate":"https:\/\/proteawines.ch\/en\/?s={search_term_string}"},"query-input":{"@type":"PropertyValueSpecification","valueRequired":true,"valueName":"search_term_string"}}],"inLanguage":"en-US"},{"@type":"Organization","@id":"https:\/\/proteawines.ch\/en\/#organization","name":"Protea Wines","url":"https:\/\/proteawines.ch\/en\/","logo":{"@type":"ImageObject","inLanguage":"en-US","@id":"https:\/\/proteawines.ch\/en\/#\/schema\/logo\/image\/","url":"https:\/\/proteawines.ch\/wp-content\/uploads\/2016\/03\/ProteaWines_logo_rect-1.png","contentUrl":"https:\/\/proteawines.ch\/wp-content\/uploads\/2016\/03\/ProteaWines_logo_rect-1.png","width":500,"height":354,"caption":"Protea Wines"},"image":{"@id":"https:\/\/proteawines.ch\/en\/#\/schema\/logo\/image\/"},"sameAs":["https:\/\/www.facebook.com\/proteawines\/","https:\/\/www.instagram.com\/proteawines\/"]}]}},"uagb_featured_image_src":{"full":["https:\/\/proteawines.ch\/wp-content\/uploads\/2024\/09\/Cotes_du_Rhone_Village.jpg",800,800,false],"thumbnail":["https:\/\/proteawines.ch\/wp-content\/uploads\/2024\/09\/Cotes_du_Rhone_Village-150x150.jpg",150,150,true],"medium":["https:\/\/proteawines.ch\/wp-content\/uploads\/2024\/09\/Cotes_du_Rhone_Village-300x300.jpg",300,300,true],"medium_large":["https:\/\/proteawines.ch\/wp-content\/uploads\/2024\/09\/Cotes_du_Rhone_Village-768x768.jpg",768,768,true],"large":["https:\/\/proteawines.ch\/wp-content\/uploads\/2024\/09\/Cotes_du_Rhone_Village.jpg",800,800,false],"1536x1536":["https:\/\/proteawines.ch\/wp-content\/uploads\/2024\/09\/Cotes_du_Rhone_Village.jpg",800,800,false],"2048x2048":["https:\/\/proteawines.ch\/wp-content\/uploads\/2024\/09\/Cotes_du_Rhone_Village.jpg",800,800,false],"woocommerce_thumbnail":["https:\/\/proteawines.ch\/wp-content\/uploads\/2024\/09\/Cotes_du_Rhone_Village-450x450.jpg",450,450,true],"woocommerce_single":["https:\/\/proteawines.ch\/wp-content\/uploads\/2024\/09\/Cotes_du_Rhone_Village-555x555.jpg",555,555,true],"woocommerce_gallery_thumbnail":["https:\/\/proteawines.ch\/wp-content\/uploads\/2024\/09\/Cotes_du_Rhone_Village-100x100.jpg",100,100,true]},"uagb_author_info":{"display_name":"Protea Wines","author_link":"https:\/\/proteawines.ch\/en\/author\/"},"uagb_comment_info":0,"uagb_excerpt":"In der Nase dr\u00fcckt sich der C\u00f4tes du Rh\u00f4ne von Saint Vincent mit Aromen von roten Fr\u00fcchten aus, begleitet von w\u00fcrzigen Noten, untermalt von feinen Vanille Nuancen. Im Gaumen sehr ausgewogen und typisch f\u00fcr das Rhonetal, zeigt er doch eine knackige S\u00e4ure und Struktur, untermalt von feinen Tanninen. 50 % Grenache, 50 % Syrah. Food&hellip;","_links":{"self":[{"href":"https:\/\/proteawines.ch\/en\/wp-json\/wp\/v2\/product\/17005","targetHints":{"allow":["GET"]}}],"collection":[{"href":"https:\/\/proteawines.ch\/en\/wp-json\/wp\/v2\/product"}],"about":[{"href":"https:\/\/proteawines.ch\/en\/wp-json\/wp\/v2\/types\/product"}],"wp:featuredmedia":[{"embeddable":true,"href":"https:\/\/proteawines.ch\/en\/wp-json\/wp\/v2\/media\/21078"}],"wp:attachment":[{"href":"https:\/\/proteawines.ch\/en\/wp-json\/wp\/v2\/media?parent=17005"}],"wp:term":[{"taxonomy":"product_brand","embeddable":true,"href":"https:\/\/proteawines.ch\/en\/wp-json\/wp\/v2\/product_brand?post=17005"},{"taxonomy":"product_cat","embeddable":true,"href":"https:\/\/proteawines.ch\/en\/wp-json\/wp\/v2\/product_cat?post=17005"},{"taxonomy":"product_tag","embeddable":true,"href":"https:\/\/proteawines.ch\/en\/wp-json\/wp\/v2\/product_tag?post=17005"}],"curies":[{"name":"wp","href":"https:\/\/api.w.org\/{rel}","templated":true}]}}