{"id":16788,"date":"2017-01-29T15:43:11","date_gmt":"2017-01-29T14:43:11","guid":{"rendered":"http:\/\/proteawines.ch\/?post_type=product&#038;p=16788\/"},"modified":"2025-08-01T14:56:04","modified_gmt":"2025-08-01T12:56:04","slug":"wilderer-fynbos-gin","status":"publish","type":"product","link":"https:\/\/proteawines.ch\/en\/shop\/wilderer-fynbos-gin\/","title":{"rendered":"Wilderer Fynbos Gin"},"content":{"rendered":"<p align=\"justify\">Frische Bl\u00fcten und Kr\u00e4uter werden auf dem Anwesen in Paarl von Hand gepfl\u00fcckt. Edler Weinbrand wird von den besten weissen s\u00fcdafrikanischen Trauben durch umfangreiche fraktionierte Destillation gewonnen. Das Resultat: Ein extrem sanfter und neutraler Grundalkohol unvergleichlicher Qualit\u00e4t. Die hochwertigen Wacholderbeeren sowie die restlichen Kr\u00e4uter werden maseriert zu Bildung der Plattform, um alle 27 Zutaten harmonisch, komplex und vielf\u00e4ltig in der Struktur zu verbinden.<\/p>\n<p align=\"justify\">Der Wilderer Fynbos Gin tr\u00e4gt typische Gin Aromen mit spitzen Harzt\u00f6nen und einer angenehmen Frische in der Nase. Kraftvoll von Beginn weg, setzt sich der krautig-waldige Eindruck auch im Mund fort. Harmonische Balance mit breiter und sehr vielf\u00e4ltig komplexer Struktur.<\/p>\n<p align=\"justify\"><strong>Rezeptidee<\/strong><\/p>\n<p align=\"justify\">Der Wilderer Fynbos Gin kann klassisch gemischt mit Tonic Wasser getrunken werden. Dieses Spitzenprodukt bietet sich zudem an, auch pur genossen zu werden. Probieren Sie es aus, Sie werden begeistert sein!<\/p>\n","protected":false},"excerpt":{"rendered":"<p>Frische Bl\u00fcten und Kr\u00e4uter werden auf dem Anwesen in Paarl von Hand gepfl\u00fcckt. Edler Weinbrand wird von den besten weissen s\u00fcdafrikanischen Trauben durch umfangreiche fraktionierte Destillation gewonnen. Das Resultat: Ein extrem sanfter und neutraler Grundalkohol unvergleichlicher Qualit\u00e4t. Die hochwertigen Wacholderbeeren sowie die restlichen Kr\u00e4uter werden maseriert zu Bildung der Plattform, um alle 27 Zutaten harmonisch, [&hellip;]<\/p>\n","protected":false},"featured_media":21183,"template":"","meta":{"_uag_custom_page_level_css":"","site-sidebar-layout":"default","site-content-layout":"default","ast-site-content-layout":"default","site-content-style":"default","site-sidebar-style":"default","ast-global-header-display":"","ast-banner-title-visibility":"","ast-main-header-display":"","ast-hfb-above-header-display":"","ast-hfb-below-header-display":"","ast-hfb-mobile-header-display":"","site-post-title":"","ast-breadcrumbs-content":"","ast-featured-img":"","footer-sml-layout":"","theme-transparent-header-meta":"default","adv-header-id-meta":"","stick-header-meta":"default","header-above-stick-meta":"","header-main-stick-meta":"","header-below-stick-meta":"","astra-migrate-meta-layouts":"set","ast-page-background-enabled":"default","ast-page-background-meta":{"desktop":{"background-color":"","background-image":"","background-repeat":"repeat","background-position":"center center","background-size":"auto","background-attachment":"scroll","background-type":"","background-media":"","overlay-type":"","overlay-color":"","overlay-opacity":"","overlay-gradient":""},"tablet":{"background-color":"","background-image":"","background-repeat":"repeat","background-position":"center center","background-size":"auto","background-attachment":"scroll","background-type":"","background-media":"","overlay-type":"","overlay-color":"","overlay-opacity":"","overlay-gradient":""},"mobile":{"background-color":"","background-image":"","background-repeat":"repeat","background-position":"center center","background-size":"auto","background-attachment":"scroll","background-type":"","background-media":"","overlay-type":"","overlay-color":"","overlay-opacity":"","overlay-gradient":""}},"ast-content-background-meta":{"desktop":{"background-color":"var(--ast-global-color-5)","background-image":"","background-repeat":"repeat","background-position":"center center","background-size":"auto","background-attachment":"scroll","background-type":"","background-media":"","overlay-type":"","overlay-color":"","overlay-opacity":"","overlay-gradient":""},"tablet":{"background-color":"var(--ast-global-color-5)","background-image":"","background-repeat":"repeat","background-position":"center center","background-size":"auto","background-attachment":"scroll","background-type":"","background-media":"","overlay-type":"","overlay-color":"","overlay-opacity":"","overlay-gradient":""},"mobile":{"background-color":"var(--ast-global-color-5)","background-image":"","background-repeat":"repeat","background-position":"center center","background-size":"auto","background-attachment":"scroll","background-type":"","background-media":"","overlay-type":"","overlay-color":"","overlay-opacity":"","overlay-gradient":""}}},"product_brand":[],"product_cat":[102],"product_tag":[68],"class_list":{"0":"post-16788","1":"product","2":"type-product","3":"status-publish","4":"has-post-thumbnail","6":"product_cat-brandy","7":"product_tag-south-africa","8":"desktop-align-center","9":"tablet-align-center","10":"mobile-align-center","11":"ast-product-gallery-layout-horizontal-slider","12":"ast-product-gallery-with-no-image","13":"ast-product-tabs-layout-vertical","15":"first","16":"instock","17":"shipping-taxable","18":"purchasable","19":"product-type-simple"},"yoast_head":"<!-- This site is optimized with the Yoast SEO Premium plugin v25.6 (Yoast SEO v25.6) - https:\/\/yoast.com\/wordpress\/plugins\/seo\/ -->\n<title>Wilderer Fynbos Gin - Protea Wines<\/title>\n<meta name=\"description\" content=\"Wilderer Fynbos Gin carries typical gin aromas with spiky resin tones and a pleasant freshness on the nose.\" \/>\n<meta name=\"robots\" content=\"index, follow, max-snippet:-1, max-image-preview:large, max-video-preview:-1\" \/>\n<link rel=\"canonical\" href=\"https:\/\/proteawines.ch\/en\/shop\/wilderer-fynbos-gin\/\" \/>\n<meta property=\"og:locale\" content=\"en_US\" \/>\n<meta property=\"og:type\" content=\"article\" \/>\n<meta property=\"og:title\" content=\"Wilderer Fynbos Gin\" \/>\n<meta property=\"og:description\" content=\"Frische Bl\u00fcten und Kr\u00e4uter werden auf dem Anwesen in Paarl von Hand gepfl\u00fcckt. Edler Weinbrand wird von den besten weissen s\u00fcdafrikanischen Trauben durch\" \/>\n<meta property=\"og:url\" content=\"https:\/\/proteawines.ch\/en\/shop\/wilderer-fynbos-gin\/\" \/>\n<meta property=\"og:site_name\" content=\"Protea Wines\" \/>\n<meta property=\"article:publisher\" content=\"https:\/\/www.facebook.com\/proteawines\/\" \/>\n<meta property=\"article:modified_time\" content=\"2025-08-01T12:56:04+00:00\" \/>\n<meta property=\"og:image\" content=\"https:\/\/proteawines.ch\/wp-content\/uploads\/2024\/09\/Wilderer_Gin.jpg\" \/>\n\t<meta property=\"og:image:width\" content=\"800\" \/>\n\t<meta property=\"og:image:height\" content=\"800\" \/>\n\t<meta property=\"og:image:type\" content=\"image\/jpeg\" \/>\n<meta name=\"twitter:card\" content=\"summary_large_image\" \/>\n<meta name=\"twitter:label1\" content=\"Est. reading time\" \/>\n\t<meta name=\"twitter:data1\" content=\"1 minute\" \/>\n<script type=\"application\/ld+json\" class=\"yoast-schema-graph\">{\"@context\":\"https:\/\/schema.org\",\"@graph\":[{\"@type\":\"WebPage\",\"@id\":\"https:\/\/proteawines.ch\/en\/shop\/wilderer-fynbos-gin\/\",\"url\":\"https:\/\/proteawines.ch\/en\/shop\/wilderer-fynbos-gin\/\",\"name\":\"Wilderer Fynbos Gin - Protea Wines\",\"isPartOf\":{\"@id\":\"https:\/\/proteawines.ch\/en\/#website\"},\"primaryImageOfPage\":{\"@id\":\"https:\/\/proteawines.ch\/en\/shop\/wilderer-fynbos-gin\/#primaryimage\"},\"image\":{\"@id\":\"https:\/\/proteawines.ch\/en\/shop\/wilderer-fynbos-gin\/#primaryimage\"},\"thumbnailUrl\":\"https:\/\/proteawines.ch\/wp-content\/uploads\/2024\/09\/Wilderer_Gin.jpg\",\"datePublished\":\"2017-01-29T14:43:11+00:00\",\"dateModified\":\"2025-08-01T12:56:04+00:00\",\"description\":\"Wilderer Fynbos Gin carries typical gin aromas with spiky resin tones and a pleasant freshness on the nose.\",\"breadcrumb\":{\"@id\":\"https:\/\/proteawines.ch\/en\/shop\/wilderer-fynbos-gin\/#breadcrumb\"},\"inLanguage\":\"en-US\",\"potentialAction\":[{\"@type\":\"ReadAction\",\"target\":[\"https:\/\/proteawines.ch\/en\/shop\/wilderer-fynbos-gin\/\"]}]},{\"@type\":\"ImageObject\",\"inLanguage\":\"en-US\",\"@id\":\"https:\/\/proteawines.ch\/en\/shop\/wilderer-fynbos-gin\/#primaryimage\",\"url\":\"https:\/\/proteawines.ch\/wp-content\/uploads\/2024\/09\/Wilderer_Gin.jpg\",\"contentUrl\":\"https:\/\/proteawines.ch\/wp-content\/uploads\/2024\/09\/Wilderer_Gin.jpg\",\"width\":800,\"height\":800},{\"@type\":\"BreadcrumbList\",\"@id\":\"https:\/\/proteawines.ch\/en\/shop\/wilderer-fynbos-gin\/#breadcrumb\",\"itemListElement\":[{\"@type\":\"ListItem\",\"position\":1,\"name\":\"Startseite\",\"item\":\"https:\/\/proteawines.ch\/en\/\"},{\"@type\":\"ListItem\",\"position\":2,\"name\":\"Wine shop\",\"item\":\"https:\/\/proteawines.ch\/en\/shop\/\"},{\"@type\":\"ListItem\",\"position\":3,\"name\":\"Wilderer Fynbos Gin\"}]},{\"@type\":\"WebSite\",\"@id\":\"https:\/\/proteawines.ch\/en\/#website\",\"url\":\"https:\/\/proteawines.ch\/en\/\",\"name\":\"Protea Wines\",\"description\":\"Exzellente Weine zum besten Preis - Online bestellen, zu Hause geniessen.\",\"publisher\":{\"@id\":\"https:\/\/proteawines.ch\/en\/#organization\"},\"potentialAction\":[{\"@type\":\"SearchAction\",\"target\":{\"@type\":\"EntryPoint\",\"urlTemplate\":\"https:\/\/proteawines.ch\/en\/?s={search_term_string}\"},\"query-input\":{\"@type\":\"PropertyValueSpecification\",\"valueRequired\":true,\"valueName\":\"search_term_string\"}}],\"inLanguage\":\"en-US\"},{\"@type\":\"Organization\",\"@id\":\"https:\/\/proteawines.ch\/en\/#organization\",\"name\":\"Protea Wines\",\"url\":\"https:\/\/proteawines.ch\/en\/\",\"logo\":{\"@type\":\"ImageObject\",\"inLanguage\":\"en-US\",\"@id\":\"https:\/\/proteawines.ch\/en\/#\/schema\/logo\/image\/\",\"url\":\"https:\/\/proteawines.ch\/wp-content\/uploads\/2016\/03\/ProteaWines_logo_rect-1.png\",\"contentUrl\":\"https:\/\/proteawines.ch\/wp-content\/uploads\/2016\/03\/ProteaWines_logo_rect-1.png\",\"width\":500,\"height\":354,\"caption\":\"Protea Wines\"},\"image\":{\"@id\":\"https:\/\/proteawines.ch\/en\/#\/schema\/logo\/image\/\"},\"sameAs\":[\"https:\/\/www.facebook.com\/proteawines\/\",\"https:\/\/www.instagram.com\/proteawines\/\"]}]}<\/script>\n<!-- \/ Yoast SEO Premium plugin. -->","yoast_head_json":{"title":"Wilderer Fynbos Gin - Protea Wines","description":"Wilderer Fynbos Gin carries typical gin aromas with spiky resin tones and a pleasant freshness on the nose.","robots":{"index":"index","follow":"follow","max-snippet":"max-snippet:-1","max-image-preview":"max-image-preview:large","max-video-preview":"max-video-preview:-1"},"canonical":"https:\/\/proteawines.ch\/en\/shop\/wilderer-fynbos-gin\/","og_locale":"en_US","og_type":"article","og_title":"Wilderer Fynbos Gin","og_description":"Frische Bl\u00fcten und Kr\u00e4uter werden auf dem Anwesen in Paarl von Hand gepfl\u00fcckt. Edler Weinbrand wird von den besten weissen s\u00fcdafrikanischen Trauben durch","og_url":"https:\/\/proteawines.ch\/en\/shop\/wilderer-fynbos-gin\/","og_site_name":"Protea Wines","article_publisher":"https:\/\/www.facebook.com\/proteawines\/","article_modified_time":"2025-08-01T12:56:04+00:00","og_image":[{"width":800,"height":800,"url":"https:\/\/proteawines.ch\/wp-content\/uploads\/2024\/09\/Wilderer_Gin.jpg","type":"image\/jpeg"}],"twitter_card":"summary_large_image","twitter_misc":{"Est. reading time":"1 minute"},"schema":{"@context":"https:\/\/schema.org","@graph":[{"@type":"WebPage","@id":"https:\/\/proteawines.ch\/en\/shop\/wilderer-fynbos-gin\/","url":"https:\/\/proteawines.ch\/en\/shop\/wilderer-fynbos-gin\/","name":"Wilderer Fynbos Gin - Protea Wines","isPartOf":{"@id":"https:\/\/proteawines.ch\/en\/#website"},"primaryImageOfPage":{"@id":"https:\/\/proteawines.ch\/en\/shop\/wilderer-fynbos-gin\/#primaryimage"},"image":{"@id":"https:\/\/proteawines.ch\/en\/shop\/wilderer-fynbos-gin\/#primaryimage"},"thumbnailUrl":"https:\/\/proteawines.ch\/wp-content\/uploads\/2024\/09\/Wilderer_Gin.jpg","datePublished":"2017-01-29T14:43:11+00:00","dateModified":"2025-08-01T12:56:04+00:00","description":"Wilderer Fynbos Gin carries typical gin aromas with spiky resin tones and a pleasant freshness on the nose.","breadcrumb":{"@id":"https:\/\/proteawines.ch\/en\/shop\/wilderer-fynbos-gin\/#breadcrumb"},"inLanguage":"en-US","potentialAction":[{"@type":"ReadAction","target":["https:\/\/proteawines.ch\/en\/shop\/wilderer-fynbos-gin\/"]}]},{"@type":"ImageObject","inLanguage":"en-US","@id":"https:\/\/proteawines.ch\/en\/shop\/wilderer-fynbos-gin\/#primaryimage","url":"https:\/\/proteawines.ch\/wp-content\/uploads\/2024\/09\/Wilderer_Gin.jpg","contentUrl":"https:\/\/proteawines.ch\/wp-content\/uploads\/2024\/09\/Wilderer_Gin.jpg","width":800,"height":800},{"@type":"BreadcrumbList","@id":"https:\/\/proteawines.ch\/en\/shop\/wilderer-fynbos-gin\/#breadcrumb","itemListElement":[{"@type":"ListItem","position":1,"name":"Startseite","item":"https:\/\/proteawines.ch\/en\/"},{"@type":"ListItem","position":2,"name":"Wine shop","item":"https:\/\/proteawines.ch\/en\/shop\/"},{"@type":"ListItem","position":3,"name":"Wilderer Fynbos Gin"}]},{"@type":"WebSite","@id":"https:\/\/proteawines.ch\/en\/#website","url":"https:\/\/proteawines.ch\/en\/","name":"Protea Wines","description":"Exzellente Weine zum besten Preis - Online bestellen, zu Hause geniessen.","publisher":{"@id":"https:\/\/proteawines.ch\/en\/#organization"},"potentialAction":[{"@type":"SearchAction","target":{"@type":"EntryPoint","urlTemplate":"https:\/\/proteawines.ch\/en\/?s={search_term_string}"},"query-input":{"@type":"PropertyValueSpecification","valueRequired":true,"valueName":"search_term_string"}}],"inLanguage":"en-US"},{"@type":"Organization","@id":"https:\/\/proteawines.ch\/en\/#organization","name":"Protea Wines","url":"https:\/\/proteawines.ch\/en\/","logo":{"@type":"ImageObject","inLanguage":"en-US","@id":"https:\/\/proteawines.ch\/en\/#\/schema\/logo\/image\/","url":"https:\/\/proteawines.ch\/wp-content\/uploads\/2016\/03\/ProteaWines_logo_rect-1.png","contentUrl":"https:\/\/proteawines.ch\/wp-content\/uploads\/2016\/03\/ProteaWines_logo_rect-1.png","width":500,"height":354,"caption":"Protea Wines"},"image":{"@id":"https:\/\/proteawines.ch\/en\/#\/schema\/logo\/image\/"},"sameAs":["https:\/\/www.facebook.com\/proteawines\/","https:\/\/www.instagram.com\/proteawines\/"]}]}},"uagb_featured_image_src":{"full":["https:\/\/proteawines.ch\/wp-content\/uploads\/2024\/09\/Wilderer_Gin.jpg",800,800,false],"thumbnail":["https:\/\/proteawines.ch\/wp-content\/uploads\/2024\/09\/Wilderer_Gin-150x150.jpg",150,150,true],"medium":["https:\/\/proteawines.ch\/wp-content\/uploads\/2024\/09\/Wilderer_Gin-300x300.jpg",300,300,true],"medium_large":["https:\/\/proteawines.ch\/wp-content\/uploads\/2024\/09\/Wilderer_Gin-768x768.jpg",768,768,true],"large":["https:\/\/proteawines.ch\/wp-content\/uploads\/2024\/09\/Wilderer_Gin.jpg",800,800,false],"1536x1536":["https:\/\/proteawines.ch\/wp-content\/uploads\/2024\/09\/Wilderer_Gin.jpg",800,800,false],"2048x2048":["https:\/\/proteawines.ch\/wp-content\/uploads\/2024\/09\/Wilderer_Gin.jpg",800,800,false],"woocommerce_thumbnail":["https:\/\/proteawines.ch\/wp-content\/uploads\/2024\/09\/Wilderer_Gin-450x450.jpg",450,450,true],"woocommerce_single":["https:\/\/proteawines.ch\/wp-content\/uploads\/2024\/09\/Wilderer_Gin-555x555.jpg",555,555,true],"woocommerce_gallery_thumbnail":["https:\/\/proteawines.ch\/wp-content\/uploads\/2024\/09\/Wilderer_Gin-100x100.jpg",100,100,true]},"uagb_author_info":{"display_name":"Protea Wines","author_link":"https:\/\/proteawines.ch\/en\/author\/"},"uagb_comment_info":0,"uagb_excerpt":"Frische Bl\u00fcten und Kr\u00e4uter werden auf dem Anwesen in Paarl von Hand gepfl\u00fcckt. Edler Weinbrand wird von den besten weissen s\u00fcdafrikanischen Trauben durch umfangreiche fraktionierte Destillation gewonnen. Das Resultat: Ein extrem sanfter und neutraler Grundalkohol unvergleichlicher Qualit\u00e4t. Die hochwertigen Wacholderbeeren sowie die restlichen Kr\u00e4uter werden maseriert zu Bildung der Plattform, um alle 27 Zutaten harmonisch,&hellip;","_links":{"self":[{"href":"https:\/\/proteawines.ch\/en\/wp-json\/wp\/v2\/product\/16788","targetHints":{"allow":["GET"]}}],"collection":[{"href":"https:\/\/proteawines.ch\/en\/wp-json\/wp\/v2\/product"}],"about":[{"href":"https:\/\/proteawines.ch\/en\/wp-json\/wp\/v2\/types\/product"}],"wp:featuredmedia":[{"embeddable":true,"href":"https:\/\/proteawines.ch\/en\/wp-json\/wp\/v2\/media\/21183"}],"wp:attachment":[{"href":"https:\/\/proteawines.ch\/en\/wp-json\/wp\/v2\/media?parent=16788"}],"wp:term":[{"taxonomy":"product_brand","embeddable":true,"href":"https:\/\/proteawines.ch\/en\/wp-json\/wp\/v2\/product_brand?post=16788"},{"taxonomy":"product_cat","embeddable":true,"href":"https:\/\/proteawines.ch\/en\/wp-json\/wp\/v2\/product_cat?post=16788"},{"taxonomy":"product_tag","embeddable":true,"href":"https:\/\/proteawines.ch\/en\/wp-json\/wp\/v2\/product_tag?post=16788"}],"curies":[{"name":"wp","href":"https:\/\/api.w.org\/{rel}","templated":true}]}}